{"id":4327,"date":"2025-05-24T13:19:22","date_gmt":"2025-05-24T13:19:22","guid":{"rendered":"http:\/\/15.237.143.28\/?page_id=4327"},"modified":"2026-01-26T13:33:28","modified_gmt":"2026-01-26T13:33:28","slug":"affiliation","status":"publish","type":"page","link":"https:\/\/guidly.fr\/en\/affiliation\/","title":{"rendered":"Affiliate Program"},"content":{"rendered":"<div data-elementor-type=\"wp-page\" data-elementor-id=\"4327\" class=\"elementor elementor-4327\">\n\t\t\t\t<div class=\"elementor-element elementor-element-9b2fc70 e-flex e-con-boxed e-con e-parent\" data-id=\"9b2fc70\" data-element_type=\"container\" data-e-type=\"container\">\n\t\t\t\t\t<div class=\"e-con-inner\">\n\t\t\t\t<div class=\"elementor-element elementor-element-1aabea4 elementor-widget elementor-widget-text-editor\" data-id=\"1aabea4\" data-element_type=\"widget\" data-e-type=\"widget\" data-widget_type=\"text-editor.default\">\n\t\t\t\t\t\t\t\t\t<h2 style=\"text-align: center;\">Want to join our affiliate program?<\/h2>\t\t\t\t\t\t\t\t<\/div>\n\t\t\t\t\t<\/div>\n\t\t\t\t<\/div>\n\t\t<div class=\"elementor-element elementor-element-4872cdc e-flex e-con-boxed e-con e-parent\" data-id=\"4872cdc\" data-element_type=\"container\" data-e-type=\"container\">\n\t\t\t\t\t<div class=\"e-con-inner\">\n\t\t\t\t<div class=\"elementor-element elementor-element-5e936a7 elementor-widget elementor-widget-text-editor\" data-id=\"5e936a7\" data-element_type=\"widget\" data-e-type=\"widget\" data-widget_type=\"text-editor.default\">\n\t\t\t\t\t\t\t\t\t<h4 style=\"text-align: center;\"><span style=\"color: #eb5c68;\">Become a Guidly affiliate and earn a commission on all purchases generated!<\/span><\/h4><p style=\"text-align: center;\" data-start=\"224\" data-end=\"513\"><strong data-start=\"224\" data-end=\"247\">How does it work?<\/strong><br data-start=\"247\" data-end=\"250\" \/>Users purchase a Guidly pass through your affiliate link.<br data-start=\"314\" data-end=\"317\" \/>They then receive an access code by email to unlock their pass on the application.<br data-start=\"408\" data-end=\"411\" \/>You receive 10 % of the amount of the pass purchased, and each month, we pay you what you have earned \ud83c\udf89<\/p><p style=\"text-align: center;\" data-start=\"515\" data-end=\"663\">Creating your affiliate space is done in 2 steps:<br data-start=\"572\" data-end=\"575\" \/>1 \u2013 Creating your payment account<br data-start=\"618\" data-end=\"621\" \/>2 \u2013 The creation of your <a href=\"https:\/\/guidly.fr\/en\/affiliation-dashboard\/\">affiliated dashboard<\/a><\/p>\t\t\t\t\t\t\t\t<\/div>\n\t\t\t\t\t<\/div>\n\t\t\t\t<\/div>\n\t\t<div class=\"elementor-element elementor-element-8fbcd56 e-flex e-con-boxed e-con e-parent\" data-id=\"8fbcd56\" data-element_type=\"container\" data-e-type=\"container\">\n\t\t\t\t\t<div class=\"e-con-inner\">\n\t\t\t\t<div class=\"elementor-element elementor-element-93ebf64 elementor-widget elementor-widget-button\" data-id=\"93ebf64\" data-element_type=\"widget\" data-e-type=\"widget\" data-widget_type=\"button.default\">\n\t\t\t\t\t\t\t\t\t\t<a class=\"elementor-button elementor-button-link elementor-size-sm\" href=\"#\" id=\"onboard-btn\">\n\t\t\t\t\t\t<span class=\"elementor-button-content-wrapper\">\n\t\t\t\t\t\t\t\t\t<span class=\"elementor-button-text\">I&#039;m becoming an affiliate!<\/span>\n\t\t\t\t\t<\/span>\n\t\t\t\t\t<\/a>\n\t\t\t\t\t\t\t\t<\/div>\n\t\t\t\t\t<\/div>\n\t\t\t\t<\/div>\n\t\t<div class=\"elementor-element elementor-element-47f0c1c e-flex e-con-boxed e-con e-parent\" data-id=\"47f0c1c\" data-element_type=\"container\" data-e-type=\"container\">\n\t\t\t\t\t<div class=\"e-con-inner\">\n\t\t\t\t<div class=\"elementor-element elementor-element-9eb0aab elementor-widget elementor-widget-text-editor\" data-id=\"9eb0aab\" data-element_type=\"widget\" data-e-type=\"widget\" data-widget_type=\"text-editor.default\">\n\t\t\t\t\t\t\t\t\t<h4 style=\"text-align: center;\">Already a member of the program? Go to your dashboard.<\/h4>\t\t\t\t\t\t\t\t<\/div>\n\t\t\t\t\t<\/div>\n\t\t\t\t<\/div>\n\t\t<div class=\"elementor-element elementor-element-796ce4bf e-flex e-con-boxed e-con e-parent\" data-id=\"796ce4bf\" data-element_type=\"container\" data-e-type=\"container\">\n\t\t\t\t\t<div class=\"e-con-inner\">\n\t\t\t\t<div class=\"elementor-element elementor-element-7694c4b6 elementor-widget elementor-widget-button\" data-id=\"7694c4b6\" data-element_type=\"widget\" data-e-type=\"widget\" data-widget_type=\"button.default\">\n\t\t\t\t\t\t\t\t\t\t<a class=\"elementor-button elementor-button-link elementor-size-sm\" href=\"http:\/\/guidly.promotekit.com\" id=\"onboard-btn\">\n\t\t\t\t\t\t<span class=\"elementor-button-content-wrapper\">\n\t\t\t\t\t\t\t\t\t<span class=\"elementor-button-text\">See my dashboard<\/span>\n\t\t\t\t\t<\/span>\n\t\t\t\t\t<\/a>\n\t\t\t\t\t\t\t\t<\/div>\n\t\t\t\t\t<\/div>\n\t\t\t\t<\/div>\n\t\t<div class=\"elementor-element elementor-element-674bcf5 e-flex e-con-boxed e-con e-parent\" data-id=\"674bcf5\" data-element_type=\"container\" data-e-type=\"container\">\n\t\t\t\t\t<div class=\"e-con-inner\">\n\t\t\t\t<div class=\"elementor-element elementor-element-5db2b41 elementor-widget elementor-widget-html\" data-id=\"5db2b41\" data-element_type=\"widget\" data-e-type=\"widget\" data-widget_type=\"html.default\">\n\t\t\t\t\t<script>\ndocument.getElementById('onboard-btn').addEventListener('click', async () => {\n  try {\n    const response = await fetch('https:\/\/fyv39sq86d.execute-api.eu-west-3.amazonaws.com\/prod-v3\/create-connect-account', {\n      method: 'POST',\n      headers: {\n        'Content-Type': 'application\/json',\n        'X-Api-Key': 'pzSKIPM2vd1W9oYrGk7sI6FRAyTb22R35JQXGTP2',\n      },\n    });\n\n    const data = await response.json();\n    console.log(JSON.stringify(data));\n\n    if (data.onboardingLink && data.onboardingLink.url) {\n      window.location.href = data.onboardingLink.url;\n    } else {\n      alert('Erreur : impossible de cr\u00e9er un compte pour l\u2019instant.');\n    }\n  } catch (error) {\n    console.error('Erreur:', error);\n    \/\/alert('Une erreur est survenue.');\n  }\n});\n<\/script>\n\t\t\t\t<\/div>\n\t\t\t\t\t<\/div>\n\t\t\t\t<\/div>\n\t\t\t\t<section class=\"elementor-section elementor-top-section elementor-element elementor-element-b79d7d5 elementor-section-boxed elementor-section-height-default elementor-section-height-default acm_section_full right\" data-id=\"b79d7d5\" data-element_type=\"section\" data-e-type=\"section\">\n\t\t\t\t\t\t<div class=\"elementor-container elementor-column-gap-default\">\n\t\t\t\t\t<div class=\"elementor-column elementor-col-50 elementor-top-column elementor-element elementor-element-9ba16d5\" data-id=\"9ba16d5\" data-element_type=\"column\" data-e-type=\"column\">\n\t\t\t<div class=\"elementor-widget-wrap elementor-element-populated\">\n\t\t\t\t\t\t<div class=\"elementor-element elementor-element-e769bf3 elementor-widget elementor-widget-image\" data-id=\"e769bf3\" data-element_type=\"widget\" data-e-type=\"widget\" data-widget_type=\"image.default\">\n\t\t\t\t\t\t\t\t\t\t\t\t\t\t\t<img fetchpriority=\"high\" decoding=\"async\" width=\"350\" height=\"350\" src=\"https:\/\/guidly.fr\/wp-content\/uploads\/2025\/05\/Design-sans-titre-3.jpg\" class=\"attachment-medium_large size-medium_large wp-image-5413\" alt=\"Mascotte Guidly\" srcset=\"https:\/\/guidly.fr\/wp-content\/uploads\/2025\/05\/Design-sans-titre-3.jpg 350w, https:\/\/guidly.fr\/wp-content\/uploads\/2025\/05\/Design-sans-titre-3-300x300.jpg 300w, https:\/\/guidly.fr\/wp-content\/uploads\/2025\/05\/Design-sans-titre-3-150x150.jpg 150w\" sizes=\"(max-width: 350px) 100vw, 350px\" \/>\t\t\t\t\t\t\t\t\t\t\t\t\t\t\t<\/div>\n\t\t\t\t\t<\/div>\n\t\t<\/div>\n\t\t\t\t<div class=\"elementor-column elementor-col-50 elementor-top-column elementor-element elementor-element-ff6c1e0\" data-id=\"ff6c1e0\" data-element_type=\"column\" data-e-type=\"column\">\n\t\t\t<div class=\"elementor-widget-wrap elementor-element-populated\">\n\t\t\t\t\t\t<div class=\"elementor-element elementor-element-2baeb29 elementor-widget elementor-widget-heading\" data-id=\"2baeb29\" data-element_type=\"widget\" data-e-type=\"widget\" data-widget_type=\"heading.default\">\n\t\t\t\t\t<h2 class=\"elementor-heading-title elementor-size-default\">Do you have a question?<\/h2>\t\t\t\t<\/div>\n\t\t\t\t<div class=\"elementor-element elementor-element-8a1ab43 content-align--left elementor-widget elementor-widget-apper_icon_box\" data-id=\"8a1ab43\" data-element_type=\"widget\" data-e-type=\"widget\" data-widget_type=\"apper_icon_box.default\">\n\t\t\t\t<div class=\"elementor-widget-container\">\n\t\t\t\t\t\n\t\t<div class=\"acm-iconbox icon-left\">\n\t\t\t<div class=\"iconbox-wrap    align-left icon-type-filled\">\n\t\t\t\t<div class=\"acm-icon\">\n\t\t\t\t\t<i aria-hidden=\"true\" class=\"icon icon-envelope\"><\/i>\t\t\t\t<\/div>\n\t\t\t\t<div class=\"acm-icon-content\">\n\t\t\t\t\t<div class=\"acm-icon-heading\">\n\t\t\t\t\t\tE-mail\t\t\t\t\t<\/div>\n\t\t\t\t\t<div class=\"acm-icon-desc\">\n\t\t\t\t\t\tkenza.yahiaoui@guidly.fr\t\t\t\t\t<\/div>\n\t\t\t\t<\/div>\n\t\t\t<\/div>\n\t\t<\/div>\n\n\t\t\t\t\t\t<\/div>\n\t\t\t\t<\/div>\n\t\t\t\t<div class=\"elementor-element elementor-element-769e649 content-align--left elementor-widget elementor-widget-apper_icon_box\" data-id=\"769e649\" data-element_type=\"widget\" data-e-type=\"widget\" data-widget_type=\"apper_icon_box.default\">\n\t\t\t\t<div class=\"elementor-widget-container\">\n\t\t\t\t\t\n\t\t<div class=\"acm-iconbox icon-left\">\n\t\t\t<div class=\"iconbox-wrap    align-left icon-type-filled\">\n\t\t\t\t<div class=\"acm-icon\">\n\t\t\t\t\t<i aria-hidden=\"true\" class=\"icon icon-phone\"><\/i>\t\t\t\t<\/div>\n\t\t\t\t<div class=\"acm-icon-content\">\n\t\t\t\t\t<div class=\"acm-icon-heading\">\n\t\t\t\t\t\tPhone\t\t\t\t\t<\/div>\n\t\t\t\t\t<div class=\"acm-icon-desc\">\n\t\t\t\t\t\t+33 7 50 86 34 50\t\t\t\t\t<\/div>\n\t\t\t\t<\/div>\n\t\t\t<\/div>\n\t\t<\/div>\n\n\t\t\t\t\t\t<\/div>\n\t\t\t\t<\/div>\n\t\t\t\t<div class=\"elementor-element elementor-element-f94b97b content-align--left elementor-widget elementor-widget-apper_icon_box\" data-id=\"f94b97b\" data-element_type=\"widget\" data-e-type=\"widget\" data-widget_type=\"apper_icon_box.default\">\n\t\t\t\t<div class=\"elementor-widget-container\">\n\t\t\t\t\t\n\t\t<div class=\"acm-iconbox icon-left\">\n\t\t\t<div class=\"iconbox-wrap    align-left icon-type-filled\">\n\t\t\t\t<div class=\"acm-icon\">\n\t\t\t\t\t<i aria-hidden=\"true\" class=\"icon icon-location-pin\"><\/i>\t\t\t\t<\/div>\n\t\t\t\t<div class=\"acm-icon-content\">\n\t\t\t\t\t<div class=\"acm-icon-heading\">\n\t\t\t\t\t\tOur Location\t\t\t\t\t<\/div>\n\t\t\t\t\t<div class=\"acm-icon-desc\">\n\t\t\t\t\t\t60 Rue Fran\u00e7ois 1er Paris 75008\t\t\t\t\t<\/div>\n\t\t\t\t<\/div>\n\t\t\t<\/div>\n\t\t<\/div>\n\n\t\t\t\t\t\t<\/div>\n\t\t\t\t<\/div>\n\t\t\t\t\t<\/div>\n\t\t<\/div>\n\t\t\t\t\t<\/div>\n\t\t<\/section>\n\t\t\t\t<\/div>","protected":false},"excerpt":{"rendered":"<p>Envie de rejoindre notre programme d\u2019affiliation ? Devenez affili\u00e9 Guidly et gagnez une commission sur tous les achats g\u00e9n\u00e9r\u00e9s ! Comment \u00e7a marche ?Les utilisateurs ach\u00e8tent un pass Guidly via votre lien affili\u00e9.Ils re\u00e7oivent ensuite un code d&rsquo;acc\u00e8s par email pour d\u00e9bloquer leur pass sur l&rsquo;application.Vous recevez 10 % du montant du pass achet\u00e9, et [&hellip;]<\/p>\n","protected":false},"author":1,"featured_media":0,"parent":0,"menu_order":0,"comment_status":"closed","ping_status":"closed","template":"","meta":{"footnotes":""},"class_list":["post-4327","page","type-page","status-publish","hentry","entry"],"yoast_head":"<!-- This site is optimized with the Yoast SEO plugin v27.2 - https:\/\/yoast.com\/product\/yoast-seo-wordpress\/ -->\n<title>Programme d\u2019affiliation - Guidly<\/title>\n<meta name=\"description\" content=\"Voici une meta description optimis\u00e9e SEO + conversion : Rejoignez le programme d\u2019affiliation voyage Guidly et gagnez de l\u2019argent avec une app de guide IA dispo dans le monde entier !\" \/>\n<meta name=\"robots\" content=\"index, follow, max-snippet:-1, max-image-preview:large, max-video-preview:-1\" \/>\n<link rel=\"canonical\" href=\"https:\/\/guidly.fr\/en\/affiliation\/\" \/>\n<meta property=\"og:locale\" content=\"en_GB\" \/>\n<meta property=\"og:type\" content=\"article\" \/>\n<meta property=\"og:title\" content=\"Programme d\u2019affiliation - Guidly\" \/>\n<meta property=\"og:description\" content=\"Voici une meta description optimis\u00e9e SEO + conversion : Rejoignez le programme d\u2019affiliation voyage Guidly et gagnez de l\u2019argent avec une app de guide IA dispo dans le monde entier !\" \/>\n<meta property=\"og:url\" content=\"https:\/\/guidly.fr\/en\/affiliation\/\" \/>\n<meta property=\"og:site_name\" content=\"Guidly\" \/>\n<meta property=\"article:modified_time\" content=\"2026-01-26T13:33:28+00:00\" \/>\n<meta property=\"og:image\" content=\"https:\/\/guidly.fr\/wp-content\/uploads\/2025\/05\/Design-sans-titre-3.jpg\" \/>\n<meta name=\"twitter:card\" content=\"summary_large_image\" \/>\n<meta name=\"twitter:site\" content=\"@guidly_app\" \/>\n<meta name=\"twitter:label1\" content=\"Estimated reading time\" \/>\n\t<meta name=\"twitter:data1\" content=\"1 minute\" \/>\n<script type=\"application\/ld+json\" class=\"yoast-schema-graph\">{\"@context\":\"https:\/\/schema.org\",\"@graph\":[{\"@type\":\"WebPage\",\"@id\":\"https:\/\/guidly.fr\/affiliation\/\",\"url\":\"https:\/\/guidly.fr\/affiliation\/\",\"name\":\"Programme d\u2019affiliation - Guidly\",\"isPartOf\":{\"@id\":\"https:\/\/guidly.fr\/#website\"},\"primaryImageOfPage\":{\"@id\":\"https:\/\/guidly.fr\/affiliation\/#primaryimage\"},\"image\":{\"@id\":\"https:\/\/guidly.fr\/affiliation\/#primaryimage\"},\"thumbnailUrl\":\"https:\/\/guidly.fr\/wp-content\/uploads\/2025\/05\/Design-sans-titre-3.jpg\",\"datePublished\":\"2025-05-24T13:19:22+00:00\",\"dateModified\":\"2026-01-26T13:33:28+00:00\",\"description\":\"Voici une meta description optimis\u00e9e SEO + conversion : Rejoignez le programme d\u2019affiliation voyage Guidly et gagnez de l\u2019argent avec une app de guide IA dispo dans le monde entier !\",\"breadcrumb\":{\"@id\":\"https:\/\/guidly.fr\/affiliation\/#breadcrumb\"},\"inLanguage\":\"en-GB\",\"potentialAction\":[{\"@type\":\"ReadAction\",\"target\":[\"https:\/\/guidly.fr\/affiliation\/\"]}]},{\"@type\":\"ImageObject\",\"inLanguage\":\"en-GB\",\"@id\":\"https:\/\/guidly.fr\/affiliation\/#primaryimage\",\"url\":\"https:\/\/guidly.fr\/wp-content\/uploads\/2025\/05\/Design-sans-titre-3.jpg\",\"contentUrl\":\"https:\/\/guidly.fr\/wp-content\/uploads\/2025\/05\/Design-sans-titre-3.jpg\"},{\"@type\":\"BreadcrumbList\",\"@id\":\"https:\/\/guidly.fr\/affiliation\/#breadcrumb\",\"itemListElement\":[{\"@type\":\"ListItem\",\"position\":1,\"name\":\"Accueil\",\"item\":\"https:\/\/guidly.fr\/\"},{\"@type\":\"ListItem\",\"position\":2,\"name\":\"Programme d\u2019affiliation\"}]},{\"@type\":\"WebSite\",\"@id\":\"https:\/\/guidly.fr\/#website\",\"url\":\"https:\/\/guidly.fr\/\",\"name\":\"GUIDLY\",\"description\":\"D\u00e9couvre le monde, une anecdote \u00e0 la fois\",\"publisher\":{\"@id\":\"https:\/\/guidly.fr\/#organization\"},\"alternateName\":\"guidly\",\"potentialAction\":[{\"@type\":\"SearchAction\",\"target\":{\"@type\":\"EntryPoint\",\"urlTemplate\":\"https:\/\/guidly.fr\/?s={search_term_string}\"},\"query-input\":{\"@type\":\"PropertyValueSpecification\",\"valueRequired\":true,\"valueName\":\"search_term_string\"}}],\"inLanguage\":\"en-GB\"},{\"@type\":\"Organization\",\"@id\":\"https:\/\/guidly.fr\/#organization\",\"name\":\"GUIDLY\",\"url\":\"https:\/\/guidly.fr\/\",\"logo\":{\"@type\":\"ImageObject\",\"inLanguage\":\"en-GB\",\"@id\":\"https:\/\/guidly.fr\/#\/schema\/logo\/image\/\",\"url\":\"https:\/\/guidly.fr\/wp-content\/uploads\/2025\/04\/Logo-512-x-512-px-2.png\",\"contentUrl\":\"https:\/\/guidly.fr\/wp-content\/uploads\/2025\/04\/Logo-512-x-512-px-2.png\",\"width\":512,\"height\":512,\"caption\":\"GUIDLY\"},\"image\":{\"@id\":\"https:\/\/guidly.fr\/#\/schema\/logo\/image\/\"},\"sameAs\":[\"https:\/\/x.com\/guidly_app\",\"https:\/\/www.instagram.com\/guidly_app\/\",\"https:\/\/www.tiktok.com\/@guidly_app\"]}]}<\/script>\n<!-- \/ Yoast SEO plugin. -->","yoast_head_json":{"title":"Affiliate Program - Guidly","description":"Here&#039;s an SEO + conversion optimized meta description: Join the Guidly travel affiliate program and earn money with an AI guide app available worldwide!","robots":{"index":"index","follow":"follow","max-snippet":"max-snippet:-1","max-image-preview":"max-image-preview:large","max-video-preview":"max-video-preview:-1"},"canonical":"https:\/\/guidly.fr\/en\/affiliation\/","og_locale":"en_GB","og_type":"article","og_title":"Programme d\u2019affiliation - Guidly","og_description":"Voici une meta description optimis\u00e9e SEO + conversion : Rejoignez le programme d\u2019affiliation voyage Guidly et gagnez de l\u2019argent avec une app de guide IA dispo dans le monde entier !","og_url":"https:\/\/guidly.fr\/en\/affiliation\/","og_site_name":"Guidly","article_modified_time":"2026-01-26T13:33:28+00:00","og_image":[{"url":"https:\/\/guidly.fr\/wp-content\/uploads\/2025\/05\/Design-sans-titre-3.jpg","type":"","width":"","height":""}],"twitter_card":"summary_large_image","twitter_site":"@guidly_app","twitter_misc":{"Estimated reading time":"1 minute"},"schema":{"@context":"https:\/\/schema.org","@graph":[{"@type":"WebPage","@id":"https:\/\/guidly.fr\/affiliation\/","url":"https:\/\/guidly.fr\/affiliation\/","name":"Affiliate Program - Guidly","isPartOf":{"@id":"https:\/\/guidly.fr\/#website"},"primaryImageOfPage":{"@id":"https:\/\/guidly.fr\/affiliation\/#primaryimage"},"image":{"@id":"https:\/\/guidly.fr\/affiliation\/#primaryimage"},"thumbnailUrl":"https:\/\/guidly.fr\/wp-content\/uploads\/2025\/05\/Design-sans-titre-3.jpg","datePublished":"2025-05-24T13:19:22+00:00","dateModified":"2026-01-26T13:33:28+00:00","description":"Here&#039;s an SEO + conversion optimized meta description: Join the Guidly travel affiliate program and earn money with an AI guide app available worldwide!","breadcrumb":{"@id":"https:\/\/guidly.fr\/affiliation\/#breadcrumb"},"inLanguage":"en-GB","potentialAction":[{"@type":"ReadAction","target":["https:\/\/guidly.fr\/affiliation\/"]}]},{"@type":"ImageObject","inLanguage":"en-GB","@id":"https:\/\/guidly.fr\/affiliation\/#primaryimage","url":"https:\/\/guidly.fr\/wp-content\/uploads\/2025\/05\/Design-sans-titre-3.jpg","contentUrl":"https:\/\/guidly.fr\/wp-content\/uploads\/2025\/05\/Design-sans-titre-3.jpg"},{"@type":"BreadcrumbList","@id":"https:\/\/guidly.fr\/affiliation\/#breadcrumb","itemListElement":[{"@type":"ListItem","position":1,"name":"Accueil","item":"https:\/\/guidly.fr\/"},{"@type":"ListItem","position":2,"name":"Programme d\u2019affiliation"}]},{"@type":"WebSite","@id":"https:\/\/guidly.fr\/#website","url":"https:\/\/guidly.fr\/","name":"GUIDLY","description":"Discover the world, one anecdote at a time","publisher":{"@id":"https:\/\/guidly.fr\/#organization"},"alternateName":"guidly","potentialAction":[{"@type":"SearchAction","target":{"@type":"EntryPoint","urlTemplate":"https:\/\/guidly.fr\/?s={search_term_string}"},"query-input":{"@type":"PropertyValueSpecification","valueRequired":true,"valueName":"search_term_string"}}],"inLanguage":"en-GB"},{"@type":"Organization","@id":"https:\/\/guidly.fr\/#organization","name":"GUIDLY","url":"https:\/\/guidly.fr\/","logo":{"@type":"ImageObject","inLanguage":"en-GB","@id":"https:\/\/guidly.fr\/#\/schema\/logo\/image\/","url":"https:\/\/guidly.fr\/wp-content\/uploads\/2025\/04\/Logo-512-x-512-px-2.png","contentUrl":"https:\/\/guidly.fr\/wp-content\/uploads\/2025\/04\/Logo-512-x-512-px-2.png","width":512,"height":512,"caption":"GUIDLY"},"image":{"@id":"https:\/\/guidly.fr\/#\/schema\/logo\/image\/"},"sameAs":["https:\/\/x.com\/guidly_app","https:\/\/www.instagram.com\/guidly_app\/","https:\/\/www.tiktok.com\/@guidly_app"]}]}},"_links":{"self":[{"href":"https:\/\/guidly.fr\/en\/wp-json\/wp\/v2\/pages\/4327","targetHints":{"allow":["GET"]}}],"collection":[{"href":"https:\/\/guidly.fr\/en\/wp-json\/wp\/v2\/pages"}],"about":[{"href":"https:\/\/guidly.fr\/en\/wp-json\/wp\/v2\/types\/page"}],"author":[{"embeddable":true,"href":"https:\/\/guidly.fr\/en\/wp-json\/wp\/v2\/users\/1"}],"replies":[{"embeddable":true,"href":"https:\/\/guidly.fr\/en\/wp-json\/wp\/v2\/comments?post=4327"}],"version-history":[{"count":77,"href":"https:\/\/guidly.fr\/en\/wp-json\/wp\/v2\/pages\/4327\/revisions"}],"predecessor-version":[{"id":7763,"href":"https:\/\/guidly.fr\/en\/wp-json\/wp\/v2\/pages\/4327\/revisions\/7763"}],"wp:attachment":[{"href":"https:\/\/guidly.fr\/en\/wp-json\/wp\/v2\/media?parent=4327"}],"curies":[{"name":"wp","href":"https:\/\/api.w.org\/{rel}","templated":true}]}}