{"id":6590,"date":"2025-07-01T07:43:45","date_gmt":"2025-07-01T07:43:45","guid":{"rendered":"https:\/\/guidly.fr\/?page_id=6590"},"modified":"2026-03-25T17:35:37","modified_gmt":"2026-03-25T17:35:37","slug":"affiliation-dashboard","status":"publish","type":"page","link":"https:\/\/guidly.fr\/en\/affiliation-dashboard\/","title":{"rendered":"Affiliation dashboard"},"content":{"rendered":"<div data-elementor-type=\"wp-page\" data-elementor-id=\"6590\" class=\"elementor elementor-6590\">\n\t\t\t\t<div class=\"elementor-element elementor-element-7166f49 e-flex e-con-boxed e-con e-parent\" data-id=\"7166f49\" data-element_type=\"container\" data-e-type=\"container\">\n\t\t\t\t\t<div class=\"e-con-inner\">\n\t\t\t\t<div class=\"elementor-element elementor-element-abaa4b6 elementor-widget elementor-widget-text-editor\" data-id=\"abaa4b6\" data-element_type=\"widget\" data-e-type=\"widget\" data-widget_type=\"text-editor.default\">\n\t\t\t\t\t\t\t\t\t<h1 style=\"text-align: center;\">Creating your affiliate dashboard\u00a0<\/h1>\t\t\t\t\t\t\t\t<\/div>\n\t\t\t\t\t<\/div>\n\t\t\t\t<\/div>\n\t\t<div class=\"elementor-element elementor-element-5323271 e-flex e-con-boxed e-con e-parent\" data-id=\"5323271\" data-element_type=\"container\" data-e-type=\"container\">\n\t\t\t\t\t<div class=\"e-con-inner\">\n\t\t\t\t<div class=\"elementor-element elementor-element-bfe3dbc elementor-widget elementor-widget-text-editor\" data-id=\"bfe3dbc\" data-element_type=\"widget\" data-e-type=\"widget\" data-widget_type=\"text-editor.default\">\n\t\t\t\t\t\t\t\t\t<h4 style=\"text-align: center;\"><span style=\"color: #eb5c68;\">Congratulations, you have successfully created your billing account!\u00a0<\/span><\/h4><p style=\"text-align: center;\" data-start=\"248\" data-end=\"415\"><strong data-start=\"248\" data-end=\"308\">Last step: creating your affiliate dashboard.<\/strong><br data-start=\"308\" data-end=\"311\" \/>This is where you can track the number of clicks on your affiliate link and the commissions generated.<\/p><p style=\"text-align: center;\" data-start=\"417\" data-end=\"517\">Once your account is created,<br data-start=\"444\" data-end=\"447\" \/>you will be able to use your affiliate link on all your platforms \ud83c\udf89<\/p>\t\t\t\t\t\t\t\t<\/div>\n\t\t\t\t\t<\/div>\n\t\t\t\t<\/div>\n\t\t<div class=\"elementor-element elementor-element-5a6591db e-flex e-con-boxed e-con e-parent\" data-id=\"5a6591db\" data-element_type=\"container\" data-e-type=\"container\">\n\t\t\t\t\t<div class=\"e-con-inner\">\n\t\t\t\t<div class=\"elementor-element elementor-element-34110106 elementor-widget elementor-widget-button\" data-id=\"34110106\" data-element_type=\"widget\" data-e-type=\"widget\" data-widget_type=\"button.default\">\n\t\t\t\t\t\t\t\t\t\t<a class=\"elementor-button elementor-button-link elementor-size-sm\" href=\"https:\/\/guidly.promotekit.com\/\" id=\"onboard-btn\">\n\t\t\t\t\t\t<span class=\"elementor-button-content-wrapper\">\n\t\t\t\t\t\t\t\t\t<span class=\"elementor-button-text\">Create my affiliate dashboard!<\/span>\n\t\t\t\t\t<\/span>\n\t\t\t\t\t<\/a>\n\t\t\t\t\t\t\t\t<\/div>\n\t\t\t\t\t<\/div>\n\t\t\t\t<\/div>\n\t\t\t\t<\/div>","protected":false},"excerpt":{"rendered":"<p>Cr\u00e9ation de votre dashboard affili\u00e9 F\u00e9licitations, vous avez bien cr\u00e9e votre compte de facturation ! Derni\u00e8re \u00e9tape : la cr\u00e9ation de votre dashboard affili\u00e9.C\u2019est ici que vous pourrez suivre le nombre de clics sur votre lien affili\u00e9 et les commissions g\u00e9n\u00e9r\u00e9es. Une fois votre compte cr\u00e9\u00e9,vous pourrez utiliser votre lien affili\u00e9 sur toutes vos plateformes [&hellip;]<\/p>\n","protected":false},"author":1,"featured_media":0,"parent":0,"menu_order":0,"comment_status":"closed","ping_status":"closed","template":"","meta":{"footnotes":""},"class_list":["post-6590","page","type-page","status-publish","hentry","entry"],"yoast_head":"<!-- This site is optimized with the Yoast SEO plugin v27.2 - https:\/\/yoast.com\/product\/yoast-seo-wordpress\/ -->\n<title>Affiliation dashboard - Guidly<\/title>\n<meta name=\"description\" content=\"Boostez vos revenus avec le Dashboard affili\u00e9 Guidly. Suivez vos clics, g\u00e9rez vos conversions en temps r\u00e9el\" \/>\n<meta name=\"robots\" content=\"index, follow, max-snippet:-1, max-image-preview:large, max-video-preview:-1\" \/>\n<link rel=\"canonical\" href=\"https:\/\/guidly.fr\/en\/affiliation-dashboard\/\" \/>\n<meta property=\"og:locale\" content=\"en_GB\" \/>\n<meta property=\"og:type\" content=\"article\" \/>\n<meta property=\"og:title\" content=\"Affiliation dashboard - Guidly\" \/>\n<meta property=\"og:description\" content=\"Boostez vos revenus avec le Dashboard affili\u00e9 Guidly. Suivez vos clics, g\u00e9rez vos conversions en temps r\u00e9el\" \/>\n<meta property=\"og:url\" content=\"https:\/\/guidly.fr\/en\/affiliation-dashboard\/\" \/>\n<meta property=\"og:site_name\" content=\"Guidly\" \/>\n<meta property=\"article:modified_time\" content=\"2026-03-25T17:35:37+00:00\" \/>\n<meta property=\"og:image\" content=\"https:\/\/guidly.fr\/wp-content\/uploads\/2025\/04\/cropped-cropped-cropped-Logo-512-x-512-px-2-1.png\" \/>\n\t<meta property=\"og:image:width\" content=\"512\" \/>\n\t<meta property=\"og:image:height\" content=\"512\" \/>\n\t<meta property=\"og:image:type\" content=\"image\/png\" \/>\n<meta name=\"twitter:card\" content=\"summary_large_image\" \/>\n<meta name=\"twitter:site\" content=\"@guidly_app\" \/>\n<meta name=\"twitter:label1\" content=\"Estimated reading time\" \/>\n\t<meta name=\"twitter:data1\" content=\"1 minute\" \/>\n<script type=\"application\/ld+json\" class=\"yoast-schema-graph\">{\"@context\":\"https:\/\/schema.org\",\"@graph\":[{\"@type\":\"WebPage\",\"@id\":\"https:\/\/guidly.fr\/affiliation-dashboard\/\",\"url\":\"https:\/\/guidly.fr\/affiliation-dashboard\/\",\"name\":\"Affiliation dashboard - Guidly\",\"isPartOf\":{\"@id\":\"https:\/\/guidly.fr\/#website\"},\"datePublished\":\"2025-07-01T07:43:45+00:00\",\"dateModified\":\"2026-03-25T17:35:37+00:00\",\"description\":\"Boostez vos revenus avec le Dashboard affili\u00e9 Guidly. Suivez vos clics, g\u00e9rez vos conversions en temps r\u00e9el\",\"breadcrumb\":{\"@id\":\"https:\/\/guidly.fr\/affiliation-dashboard\/#breadcrumb\"},\"inLanguage\":\"en-GB\",\"potentialAction\":[{\"@type\":\"ReadAction\",\"target\":[\"https:\/\/guidly.fr\/affiliation-dashboard\/\"]}]},{\"@type\":\"BreadcrumbList\",\"@id\":\"https:\/\/guidly.fr\/affiliation-dashboard\/#breadcrumb\",\"itemListElement\":[{\"@type\":\"ListItem\",\"position\":1,\"name\":\"Accueil\",\"item\":\"https:\/\/guidly.fr\/\"},{\"@type\":\"ListItem\",\"position\":2,\"name\":\"Affiliation dashboard\"}]},{\"@type\":\"WebSite\",\"@id\":\"https:\/\/guidly.fr\/#website\",\"url\":\"https:\/\/guidly.fr\/\",\"name\":\"GUIDLY\",\"description\":\"D\u00e9couvre le monde, une anecdote \u00e0 la fois\",\"publisher\":{\"@id\":\"https:\/\/guidly.fr\/#organization\"},\"alternateName\":\"guidly\",\"potentialAction\":[{\"@type\":\"SearchAction\",\"target\":{\"@type\":\"EntryPoint\",\"urlTemplate\":\"https:\/\/guidly.fr\/?s={search_term_string}\"},\"query-input\":{\"@type\":\"PropertyValueSpecification\",\"valueRequired\":true,\"valueName\":\"search_term_string\"}}],\"inLanguage\":\"en-GB\"},{\"@type\":\"Organization\",\"@id\":\"https:\/\/guidly.fr\/#organization\",\"name\":\"GUIDLY\",\"url\":\"https:\/\/guidly.fr\/\",\"logo\":{\"@type\":\"ImageObject\",\"inLanguage\":\"en-GB\",\"@id\":\"https:\/\/guidly.fr\/#\/schema\/logo\/image\/\",\"url\":\"https:\/\/guidly.fr\/wp-content\/uploads\/2025\/04\/Logo-512-x-512-px-2.png\",\"contentUrl\":\"https:\/\/guidly.fr\/wp-content\/uploads\/2025\/04\/Logo-512-x-512-px-2.png\",\"width\":512,\"height\":512,\"caption\":\"GUIDLY\"},\"image\":{\"@id\":\"https:\/\/guidly.fr\/#\/schema\/logo\/image\/\"},\"sameAs\":[\"https:\/\/x.com\/guidly_app\",\"https:\/\/www.instagram.com\/guidly_app\/\",\"https:\/\/www.tiktok.com\/@guidly_app\"]}]}<\/script>\n<!-- \/ Yoast SEO plugin. -->","yoast_head_json":{"title":"Affiliation dashboard - Guidly","description":"Boostez vos revenus avec le Dashboard affili\u00e9 Guidly. Suivez vos clics, g\u00e9rez vos conversions en temps r\u00e9el","robots":{"index":"index","follow":"follow","max-snippet":"max-snippet:-1","max-image-preview":"max-image-preview:large","max-video-preview":"max-video-preview:-1"},"canonical":"https:\/\/guidly.fr\/en\/affiliation-dashboard\/","og_locale":"en_GB","og_type":"article","og_title":"Affiliation dashboard - Guidly","og_description":"Boostez vos revenus avec le Dashboard affili\u00e9 Guidly. Suivez vos clics, g\u00e9rez vos conversions en temps r\u00e9el","og_url":"https:\/\/guidly.fr\/en\/affiliation-dashboard\/","og_site_name":"Guidly","article_modified_time":"2026-03-25T17:35:37+00:00","og_image":[{"width":512,"height":512,"url":"https:\/\/guidly.fr\/wp-content\/uploads\/2025\/04\/cropped-cropped-cropped-Logo-512-x-512-px-2-1.png","type":"image\/png"}],"twitter_card":"summary_large_image","twitter_site":"@guidly_app","twitter_misc":{"Estimated reading time":"1 minute"},"schema":{"@context":"https:\/\/schema.org","@graph":[{"@type":"WebPage","@id":"https:\/\/guidly.fr\/affiliation-dashboard\/","url":"https:\/\/guidly.fr\/affiliation-dashboard\/","name":"Affiliation dashboard - Guidly","isPartOf":{"@id":"https:\/\/guidly.fr\/#website"},"datePublished":"2025-07-01T07:43:45+00:00","dateModified":"2026-03-25T17:35:37+00:00","description":"Boostez vos revenus avec le Dashboard affili\u00e9 Guidly. Suivez vos clics, g\u00e9rez vos conversions en temps r\u00e9el","breadcrumb":{"@id":"https:\/\/guidly.fr\/affiliation-dashboard\/#breadcrumb"},"inLanguage":"en-GB","potentialAction":[{"@type":"ReadAction","target":["https:\/\/guidly.fr\/affiliation-dashboard\/"]}]},{"@type":"BreadcrumbList","@id":"https:\/\/guidly.fr\/affiliation-dashboard\/#breadcrumb","itemListElement":[{"@type":"ListItem","position":1,"name":"Accueil","item":"https:\/\/guidly.fr\/"},{"@type":"ListItem","position":2,"name":"Affiliation dashboard"}]},{"@type":"WebSite","@id":"https:\/\/guidly.fr\/#website","url":"https:\/\/guidly.fr\/","name":"GUIDLY","description":"Discover the world, one anecdote at a time","publisher":{"@id":"https:\/\/guidly.fr\/#organization"},"alternateName":"guidly","potentialAction":[{"@type":"SearchAction","target":{"@type":"EntryPoint","urlTemplate":"https:\/\/guidly.fr\/?s={search_term_string}"},"query-input":{"@type":"PropertyValueSpecification","valueRequired":true,"valueName":"search_term_string"}}],"inLanguage":"en-GB"},{"@type":"Organization","@id":"https:\/\/guidly.fr\/#organization","name":"GUIDLY","url":"https:\/\/guidly.fr\/","logo":{"@type":"ImageObject","inLanguage":"en-GB","@id":"https:\/\/guidly.fr\/#\/schema\/logo\/image\/","url":"https:\/\/guidly.fr\/wp-content\/uploads\/2025\/04\/Logo-512-x-512-px-2.png","contentUrl":"https:\/\/guidly.fr\/wp-content\/uploads\/2025\/04\/Logo-512-x-512-px-2.png","width":512,"height":512,"caption":"GUIDLY"},"image":{"@id":"https:\/\/guidly.fr\/#\/schema\/logo\/image\/"},"sameAs":["https:\/\/x.com\/guidly_app","https:\/\/www.instagram.com\/guidly_app\/","https:\/\/www.tiktok.com\/@guidly_app"]}]}},"_links":{"self":[{"href":"https:\/\/guidly.fr\/en\/wp-json\/wp\/v2\/pages\/6590","targetHints":{"allow":["GET"]}}],"collection":[{"href":"https:\/\/guidly.fr\/en\/wp-json\/wp\/v2\/pages"}],"about":[{"href":"https:\/\/guidly.fr\/en\/wp-json\/wp\/v2\/types\/page"}],"author":[{"embeddable":true,"href":"https:\/\/guidly.fr\/en\/wp-json\/wp\/v2\/users\/1"}],"replies":[{"embeddable":true,"href":"https:\/\/guidly.fr\/en\/wp-json\/wp\/v2\/comments?post=6590"}],"version-history":[{"count":12,"href":"https:\/\/guidly.fr\/en\/wp-json\/wp\/v2\/pages\/6590\/revisions"}],"predecessor-version":[{"id":7771,"href":"https:\/\/guidly.fr\/en\/wp-json\/wp\/v2\/pages\/6590\/revisions\/7771"}],"wp:attachment":[{"href":"https:\/\/guidly.fr\/en\/wp-json\/wp\/v2\/media?parent=6590"}],"curies":[{"name":"wp","href":"https:\/\/api.w.org\/{rel}","templated":true}]}}