{"id":6708,"date":"2025-08-19T15:28:53","date_gmt":"2025-08-19T15:28:53","guid":{"rendered":"https:\/\/guidly.fr\/?page_id=6708"},"modified":"2025-08-19T16:06:34","modified_gmt":"2025-08-19T16:06:34","slug":"weroad","status":"publish","type":"page","link":"https:\/\/guidly.fr\/en\/weroad\/","title":{"rendered":"Guidly X WeRoad"},"content":{"rendered":"<div data-elementor-type=\"wp-page\" data-elementor-id=\"6708\" class=\"elementor elementor-6708\">\n\t\t\t\t<div class=\"elementor-element elementor-element-89043ef e-flex e-con-boxed e-con e-parent\" data-id=\"89043ef\" data-element_type=\"container\" data-e-type=\"container\">\n\t\t\t\t\t<div class=\"e-con-inner\">\n\t\t\t\t<div class=\"elementor-element elementor-element-fbc0385 elementor-widget elementor-widget-image\" data-id=\"fbc0385\" data-element_type=\"widget\" data-e-type=\"widget\" data-widget_type=\"image.default\">\n\t\t\t\t\t\t\t\t\t\t\t\t\t\t\t<img fetchpriority=\"high\" decoding=\"async\" width=\"500\" height=\"500\" src=\"https:\/\/guidly.fr\/wp-content\/uploads\/2025\/08\/X-300x70.webp\" class=\"attachment-medium size-medium wp-image-6713\" alt=\"\" srcset=\"https:\/\/guidly.fr\/wp-content\/uploads\/2025\/08\/X-300x70.webp 300w, https:\/\/guidly.fr\/wp-content\/uploads\/2025\/08\/X-1024x240.webp 1024w, https:\/\/guidly.fr\/wp-content\/uploads\/2025\/08\/X-768x180.webp 768w, https:\/\/guidly.fr\/wp-content\/uploads\/2025\/08\/X-1536x359.webp 1536w, https:\/\/guidly.fr\/wp-content\/uploads\/2025\/08\/X-2048x479.webp 2048w, https:\/\/guidly.fr\/wp-content\/uploads\/2025\/08\/X-18x4.webp 18w\" sizes=\"(max-width: 300px) 100vw, 300px\" \/>\t\t\t\t\t\t\t\t\t\t\t\t\t\t\t<\/div>\n\t\t\t\t\t<\/div>\n\t\t\t\t<\/div>\n\t\t<div class=\"elementor-element elementor-element-db118c9 e-flex e-con-boxed e-con e-parent\" data-id=\"db118c9\" data-element_type=\"container\" data-e-type=\"container\">\n\t\t\t\t\t<div class=\"e-con-inner\">\n\t\t\t\t<div class=\"elementor-element elementor-element-3fcc9c9 elementor-widget elementor-widget-text-editor\" data-id=\"3fcc9c9\" data-element_type=\"widget\" data-e-type=\"widget\" data-widget_type=\"text-editor.default\">\n\t\t\t\t\t\t\t\t\t<p><strong data-start=\"56\" data-end=\"170\">Discover the hidden history of places around the world with the Guidly virtual tour guide app!<\/strong><br data-start=\"170\" data-end=\"173\" \/>And thanks to our partnership with <strong data-start=\"207\" data-end=\"217\">WEROAD<\/strong>, enjoy <strong data-start=\"231\" data-end=\"251\">15% discount<\/strong> on all our passes. \ud83c\udf89<\/p>\t\t\t\t\t\t\t\t<\/div>\n\t\t\t\t\t<\/div>\n\t\t\t\t<\/div>\n\t\t\t\t<section class=\"elementor-section elementor-top-section elementor-element elementor-element-2b82a840 acm_gradient-bg-middle elementor-section-boxed elementor-section-height-default elementor-section-height-default acm_section_full\" data-id=\"2b82a840\" data-element_type=\"section\" data-e-type=\"section\" data-settings=\"{&quot;animation&quot;:&quot;none&quot;}\">\n\t\t\t\t\t\t<div class=\"elementor-container elementor-column-gap-default\">\n\t\t\t\t\t<div class=\"elementor-column elementor-col-33 elementor-top-column elementor-element elementor-element-599b8993\" data-id=\"599b8993\" data-element_type=\"column\" data-e-type=\"column\" data-settings=\"{&quot;background_background&quot;:&quot;classic&quot;}\">\n\t\t\t<div class=\"elementor-widget-wrap elementor-element-populated\">\n\t\t\t\t\t\t<div class=\"elementor-element elementor-element-e5f6e39 elementor-widget elementor-widget-heading\" data-id=\"e5f6e39\" data-element_type=\"widget\" data-e-type=\"widget\" data-widget_type=\"heading.default\">\n\t\t\t\t\t<h2 class=\"elementor-heading-title elementor-size-default\">PASS <br>1 DAY<\/h2>\t\t\t\t<\/div>\n\t\t\t\t<div class=\"elementor-element elementor-element-7d4303e3 elementor-widget elementor-widget-text-editor\" data-id=\"7d4303e3\" data-element_type=\"widget\" data-e-type=\"widget\" data-widget_type=\"text-editor.default\">\n\t\t\t\t\t\t\t\t\t<h1 style=\"text-align: center;\"><span style=\"color: #323739;\">2,54\u20ac<\/span><\/h1>\t\t\t\t\t\t\t\t<\/div>\n\t\t\t\t<div class=\"elementor-element elementor-element-782bc60e elementor-widget elementor-widget-text-editor\" data-id=\"782bc60e\" data-element_type=\"widget\" data-e-type=\"widget\" data-widget_type=\"text-editor.default\">\n\t\t\t\t\t\t\t\t\t<p style=\"text-align: center;\">Instead of \u20ac2.99<\/p>\t\t\t\t\t\t\t\t<\/div>\n\t\t\t\t<div class=\"elementor-element elementor-element-52490f3 elementor-widget elementor-widget-text-editor\" data-id=\"52490f3\" data-element_type=\"widget\" data-e-type=\"widget\" data-widget_type=\"text-editor.default\">\n\t\t\t\t\t\t\t\t\t<p><span style=\"color: #323739;\">The perfect offer for a day of sightseeing!<\/span><\/p>\t\t\t\t\t\t\t\t<\/div>\n\t\t\t\t<div class=\"elementor-element elementor-element-294d85cf elementor-align-center elementor-widget elementor-widget-button\" data-id=\"294d85cf\" data-element_type=\"widget\" data-e-type=\"widget\" data-widget_type=\"button.default\">\n\t\t\t\t\t\t\t\t\t\t<a class=\"elementor-button elementor-button-link elementor-size-sm elementor-animation-grow\" href=\"https:\/\/buy.stripe.com\/9B69AT56adV46Bid973wQ07\">\n\t\t\t\t\t\t<span class=\"elementor-button-content-wrapper\">\n\t\t\t\t\t\t\t\t\t<span class=\"elementor-button-text\">Buy my pass<\/span>\n\t\t\t\t\t<\/span>\n\t\t\t\t\t<\/a>\n\t\t\t\t\t\t\t\t<\/div>\n\t\t\t\t<div class=\"elementor-element elementor-element-5a0aff93 elementor-widget elementor-widget-spacer\" data-id=\"5a0aff93\" data-element_type=\"widget\" data-e-type=\"widget\" data-widget_type=\"spacer.default\">\n\t\t\t\t\t\t\t<div class=\"elementor-spacer\">\n\t\t\t<div class=\"elementor-spacer-inner\"><\/div>\n\t\t<\/div>\n\t\t\t\t\t\t<\/div>\n\t\t\t\t\t<\/div>\n\t\t<\/div>\n\t\t\t\t<div class=\"elementor-column elementor-col-33 elementor-top-column elementor-element elementor-element-50e7d30a\" data-id=\"50e7d30a\" data-element_type=\"column\" data-e-type=\"column\" data-settings=\"{&quot;background_background&quot;:&quot;classic&quot;}\">\n\t\t\t<div class=\"elementor-widget-wrap elementor-element-populated\">\n\t\t\t\t\t\t<div class=\"elementor-element elementor-element-474fcbc elementor-widget elementor-widget-heading\" data-id=\"474fcbc\" data-element_type=\"widget\" data-e-type=\"widget\" data-widget_type=\"heading.default\">\n\t\t\t\t\t<h2 class=\"elementor-heading-title elementor-size-default\">PASS<br>3 DAYS<\/h2>\t\t\t\t<\/div>\n\t\t\t\t<div class=\"elementor-element elementor-element-660d3d73 elementor-widget elementor-widget-text-editor\" data-id=\"660d3d73\" data-element_type=\"widget\" data-e-type=\"widget\" data-widget_type=\"text-editor.default\">\n\t\t\t\t\t\t\t\t\t<h1 style=\"text-align: center;\"><span style=\"color: #323739;\">5,94\u20ac<\/span><\/h1>\t\t\t\t\t\t\t\t<\/div>\n\t\t\t\t<div class=\"elementor-element elementor-element-6a0e0400 elementor-widget elementor-widget-text-editor\" data-id=\"6a0e0400\" data-element_type=\"widget\" data-e-type=\"widget\" data-widget_type=\"text-editor.default\">\n\t\t\t\t\t\t\t\t\t<p style=\"text-align: center;\">Instead of \u20ac6.99<\/p>\t\t\t\t\t\t\t\t<\/div>\n\t\t\t\t<div class=\"elementor-element elementor-element-501d5696 elementor-widget elementor-widget-text-editor\" data-id=\"501d5696\" data-element_type=\"widget\" data-e-type=\"widget\" data-widget_type=\"text-editor.default\">\n\t\t\t\t\t\t\t\t\t<p><span style=\"color: #323739;\">The ideal format for a long weekend!<\/span><\/p>\t\t\t\t\t\t\t\t<\/div>\n\t\t\t\t<div class=\"elementor-element elementor-element-35965700 elementor-align-center elementor-widget elementor-widget-button\" data-id=\"35965700\" data-element_type=\"widget\" data-e-type=\"widget\" data-widget_type=\"button.default\">\n\t\t\t\t\t\t\t\t\t\t<a class=\"elementor-button elementor-button-link elementor-size-sm elementor-animation-grow\" href=\"https:\/\/buy.stripe.com\/4gMdR99mq3gqcZG2ut3wQ08\">\n\t\t\t\t\t\t<span class=\"elementor-button-content-wrapper\">\n\t\t\t\t\t\t\t\t\t<span class=\"elementor-button-text\">Buy my pass<\/span>\n\t\t\t\t\t<\/span>\n\t\t\t\t\t<\/a>\n\t\t\t\t\t\t\t\t<\/div>\n\t\t\t\t\t<\/div>\n\t\t<\/div>\n\t\t\t\t<div class=\"elementor-column elementor-col-33 elementor-top-column elementor-element elementor-element-5951179f\" data-id=\"5951179f\" data-element_type=\"column\" data-e-type=\"column\" data-settings=\"{&quot;background_background&quot;:&quot;classic&quot;}\">\n\t\t\t<div class=\"elementor-widget-wrap elementor-element-populated\">\n\t\t\t\t\t\t<div class=\"elementor-element elementor-element-bf02ad6 elementor-widget elementor-widget-heading\" data-id=\"bf02ad6\" data-element_type=\"widget\" data-e-type=\"widget\" data-widget_type=\"heading.default\">\n\t\t\t\t\t<h2 class=\"elementor-heading-title elementor-size-default\">PASS <br>1 WEEK<\/h2>\t\t\t\t<\/div>\n\t\t\t\t<div class=\"elementor-element elementor-element-55b877da elementor-widget elementor-widget-text-editor\" data-id=\"55b877da\" data-element_type=\"widget\" data-e-type=\"widget\" data-widget_type=\"text-editor.default\">\n\t\t\t\t\t\t\t\t\t<h1 style=\"text-align: center;\"><span style=\"color: #323739;\">11,04\u20ac<\/span><\/h1>\t\t\t\t\t\t\t\t<\/div>\n\t\t\t\t<div class=\"elementor-element elementor-element-1cc86f06 elementor-widget elementor-widget-text-editor\" data-id=\"1cc86f06\" data-element_type=\"widget\" data-e-type=\"widget\" data-widget_type=\"text-editor.default\">\n\t\t\t\t\t\t\t\t\t<p style=\"text-align: center;\">Instead of \u20ac12.99<\/p>\t\t\t\t\t\t\t\t<\/div>\n\t\t\t\t<div class=\"elementor-element elementor-element-11102c4c elementor-widget elementor-widget-text-editor\" data-id=\"11102c4c\" data-element_type=\"widget\" data-e-type=\"widget\" data-widget_type=\"text-editor.default\">\n\t\t\t\t\t\t\t\t\t<p><span style=\"color: #323739;\">The ideal format for a long weekend!<\/span><\/p>\t\t\t\t\t\t\t\t<\/div>\n\t\t\t\t<div class=\"elementor-element elementor-element-500fad48 elementor-align-center elementor-widget elementor-widget-button\" data-id=\"500fad48\" data-element_type=\"widget\" data-e-type=\"widget\" data-widget_type=\"button.default\">\n\t\t\t\t\t\t\t\t\t\t<a class=\"elementor-button elementor-button-link elementor-size-sm elementor-animation-grow\" href=\"https:\/\/buy.stripe.com\/cNi7sLfKOdV4e3K3yx3wQ06\">\n\t\t\t\t\t\t<span class=\"elementor-button-content-wrapper\">\n\t\t\t\t\t\t\t\t\t<span class=\"elementor-button-text\">Buy my pass<\/span>\n\t\t\t\t\t<\/span>\n\t\t\t\t\t<\/a>\n\t\t\t\t\t\t\t\t<\/div>\n\t\t\t\t\t<\/div>\n\t\t<\/div>\n\t\t\t\t\t<\/div>\n\t\t<\/section>\n\t\t<div class=\"elementor-element elementor-element-0ac344c e-flex e-con-boxed e-con e-parent\" data-id=\"0ac344c\" data-element_type=\"container\" data-e-type=\"container\">\n\t\t\t\t\t<div class=\"e-con-inner\">\n\t\t\t\t<div class=\"elementor-element elementor-element-a66fa50 elementor-widget elementor-widget-text-editor\" data-id=\"a66fa50\" data-element_type=\"widget\" data-e-type=\"widget\" data-widget_type=\"text-editor.default\">\n\t\t\t\t\t\t\t\t\t<p data-start=\"66\" data-end=\"91\"><strong data-start=\"66\" data-end=\"89\">How does it work?<\/strong><\/p><ol data-start=\"93\" data-end=\"540\"><li data-start=\"93\" data-end=\"202\"><p data-start=\"96\" data-end=\"202\">\u00a0As soon as your order is validated, you will automatically receive an email with <strong data-start=\"173\" data-end=\"199\">personal access code<\/strong>.<\/p><\/li><li data-start=\"203\" data-end=\"271\"><p data-start=\"206\" data-end=\"271\">\u00a0Open the app and go to the section <em data-start=\"258\" data-end=\"268\">Products<\/em>.<\/p><\/li><li data-start=\"272\" data-end=\"338\"><p data-start=\"275\" data-end=\"338\">\u00a0Select the <strong data-start=\"291\" data-end=\"304\">same pass<\/strong> than the one you bought.<\/p><\/li><li data-start=\"339\" data-end=\"468\"><p data-start=\"342\" data-end=\"468\">\u00a0In the field <em data-start=\"356\" data-end=\"368\">Promo code<\/em>, enter your code then click on <strong data-start=\"408\" data-end=\"421\">Continue<\/strong> : the amount automatically increases to <strong data-start=\"459\" data-end=\"465\">0\u20ac<\/strong>.<\/p><\/li><li data-start=\"469\" data-end=\"540\"><p data-start=\"472\" data-end=\"540\">\u00a0That&#039;s it! \ud83c\udf89 You can now enjoy your pass.<\/p><\/li><\/ol>\t\t\t\t\t\t\t\t<\/div>\n\t\t\t\t\t<\/div>\n\t\t\t\t<\/div>\n\t\t\t\t<\/div>","protected":false},"excerpt":{"rendered":"<p>D\u00e9couvrez l\u2019histoire cach\u00e9e des lieux du monde entier avec l\u2019application de guide touristique virtuel Guidly !Et gr\u00e2ce \u00e0 notre partenariat avec WEROAD, profitez de 15% de r\u00e9duction sur tous nos pass. \ud83c\udf89 PASS 1 JOUR 2,54\u20ac Au lieu de 2,99\u20ac L\u2019offre parfaite pour une journ\u00e9e de visite ! Acheter mon pass PASS 3 JOURS 5,94\u20ac [&hellip;]<\/p>\n","protected":false},"author":1,"featured_media":0,"parent":0,"menu_order":0,"comment_status":"closed","ping_status":"closed","template":"","meta":{"footnotes":""},"class_list":["post-6708","page","type-page","status-publish","hentry","entry"],"yoast_head":"<!-- This site is optimized with the Yoast SEO plugin v27.2 - https:\/\/yoast.com\/product\/yoast-seo-wordpress\/ -->\n<title>Guidly X WeRoad - Guidly<\/title>\n<meta name=\"robots\" content=\"noindex, follow\" \/>\n<meta property=\"og:locale\" content=\"en_GB\" \/>\n<meta property=\"og:type\" content=\"article\" \/>\n<meta property=\"og:title\" content=\"Guidly X WeRoad - Guidly\" \/>\n<meta property=\"og:description\" content=\"D\u00e9couvrez l\u2019histoire cach\u00e9e des lieux du monde entier avec l\u2019application de guide touristique virtuel Guidly !Et gr\u00e2ce \u00e0 notre partenariat avec WEROAD, profitez de 15% de r\u00e9duction sur tous nos pass. \ud83c\udf89 PASS 1 JOUR 2,54\u20ac Au lieu de 2,99\u20ac L\u2019offre parfaite pour une journ\u00e9e de visite ! Acheter mon pass PASS 3 JOURS 5,94\u20ac [&hellip;]\" \/>\n<meta property=\"og:url\" content=\"https:\/\/guidly.fr\/en\/weroad\/\" \/>\n<meta property=\"og:site_name\" content=\"Guidly\" \/>\n<meta property=\"article:modified_time\" content=\"2025-08-19T16:06:34+00:00\" \/>\n<meta property=\"og:image\" content=\"https:\/\/guidly.fr\/wp-content\/uploads\/2025\/08\/X-300x70.webp\" \/>\n<meta name=\"twitter:card\" content=\"summary_large_image\" \/>\n<meta name=\"twitter:site\" content=\"@guidly_app\" \/>\n<meta name=\"twitter:label1\" content=\"Estimated reading time\" \/>\n\t<meta name=\"twitter:data1\" content=\"1 minute\" \/>\n<script type=\"application\/ld+json\" class=\"yoast-schema-graph\">{\"@context\":\"https:\/\/schema.org\",\"@graph\":[{\"@type\":\"WebPage\",\"@id\":\"https:\/\/guidly.fr\/weroad\/\",\"url\":\"https:\/\/guidly.fr\/weroad\/\",\"name\":\"Guidly X WeRoad - Guidly\",\"isPartOf\":{\"@id\":\"https:\/\/guidly.fr\/#website\"},\"primaryImageOfPage\":{\"@id\":\"https:\/\/guidly.fr\/weroad\/#primaryimage\"},\"image\":{\"@id\":\"https:\/\/guidly.fr\/weroad\/#primaryimage\"},\"thumbnailUrl\":\"https:\/\/guidly.fr\/wp-content\/uploads\/2025\/08\/X-300x70.webp\",\"datePublished\":\"2025-08-19T15:28:53+00:00\",\"dateModified\":\"2025-08-19T16:06:34+00:00\",\"breadcrumb\":{\"@id\":\"https:\/\/guidly.fr\/weroad\/#breadcrumb\"},\"inLanguage\":\"en-GB\",\"potentialAction\":[{\"@type\":\"ReadAction\",\"target\":[\"https:\/\/guidly.fr\/weroad\/\"]}]},{\"@type\":\"ImageObject\",\"inLanguage\":\"en-GB\",\"@id\":\"https:\/\/guidly.fr\/weroad\/#primaryimage\",\"url\":\"https:\/\/guidly.fr\/wp-content\/uploads\/2025\/08\/X-300x70.webp\",\"contentUrl\":\"https:\/\/guidly.fr\/wp-content\/uploads\/2025\/08\/X-300x70.webp\"},{\"@type\":\"BreadcrumbList\",\"@id\":\"https:\/\/guidly.fr\/weroad\/#breadcrumb\",\"itemListElement\":[{\"@type\":\"ListItem\",\"position\":1,\"name\":\"Accueil\",\"item\":\"https:\/\/guidly.fr\/\"},{\"@type\":\"ListItem\",\"position\":2,\"name\":\"Guidly X WeRoad\"}]},{\"@type\":\"WebSite\",\"@id\":\"https:\/\/guidly.fr\/#website\",\"url\":\"https:\/\/guidly.fr\/\",\"name\":\"GUIDLY\",\"description\":\"D\u00e9couvre le monde, une anecdote \u00e0 la fois\",\"publisher\":{\"@id\":\"https:\/\/guidly.fr\/#organization\"},\"alternateName\":\"guidly\",\"potentialAction\":[{\"@type\":\"SearchAction\",\"target\":{\"@type\":\"EntryPoint\",\"urlTemplate\":\"https:\/\/guidly.fr\/?s={search_term_string}\"},\"query-input\":{\"@type\":\"PropertyValueSpecification\",\"valueRequired\":true,\"valueName\":\"search_term_string\"}}],\"inLanguage\":\"en-GB\"},{\"@type\":\"Organization\",\"@id\":\"https:\/\/guidly.fr\/#organization\",\"name\":\"GUIDLY\",\"url\":\"https:\/\/guidly.fr\/\",\"logo\":{\"@type\":\"ImageObject\",\"inLanguage\":\"en-GB\",\"@id\":\"https:\/\/guidly.fr\/#\/schema\/logo\/image\/\",\"url\":\"https:\/\/guidly.fr\/wp-content\/uploads\/2025\/04\/Logo-512-x-512-px-2.png\",\"contentUrl\":\"https:\/\/guidly.fr\/wp-content\/uploads\/2025\/04\/Logo-512-x-512-px-2.png\",\"width\":512,\"height\":512,\"caption\":\"GUIDLY\"},\"image\":{\"@id\":\"https:\/\/guidly.fr\/#\/schema\/logo\/image\/\"},\"sameAs\":[\"https:\/\/x.com\/guidly_app\",\"https:\/\/www.instagram.com\/guidly_app\/\",\"https:\/\/www.tiktok.com\/@guidly_app\"]}]}<\/script>\n<!-- \/ Yoast SEO plugin. -->","yoast_head_json":{"title":"Guidly X WeRoad - Guidly","robots":{"index":"noindex","follow":"follow"},"og_locale":"en_GB","og_type":"article","og_title":"Guidly X WeRoad - Guidly","og_description":"D\u00e9couvrez l\u2019histoire cach\u00e9e des lieux du monde entier avec l\u2019application de guide touristique virtuel Guidly !Et gr\u00e2ce \u00e0 notre partenariat avec WEROAD, profitez de 15% de r\u00e9duction sur tous nos pass. \ud83c\udf89 PASS 1 JOUR 2,54\u20ac Au lieu de 2,99\u20ac L\u2019offre parfaite pour une journ\u00e9e de visite ! Acheter mon pass PASS 3 JOURS 5,94\u20ac [&hellip;]","og_url":"https:\/\/guidly.fr\/en\/weroad\/","og_site_name":"Guidly","article_modified_time":"2025-08-19T16:06:34+00:00","og_image":[{"url":"https:\/\/guidly.fr\/wp-content\/uploads\/2025\/08\/X-300x70.webp","type":"","width":"","height":""}],"twitter_card":"summary_large_image","twitter_site":"@guidly_app","twitter_misc":{"Estimated reading time":"1 minute"},"schema":{"@context":"https:\/\/schema.org","@graph":[{"@type":"WebPage","@id":"https:\/\/guidly.fr\/weroad\/","url":"https:\/\/guidly.fr\/weroad\/","name":"Guidly X WeRoad - Guidly","isPartOf":{"@id":"https:\/\/guidly.fr\/#website"},"primaryImageOfPage":{"@id":"https:\/\/guidly.fr\/weroad\/#primaryimage"},"image":{"@id":"https:\/\/guidly.fr\/weroad\/#primaryimage"},"thumbnailUrl":"https:\/\/guidly.fr\/wp-content\/uploads\/2025\/08\/X-300x70.webp","datePublished":"2025-08-19T15:28:53+00:00","dateModified":"2025-08-19T16:06:34+00:00","breadcrumb":{"@id":"https:\/\/guidly.fr\/weroad\/#breadcrumb"},"inLanguage":"en-GB","potentialAction":[{"@type":"ReadAction","target":["https:\/\/guidly.fr\/weroad\/"]}]},{"@type":"ImageObject","inLanguage":"en-GB","@id":"https:\/\/guidly.fr\/weroad\/#primaryimage","url":"https:\/\/guidly.fr\/wp-content\/uploads\/2025\/08\/X-300x70.webp","contentUrl":"https:\/\/guidly.fr\/wp-content\/uploads\/2025\/08\/X-300x70.webp"},{"@type":"BreadcrumbList","@id":"https:\/\/guidly.fr\/weroad\/#breadcrumb","itemListElement":[{"@type":"ListItem","position":1,"name":"Accueil","item":"https:\/\/guidly.fr\/"},{"@type":"ListItem","position":2,"name":"Guidly X WeRoad"}]},{"@type":"WebSite","@id":"https:\/\/guidly.fr\/#website","url":"https:\/\/guidly.fr\/","name":"GUIDLY","description":"Discover the world, one anecdote at a time","publisher":{"@id":"https:\/\/guidly.fr\/#organization"},"alternateName":"guidly","potentialAction":[{"@type":"SearchAction","target":{"@type":"EntryPoint","urlTemplate":"https:\/\/guidly.fr\/?s={search_term_string}"},"query-input":{"@type":"PropertyValueSpecification","valueRequired":true,"valueName":"search_term_string"}}],"inLanguage":"en-GB"},{"@type":"Organization","@id":"https:\/\/guidly.fr\/#organization","name":"GUIDLY","url":"https:\/\/guidly.fr\/","logo":{"@type":"ImageObject","inLanguage":"en-GB","@id":"https:\/\/guidly.fr\/#\/schema\/logo\/image\/","url":"https:\/\/guidly.fr\/wp-content\/uploads\/2025\/04\/Logo-512-x-512-px-2.png","contentUrl":"https:\/\/guidly.fr\/wp-content\/uploads\/2025\/04\/Logo-512-x-512-px-2.png","width":512,"height":512,"caption":"GUIDLY"},"image":{"@id":"https:\/\/guidly.fr\/#\/schema\/logo\/image\/"},"sameAs":["https:\/\/x.com\/guidly_app","https:\/\/www.instagram.com\/guidly_app\/","https:\/\/www.tiktok.com\/@guidly_app"]}]}},"_links":{"self":[{"href":"https:\/\/guidly.fr\/en\/wp-json\/wp\/v2\/pages\/6708","targetHints":{"allow":["GET"]}}],"collection":[{"href":"https:\/\/guidly.fr\/en\/wp-json\/wp\/v2\/pages"}],"about":[{"href":"https:\/\/guidly.fr\/en\/wp-json\/wp\/v2\/types\/page"}],"author":[{"embeddable":true,"href":"https:\/\/guidly.fr\/en\/wp-json\/wp\/v2\/users\/1"}],"replies":[{"embeddable":true,"href":"https:\/\/guidly.fr\/en\/wp-json\/wp\/v2\/comments?post=6708"}],"version-history":[{"count":4,"href":"https:\/\/guidly.fr\/en\/wp-json\/wp\/v2\/pages\/6708\/revisions"}],"predecessor-version":[{"id":6717,"href":"https:\/\/guidly.fr\/en\/wp-json\/wp\/v2\/pages\/6708\/revisions\/6717"}],"wp:attachment":[{"href":"https:\/\/guidly.fr\/en\/wp-json\/wp\/v2\/media?parent=6708"}],"curies":[{"name":"wp","href":"https:\/\/api.w.org\/{rel}","templated":true}]}}