{"id":6770,"date":"2025-10-02T14:41:04","date_gmt":"2025-10-02T14:41:04","guid":{"rendered":"https:\/\/guidly.fr\/?page_id=6770"},"modified":"2025-10-02T14:58:21","modified_gmt":"2025-10-02T14:58:21","slug":"global-nomad-pass","status":"publish","type":"page","link":"https:\/\/guidly.fr\/en\/global-nomad-pass\/","title":{"rendered":"Guidely X Global Nomad Pass"},"content":{"rendered":"<div data-elementor-type=\"wp-page\" data-elementor-id=\"6770\" class=\"elementor elementor-6770\">\n\t\t\t\t<div class=\"elementor-element elementor-element-cbfa189 e-con-full e-flex e-con e-parent\" data-id=\"cbfa189\" data-element_type=\"container\" data-e-type=\"container\">\n\t\t\t\t<div class=\"elementor-element elementor-element-0160129 elementor-widget elementor-widget-image\" data-id=\"0160129\" data-element_type=\"widget\" data-e-type=\"widget\" data-widget_type=\"image.default\">\n\t\t\t\t\t\t\t\t\t\t\t\t\t\t\t\t<a href=\"https:\/\/globalnomadpass.com\/\">\n\t\t\t\t\t\t\t<img decoding=\"async\" width=\"300\" height=\"104\" src=\"https:\/\/guidly.fr\/wp-content\/uploads\/2025\/10\/X-2-300x104.png\" class=\"attachment-medium size-medium wp-image-6772\" alt=\"Logos guidly et logo Global nomad pass\" srcset=\"https:\/\/guidly.fr\/wp-content\/uploads\/2025\/10\/X-2-300x104.png 300w, https:\/\/guidly.fr\/wp-content\/uploads\/2025\/10\/X-2-768x267.png 768w, https:\/\/guidly.fr\/wp-content\/uploads\/2025\/10\/X-2-18x6.png 18w, https:\/\/guidly.fr\/wp-content\/uploads\/2025\/10\/X-2.png 1022w\" sizes=\"(max-width: 300px) 100vw, 300px\" \/>\t\t\t\t\t\t\t\t<\/a>\n\t\t\t\t\t\t\t\t\t\t\t\t\t\t\t<\/div>\n\t\t\t\t<\/div>\n\t\t<div class=\"elementor-element elementor-element-586ecf54 e-flex e-con-boxed e-con e-parent\" data-id=\"586ecf54\" data-element_type=\"container\" data-e-type=\"container\">\n\t\t\t\t\t<div class=\"e-con-inner\">\n\t\t\t\t<div class=\"elementor-element elementor-element-3ff71922 elementor-widget elementor-widget-text-editor\" data-id=\"3ff71922\" data-element_type=\"widget\" data-e-type=\"widget\" data-widget_type=\"text-editor.default\">\n\t\t\t\t\t\t\t\t\t<p><strong data-start=\"56\" data-end=\"170\">Discover the hidden history of places around the world with the Guidly virtual tour guide app!<\/strong><br data-start=\"170\" data-end=\"173\" \/>And thanks to our partnership with <strong data-start=\"207\" data-end=\"217\">GLOBAL NOMAD PASS<\/strong>, enjoy <strong data-start=\"231\" data-end=\"251\">15% discount<\/strong> on all our passes. \ud83c\udf89<\/p>\t\t\t\t\t\t\t\t<\/div>\n\t\t\t\t\t<\/div>\n\t\t\t\t<\/div>\n\t\t\t\t<section class=\"elementor-section elementor-top-section elementor-element elementor-element-2829846a acm_gradient-bg-middle elementor-section-boxed elementor-section-height-default elementor-section-height-default acm_section_full\" data-id=\"2829846a\" data-element_type=\"section\" data-e-type=\"section\" data-settings=\"{&quot;animation&quot;:&quot;none&quot;}\">\n\t\t\t\t\t\t<div class=\"elementor-container elementor-column-gap-default\">\n\t\t\t\t\t<div class=\"elementor-column elementor-col-33 elementor-top-column elementor-element elementor-element-44713d09\" data-id=\"44713d09\" data-element_type=\"column\" data-e-type=\"column\" data-settings=\"{&quot;background_background&quot;:&quot;classic&quot;}\">\n\t\t\t<div class=\"elementor-widget-wrap elementor-element-populated\">\n\t\t\t\t\t\t<div class=\"elementor-element elementor-element-71d16a79 elementor-widget elementor-widget-heading\" data-id=\"71d16a79\" data-element_type=\"widget\" data-e-type=\"widget\" data-widget_type=\"heading.default\">\n\t\t\t\t\t<h2 class=\"elementor-heading-title elementor-size-default\">PASS<br>3 DAYS<\/h2>\t\t\t\t<\/div>\n\t\t\t\t<div class=\"elementor-element elementor-element-5166f680 elementor-widget elementor-widget-text-editor\" data-id=\"5166f680\" data-element_type=\"widget\" data-e-type=\"widget\" data-widget_type=\"text-editor.default\">\n\t\t\t\t\t\t\t\t\t<h1 style=\"text-align: center;\"><span style=\"color: #323739;\">5,94\u20ac<\/span><\/h1>\t\t\t\t\t\t\t\t<\/div>\n\t\t\t\t<div class=\"elementor-element elementor-element-1af3ceb7 elementor-widget elementor-widget-text-editor\" data-id=\"1af3ceb7\" data-element_type=\"widget\" data-e-type=\"widget\" data-widget_type=\"text-editor.default\">\n\t\t\t\t\t\t\t\t\t<p style=\"text-align: center;\">Instead of \u20ac6.99<\/p>\t\t\t\t\t\t\t\t<\/div>\n\t\t\t\t<div class=\"elementor-element elementor-element-4e90213a elementor-widget elementor-widget-text-editor\" data-id=\"4e90213a\" data-element_type=\"widget\" data-e-type=\"widget\" data-widget_type=\"text-editor.default\">\n\t\t\t\t\t\t\t\t\t<p><span style=\"color: #323739;\">The ideal format for a long weekend!<\/span><\/p>\t\t\t\t\t\t\t\t<\/div>\n\t\t\t\t<div class=\"elementor-element elementor-element-2a9f41fe elementor-align-center elementor-widget elementor-widget-button\" data-id=\"2a9f41fe\" data-element_type=\"widget\" data-e-type=\"widget\" data-widget_type=\"button.default\">\n\t\t\t\t\t\t\t\t\t\t<a class=\"elementor-button elementor-button-link elementor-size-sm elementor-animation-grow\" href=\"https:\/\/buy.stripe.com\/4gMdR99mq3gqcZG2ut3wQ08\">\n\t\t\t\t\t\t<span class=\"elementor-button-content-wrapper\">\n\t\t\t\t\t\t\t\t\t<span class=\"elementor-button-text\">Buy my pass<\/span>\n\t\t\t\t\t<\/span>\n\t\t\t\t\t<\/a>\n\t\t\t\t\t\t\t\t<\/div>\n\t\t\t\t\t<\/div>\n\t\t<\/div>\n\t\t\t\t<div class=\"elementor-column elementor-col-33 elementor-top-column elementor-element elementor-element-7a7b2536\" data-id=\"7a7b2536\" data-element_type=\"column\" data-e-type=\"column\" data-settings=\"{&quot;background_background&quot;:&quot;classic&quot;}\">\n\t\t\t<div class=\"elementor-widget-wrap elementor-element-populated\">\n\t\t\t\t\t\t<div class=\"elementor-element elementor-element-3c6ac4fa elementor-widget elementor-widget-heading\" data-id=\"3c6ac4fa\" data-element_type=\"widget\" data-e-type=\"widget\" data-widget_type=\"heading.default\">\n\t\t\t\t\t<h2 class=\"elementor-heading-title elementor-size-default\">PASS <br>1 WEEK<\/h2>\t\t\t\t<\/div>\n\t\t\t\t<div class=\"elementor-element elementor-element-2870c236 elementor-widget elementor-widget-text-editor\" data-id=\"2870c236\" data-element_type=\"widget\" data-e-type=\"widget\" data-widget_type=\"text-editor.default\">\n\t\t\t\t\t\t\t\t\t<h1 style=\"text-align: center;\"><span style=\"color: #323739;\">11,04\u20ac<\/span><\/h1>\t\t\t\t\t\t\t\t<\/div>\n\t\t\t\t<div class=\"elementor-element elementor-element-6e288f78 elementor-widget elementor-widget-text-editor\" data-id=\"6e288f78\" data-element_type=\"widget\" data-e-type=\"widget\" data-widget_type=\"text-editor.default\">\n\t\t\t\t\t\t\t\t\t<p style=\"text-align: center;\">Instead of \u20ac12.99<\/p>\t\t\t\t\t\t\t\t<\/div>\n\t\t\t\t<div class=\"elementor-element elementor-element-1e734b90 elementor-widget elementor-widget-text-editor\" data-id=\"1e734b90\" data-element_type=\"widget\" data-e-type=\"widget\" data-widget_type=\"text-editor.default\">\n\t\t\t\t\t\t\t\t\t<p><span style=\"color: #323739;\">The ideal format for a long weekend!<\/span><\/p>\t\t\t\t\t\t\t\t<\/div>\n\t\t\t\t<div class=\"elementor-element elementor-element-7ef0cabe elementor-align-center elementor-widget elementor-widget-button\" data-id=\"7ef0cabe\" data-element_type=\"widget\" data-e-type=\"widget\" data-widget_type=\"button.default\">\n\t\t\t\t\t\t\t\t\t\t<a class=\"elementor-button elementor-button-link elementor-size-sm elementor-animation-grow\" href=\"https:\/\/buy.stripe.com\/cNi7sLfKOdV4e3K3yx3wQ06\">\n\t\t\t\t\t\t<span class=\"elementor-button-content-wrapper\">\n\t\t\t\t\t\t\t\t\t<span class=\"elementor-button-text\">Buy my pass<\/span>\n\t\t\t\t\t<\/span>\n\t\t\t\t\t<\/a>\n\t\t\t\t\t\t\t\t<\/div>\n\t\t\t\t\t<\/div>\n\t\t<\/div>\n\t\t\t\t<div class=\"elementor-column elementor-col-33 elementor-top-column elementor-element elementor-element-2ec389fd\" data-id=\"2ec389fd\" data-element_type=\"column\" data-e-type=\"column\" data-settings=\"{&quot;background_background&quot;:&quot;classic&quot;}\">\n\t\t\t<div class=\"elementor-widget-wrap elementor-element-populated\">\n\t\t\t\t\t\t<div class=\"elementor-element elementor-element-2a16494a elementor-widget elementor-widget-heading\" data-id=\"2a16494a\" data-element_type=\"widget\" data-e-type=\"widget\" data-widget_type=\"heading.default\">\n\t\t\t\t\t<h2 class=\"elementor-heading-title elementor-size-default\">PASS <br>2 WEEKS<\/h2>\t\t\t\t<\/div>\n\t\t\t\t<div class=\"elementor-element elementor-element-2c9e05ea elementor-widget elementor-widget-text-editor\" data-id=\"2c9e05ea\" data-element_type=\"widget\" data-e-type=\"widget\" data-widget_type=\"text-editor.default\">\n\t\t\t\t\t\t\t\t\t<h1 style=\"text-align: center;\"><span style=\"color: #323739;\">19,54\u20ac<\/span><\/h1>\t\t\t\t\t\t\t\t<\/div>\n\t\t\t\t<div class=\"elementor-element elementor-element-29313671 elementor-widget elementor-widget-text-editor\" data-id=\"29313671\" data-element_type=\"widget\" data-e-type=\"widget\" data-widget_type=\"text-editor.default\">\n\t\t\t\t\t\t\t\t\t<p style=\"text-align: center;\">Instead of \u20ac22.99<\/p>\t\t\t\t\t\t\t\t<\/div>\n\t\t\t\t<div class=\"elementor-element elementor-element-213bcdfe elementor-widget elementor-widget-text-editor\" data-id=\"213bcdfe\" data-element_type=\"widget\" data-e-type=\"widget\" data-widget_type=\"text-editor.default\">\n\t\t\t\t\t\t\t\t\t<p><span style=\"color: #323739;\">The perfect offer for a day of sightseeing!<\/span><\/p>\t\t\t\t\t\t\t\t<\/div>\n\t\t\t\t<div class=\"elementor-element elementor-element-cd0ee31 elementor-align-center elementor-widget elementor-widget-button\" data-id=\"cd0ee31\" data-element_type=\"widget\" data-e-type=\"widget\" data-widget_type=\"button.default\">\n\t\t\t\t\t\t\t\t\t\t<a class=\"elementor-button elementor-button-link elementor-size-sm elementor-animation-grow\" href=\"https:\/\/buy.stripe.com\/bJeaEX2Y2bMW8Jq6KJ3wQ0a\">\n\t\t\t\t\t\t<span class=\"elementor-button-content-wrapper\">\n\t\t\t\t\t\t\t\t\t<span class=\"elementor-button-text\">Buy my pass<\/span>\n\t\t\t\t\t<\/span>\n\t\t\t\t\t<\/a>\n\t\t\t\t\t\t\t\t<\/div>\n\t\t\t\t<div class=\"elementor-element elementor-element-3bc5340c elementor-widget elementor-widget-spacer\" data-id=\"3bc5340c\" data-element_type=\"widget\" data-e-type=\"widget\" data-widget_type=\"spacer.default\">\n\t\t\t\t\t\t\t<div class=\"elementor-spacer\">\n\t\t\t<div class=\"elementor-spacer-inner\"><\/div>\n\t\t<\/div>\n\t\t\t\t\t\t<\/div>\n\t\t\t\t\t<\/div>\n\t\t<\/div>\n\t\t\t\t\t<\/div>\n\t\t<\/section>\n\t\t<div class=\"elementor-element elementor-element-345e34c7 e-flex e-con-boxed e-con e-parent\" data-id=\"345e34c7\" data-element_type=\"container\" data-e-type=\"container\">\n\t\t\t\t\t<div class=\"e-con-inner\">\n\t\t\t\t<div class=\"elementor-element elementor-element-af74cda elementor-widget elementor-widget-text-editor\" data-id=\"af74cda\" data-element_type=\"widget\" data-e-type=\"widget\" data-widget_type=\"text-editor.default\">\n\t\t\t\t\t\t\t\t\t<p data-start=\"66\" data-end=\"91\"><strong data-start=\"66\" data-end=\"89\">How does it work?<\/strong><\/p>\n<ol data-start=\"93\" data-end=\"540\">\n<li data-start=\"93\" data-end=\"202\">\n<p data-start=\"96\" data-end=\"202\">&nbsp;As soon as your order is validated, you will automatically receive an email with <strong data-start=\"173\" data-end=\"199\">personal access code<\/strong>.<\/p>\n<\/li>\n<li data-start=\"203\" data-end=\"271\">\n<p data-start=\"206\" data-end=\"271\">&nbsp;T\u00e9l\u00e9charger l&rsquo;application et inscrivez vous.&nbsp;<\/p>\n<\/li>\n<li data-start=\"203\" data-end=\"271\">\n<p data-start=\"206\" data-end=\"271\">Une fois sur l&rsquo;\u00e9cran d&rsquo;acceil, cliquez sur le bouton \u00ab\u00a0D\u00e9couvre plus de spots\u00a0\u00bb<\/p>\n<\/li>\n<li data-start=\"272\" data-end=\"338\">\n<p data-start=\"275\" data-end=\"338\">Cliquez sur le bouton \u00ab\u00a0J&rsquo;ai un code d&rsquo;acc\u00e8s\u00a0\u00bb<\/p>\n<\/li>\n<li data-start=\"339\" data-end=\"468\">\n<p data-start=\"342\" data-end=\"468\">&nbsp;In the field <em data-start=\"356\" data-end=\"368\">Code<\/em>, enter your code then click on <strong data-start=\"408\" data-end=\"421\">Continue<\/strong> : the amount automatically increases to <strong data-start=\"459\" data-end=\"465\">0\u20ac<\/strong>.<\/p>\n<\/li>\n<li data-start=\"469\" data-end=\"540\">\n<p data-start=\"472\" data-end=\"540\">&nbsp;That&#039;s it! \ud83c\udf89 You can now enjoy your pass.<\/p>\n<\/li>\n<\/ol>\t\t\t\t\t\t\t\t<\/div>\n\t\t\t\t\t<\/div>\n\t\t\t\t<\/div>\n\t\t\t\t<\/div>","protected":false},"excerpt":{"rendered":"<p>D\u00e9couvrez l\u2019histoire cach\u00e9e des lieux du monde entier avec l\u2019application de guide touristique virtuel Guidly !Et gr\u00e2ce \u00e0 notre partenariat avec GLOBAL NOMAD PASS, profitez de 15% de r\u00e9duction sur tous nos pass. \ud83c\udf89 PASS3 JOURS 5,94\u20ac Au lieu de 6,99\u20ac Le format id\u00e9al pour un long week-end ! Acheter mon pass PASS 1 SEMAINE [&hellip;]<\/p>\n","protected":false},"author":1,"featured_media":0,"parent":0,"menu_order":0,"comment_status":"closed","ping_status":"closed","template":"","meta":{"footnotes":""},"class_list":["post-6770","page","type-page","status-publish","hentry","entry"],"yoast_head":"<!-- This site is optimized with the Yoast SEO plugin v27.2 - https:\/\/yoast.com\/product\/yoast-seo-wordpress\/ -->\n<title>Guidly X Global Nomad Pass - Guidly<\/title>\n<meta name=\"robots\" content=\"noindex, nofollow\" \/>\n<meta property=\"og:locale\" content=\"en_GB\" \/>\n<meta property=\"og:type\" content=\"article\" \/>\n<meta property=\"og:title\" content=\"Guidly X Global Nomad Pass - Guidly\" \/>\n<meta property=\"og:description\" content=\"D\u00e9couvrez l\u2019histoire cach\u00e9e des lieux du monde entier avec l\u2019application de guide touristique virtuel Guidly !Et gr\u00e2ce \u00e0 notre partenariat avec GLOBAL NOMAD PASS, profitez de 15% de r\u00e9duction sur tous nos pass. \ud83c\udf89 PASS3 JOURS 5,94\u20ac Au lieu de 6,99\u20ac Le format id\u00e9al pour un long week-end ! Acheter mon pass PASS 1 SEMAINE [&hellip;]\" \/>\n<meta property=\"og:url\" content=\"https:\/\/guidly.fr\/en\/global-nomad-pass\/\" \/>\n<meta property=\"og:site_name\" content=\"Guidly\" \/>\n<meta property=\"article:modified_time\" content=\"2025-10-02T14:58:21+00:00\" \/>\n<meta property=\"og:image\" content=\"https:\/\/guidly.fr\/wp-content\/uploads\/2025\/10\/X-2-300x104.png\" \/>\n<meta name=\"twitter:card\" content=\"summary_large_image\" \/>\n<meta name=\"twitter:site\" content=\"@guidly_app\" \/>\n<meta name=\"twitter:label1\" content=\"Estimated reading time\" \/>\n\t<meta name=\"twitter:data1\" content=\"2 minutes\" \/>\n<script type=\"application\/ld+json\" class=\"yoast-schema-graph\">{\"@context\":\"https:\/\/schema.org\",\"@graph\":[{\"@type\":\"WebPage\",\"@id\":\"https:\/\/guidly.fr\/global-nomad-pass\/\",\"url\":\"https:\/\/guidly.fr\/global-nomad-pass\/\",\"name\":\"Guidly X Global Nomad Pass - Guidly\",\"isPartOf\":{\"@id\":\"https:\/\/guidly.fr\/#website\"},\"primaryImageOfPage\":{\"@id\":\"https:\/\/guidly.fr\/global-nomad-pass\/#primaryimage\"},\"image\":{\"@id\":\"https:\/\/guidly.fr\/global-nomad-pass\/#primaryimage\"},\"thumbnailUrl\":\"https:\/\/guidly.fr\/wp-content\/uploads\/2025\/10\/X-2-300x104.png\",\"datePublished\":\"2025-10-02T14:41:04+00:00\",\"dateModified\":\"2025-10-02T14:58:21+00:00\",\"breadcrumb\":{\"@id\":\"https:\/\/guidly.fr\/global-nomad-pass\/#breadcrumb\"},\"inLanguage\":\"en-GB\",\"potentialAction\":[{\"@type\":\"ReadAction\",\"target\":[\"https:\/\/guidly.fr\/global-nomad-pass\/\"]}]},{\"@type\":\"ImageObject\",\"inLanguage\":\"en-GB\",\"@id\":\"https:\/\/guidly.fr\/global-nomad-pass\/#primaryimage\",\"url\":\"https:\/\/guidly.fr\/wp-content\/uploads\/2025\/10\/X-2-300x104.png\",\"contentUrl\":\"https:\/\/guidly.fr\/wp-content\/uploads\/2025\/10\/X-2-300x104.png\"},{\"@type\":\"BreadcrumbList\",\"@id\":\"https:\/\/guidly.fr\/global-nomad-pass\/#breadcrumb\",\"itemListElement\":[{\"@type\":\"ListItem\",\"position\":1,\"name\":\"Accueil\",\"item\":\"https:\/\/guidly.fr\/\"},{\"@type\":\"ListItem\",\"position\":2,\"name\":\"Guidly X Global Nomad Pass\"}]},{\"@type\":\"WebSite\",\"@id\":\"https:\/\/guidly.fr\/#website\",\"url\":\"https:\/\/guidly.fr\/\",\"name\":\"GUIDLY\",\"description\":\"D\u00e9couvre le monde, une anecdote \u00e0 la fois\",\"publisher\":{\"@id\":\"https:\/\/guidly.fr\/#organization\"},\"alternateName\":\"guidly\",\"potentialAction\":[{\"@type\":\"SearchAction\",\"target\":{\"@type\":\"EntryPoint\",\"urlTemplate\":\"https:\/\/guidly.fr\/?s={search_term_string}\"},\"query-input\":{\"@type\":\"PropertyValueSpecification\",\"valueRequired\":true,\"valueName\":\"search_term_string\"}}],\"inLanguage\":\"en-GB\"},{\"@type\":\"Organization\",\"@id\":\"https:\/\/guidly.fr\/#organization\",\"name\":\"GUIDLY\",\"url\":\"https:\/\/guidly.fr\/\",\"logo\":{\"@type\":\"ImageObject\",\"inLanguage\":\"en-GB\",\"@id\":\"https:\/\/guidly.fr\/#\/schema\/logo\/image\/\",\"url\":\"https:\/\/guidly.fr\/wp-content\/uploads\/2025\/04\/Logo-512-x-512-px-2.png\",\"contentUrl\":\"https:\/\/guidly.fr\/wp-content\/uploads\/2025\/04\/Logo-512-x-512-px-2.png\",\"width\":512,\"height\":512,\"caption\":\"GUIDLY\"},\"image\":{\"@id\":\"https:\/\/guidly.fr\/#\/schema\/logo\/image\/\"},\"sameAs\":[\"https:\/\/x.com\/guidly_app\",\"https:\/\/www.instagram.com\/guidly_app\/\",\"https:\/\/www.tiktok.com\/@guidly_app\"]}]}<\/script>\n<!-- \/ Yoast SEO plugin. -->","yoast_head_json":{"title":"Guidly X Global Nomad Pass - Guidly","robots":{"index":"noindex","follow":"nofollow"},"og_locale":"en_GB","og_type":"article","og_title":"Guidly X Global Nomad Pass - Guidly","og_description":"D\u00e9couvrez l\u2019histoire cach\u00e9e des lieux du monde entier avec l\u2019application de guide touristique virtuel Guidly !Et gr\u00e2ce \u00e0 notre partenariat avec GLOBAL NOMAD PASS, profitez de 15% de r\u00e9duction sur tous nos pass. \ud83c\udf89 PASS3 JOURS 5,94\u20ac Au lieu de 6,99\u20ac Le format id\u00e9al pour un long week-end ! Acheter mon pass PASS 1 SEMAINE [&hellip;]","og_url":"https:\/\/guidly.fr\/en\/global-nomad-pass\/","og_site_name":"Guidly","article_modified_time":"2025-10-02T14:58:21+00:00","og_image":[{"url":"https:\/\/guidly.fr\/wp-content\/uploads\/2025\/10\/X-2-300x104.png","type":"","width":"","height":""}],"twitter_card":"summary_large_image","twitter_site":"@guidly_app","twitter_misc":{"Estimated reading time":"2 minutes"},"schema":{"@context":"https:\/\/schema.org","@graph":[{"@type":"WebPage","@id":"https:\/\/guidly.fr\/global-nomad-pass\/","url":"https:\/\/guidly.fr\/global-nomad-pass\/","name":"Guidly X Global Nomad Pass - Guidly","isPartOf":{"@id":"https:\/\/guidly.fr\/#website"},"primaryImageOfPage":{"@id":"https:\/\/guidly.fr\/global-nomad-pass\/#primaryimage"},"image":{"@id":"https:\/\/guidly.fr\/global-nomad-pass\/#primaryimage"},"thumbnailUrl":"https:\/\/guidly.fr\/wp-content\/uploads\/2025\/10\/X-2-300x104.png","datePublished":"2025-10-02T14:41:04+00:00","dateModified":"2025-10-02T14:58:21+00:00","breadcrumb":{"@id":"https:\/\/guidly.fr\/global-nomad-pass\/#breadcrumb"},"inLanguage":"en-GB","potentialAction":[{"@type":"ReadAction","target":["https:\/\/guidly.fr\/global-nomad-pass\/"]}]},{"@type":"ImageObject","inLanguage":"en-GB","@id":"https:\/\/guidly.fr\/global-nomad-pass\/#primaryimage","url":"https:\/\/guidly.fr\/wp-content\/uploads\/2025\/10\/X-2-300x104.png","contentUrl":"https:\/\/guidly.fr\/wp-content\/uploads\/2025\/10\/X-2-300x104.png"},{"@type":"BreadcrumbList","@id":"https:\/\/guidly.fr\/global-nomad-pass\/#breadcrumb","itemListElement":[{"@type":"ListItem","position":1,"name":"Accueil","item":"https:\/\/guidly.fr\/"},{"@type":"ListItem","position":2,"name":"Guidly X Global Nomad Pass"}]},{"@type":"WebSite","@id":"https:\/\/guidly.fr\/#website","url":"https:\/\/guidly.fr\/","name":"GUIDLY","description":"Discover the world, one anecdote at a time","publisher":{"@id":"https:\/\/guidly.fr\/#organization"},"alternateName":"guidly","potentialAction":[{"@type":"SearchAction","target":{"@type":"EntryPoint","urlTemplate":"https:\/\/guidly.fr\/?s={search_term_string}"},"query-input":{"@type":"PropertyValueSpecification","valueRequired":true,"valueName":"search_term_string"}}],"inLanguage":"en-GB"},{"@type":"Organization","@id":"https:\/\/guidly.fr\/#organization","name":"GUIDLY","url":"https:\/\/guidly.fr\/","logo":{"@type":"ImageObject","inLanguage":"en-GB","@id":"https:\/\/guidly.fr\/#\/schema\/logo\/image\/","url":"https:\/\/guidly.fr\/wp-content\/uploads\/2025\/04\/Logo-512-x-512-px-2.png","contentUrl":"https:\/\/guidly.fr\/wp-content\/uploads\/2025\/04\/Logo-512-x-512-px-2.png","width":512,"height":512,"caption":"GUIDLY"},"image":{"@id":"https:\/\/guidly.fr\/#\/schema\/logo\/image\/"},"sameAs":["https:\/\/x.com\/guidly_app","https:\/\/www.instagram.com\/guidly_app\/","https:\/\/www.tiktok.com\/@guidly_app"]}]}},"_links":{"self":[{"href":"https:\/\/guidly.fr\/en\/wp-json\/wp\/v2\/pages\/6770","targetHints":{"allow":["GET"]}}],"collection":[{"href":"https:\/\/guidly.fr\/en\/wp-json\/wp\/v2\/pages"}],"about":[{"href":"https:\/\/guidly.fr\/en\/wp-json\/wp\/v2\/types\/page"}],"author":[{"embeddable":true,"href":"https:\/\/guidly.fr\/en\/wp-json\/wp\/v2\/users\/1"}],"replies":[{"embeddable":true,"href":"https:\/\/guidly.fr\/en\/wp-json\/wp\/v2\/comments?post=6770"}],"version-history":[{"count":10,"href":"https:\/\/guidly.fr\/en\/wp-json\/wp\/v2\/pages\/6770\/revisions"}],"predecessor-version":[{"id":6783,"href":"https:\/\/guidly.fr\/en\/wp-json\/wp\/v2\/pages\/6770\/revisions\/6783"}],"wp:attachment":[{"href":"https:\/\/guidly.fr\/en\/wp-json\/wp\/v2\/media?parent=6770"}],"curies":[{"name":"wp","href":"https:\/\/api.w.org\/{rel}","templated":true}]}}