{"id":6784,"date":"2025-10-07T13:18:31","date_gmt":"2025-10-07T13:18:31","guid":{"rendered":"https:\/\/guidly.fr\/?page_id=6784"},"modified":"2025-10-07T13:30:41","modified_gmt":"2025-10-07T13:30:41","slug":"atiba-voyages","status":"publish","type":"page","link":"https:\/\/guidly.fr\/en\/atiba-voyages\/","title":{"rendered":"GUIDLY X ATIBA VOYAGES"},"content":{"rendered":"<div data-elementor-type=\"wp-page\" data-elementor-id=\"6784\" class=\"elementor elementor-6784\">\n\t\t\t\t<div class=\"elementor-element elementor-element-4afd4071 e-con-full e-flex e-con e-parent\" data-id=\"4afd4071\" data-element_type=\"container\" data-e-type=\"container\">\n\t\t\t\t<div class=\"elementor-element elementor-element-ea0ccb8 elementor-widget elementor-widget-image\" data-id=\"ea0ccb8\" data-element_type=\"widget\" data-e-type=\"widget\" data-widget_type=\"image.default\">\n\t\t\t\t\t\t\t\t\t\t\t\t\t\t\t\t<a href=\"https:\/\/globalnomadpass.com\/\">\n\t\t\t\t\t\t\t<img decoding=\"async\" width=\"300\" height=\"112\" src=\"https:\/\/guidly.fr\/wp-content\/uploads\/2025\/10\/X-3-300x112.png\" class=\"attachment-medium size-medium wp-image-6792\" alt=\"Atiba voyage X guidly\" srcset=\"https:\/\/guidly.fr\/wp-content\/uploads\/2025\/10\/X-3-300x112.png 300w, https:\/\/guidly.fr\/wp-content\/uploads\/2025\/10\/X-3-1024x381.png 1024w, https:\/\/guidly.fr\/wp-content\/uploads\/2025\/10\/X-3-768x286.png 768w, https:\/\/guidly.fr\/wp-content\/uploads\/2025\/10\/X-3-18x7.png 18w, https:\/\/guidly.fr\/wp-content\/uploads\/2025\/10\/X-3.png 1040w\" sizes=\"(max-width: 300px) 100vw, 300px\" \/>\t\t\t\t\t\t\t\t<\/a>\n\t\t\t\t\t\t\t\t\t\t\t\t\t\t\t<\/div>\n\t\t\t\t<\/div>\n\t\t<div class=\"elementor-element elementor-element-6de67167 e-flex e-con-boxed e-con e-parent\" data-id=\"6de67167\" data-element_type=\"container\" data-e-type=\"container\">\n\t\t\t\t\t<div class=\"e-con-inner\">\n\t\t\t\t<div class=\"elementor-element elementor-element-1a41cf55 elementor-widget elementor-widget-text-editor\" data-id=\"1a41cf55\" data-element_type=\"widget\" data-e-type=\"widget\" data-widget_type=\"text-editor.default\">\n\t\t\t\t\t\t\t\t\t<p><b>Thanks to this link, ATIBA Voyage benefits from 15% on all GUIDLY passes!<\/b><\/p>\t\t\t\t\t\t\t\t<\/div>\n\t\t\t\t\t<\/div>\n\t\t\t\t<\/div>\n\t\t\t\t<section class=\"elementor-section elementor-top-section elementor-element elementor-element-76398b10 acm_gradient-bg-middle elementor-section-boxed elementor-section-height-default elementor-section-height-default acm_section_full\" data-id=\"76398b10\" data-element_type=\"section\" data-e-type=\"section\" data-settings=\"{&quot;animation&quot;:&quot;none&quot;}\">\n\t\t\t\t\t\t<div class=\"elementor-container elementor-column-gap-default\">\n\t\t\t\t\t<div class=\"elementor-column elementor-col-33 elementor-top-column elementor-element elementor-element-1112c6e2\" data-id=\"1112c6e2\" data-element_type=\"column\" data-e-type=\"column\" data-settings=\"{&quot;background_background&quot;:&quot;classic&quot;}\">\n\t\t\t<div class=\"elementor-widget-wrap elementor-element-populated\">\n\t\t\t\t\t\t<div class=\"elementor-element elementor-element-222aadff elementor-widget elementor-widget-heading\" data-id=\"222aadff\" data-element_type=\"widget\" data-e-type=\"widget\" data-widget_type=\"heading.default\">\n\t\t\t\t\t<h2 class=\"elementor-heading-title elementor-size-default\">PASS <br>1 WEEK<\/h2>\t\t\t\t<\/div>\n\t\t\t\t<div class=\"elementor-element elementor-element-430e0dba elementor-widget elementor-widget-text-editor\" data-id=\"430e0dba\" data-element_type=\"widget\" data-e-type=\"widget\" data-widget_type=\"text-editor.default\">\n\t\t\t\t\t\t\t\t\t<h1 style=\"text-align: center;\"><span style=\"color: #323739;\">11,04\u20ac<\/span><\/h1>\t\t\t\t\t\t\t\t<\/div>\n\t\t\t\t<div class=\"elementor-element elementor-element-3d7cfa52 elementor-widget elementor-widget-text-editor\" data-id=\"3d7cfa52\" data-element_type=\"widget\" data-e-type=\"widget\" data-widget_type=\"text-editor.default\">\n\t\t\t\t\t\t\t\t\t<p style=\"text-align: center;\">Instead of \u20ac12.99<\/p>\t\t\t\t\t\t\t\t<\/div>\n\t\t\t\t<div class=\"elementor-element elementor-element-6b6d44d elementor-widget elementor-widget-text-editor\" data-id=\"6b6d44d\" data-element_type=\"widget\" data-e-type=\"widget\" data-widget_type=\"text-editor.default\">\n\t\t\t\t\t\t\t\t\t<p><span style=\"color: #323739;\">The ideal format for a long weekend!<\/span><\/p>\t\t\t\t\t\t\t\t<\/div>\n\t\t\t\t<div class=\"elementor-element elementor-element-14ae93de elementor-align-center elementor-widget elementor-widget-button\" data-id=\"14ae93de\" data-element_type=\"widget\" data-e-type=\"widget\" data-widget_type=\"button.default\">\n\t\t\t\t\t\t\t\t\t\t<a class=\"elementor-button elementor-button-link elementor-size-sm elementor-animation-grow\" href=\"https:\/\/buy.stripe.com\/cNi7sLfKOdV4e3K3yx3wQ06\">\n\t\t\t\t\t\t<span class=\"elementor-button-content-wrapper\">\n\t\t\t\t\t\t\t\t\t<span class=\"elementor-button-text\">Buy my pass<\/span>\n\t\t\t\t\t<\/span>\n\t\t\t\t\t<\/a>\n\t\t\t\t\t\t\t\t<\/div>\n\t\t\t\t\t<\/div>\n\t\t<\/div>\n\t\t\t\t<div class=\"elementor-column elementor-col-33 elementor-top-column elementor-element elementor-element-4d7b5608\" data-id=\"4d7b5608\" data-element_type=\"column\" data-e-type=\"column\" data-settings=\"{&quot;background_background&quot;:&quot;classic&quot;}\">\n\t\t\t<div class=\"elementor-widget-wrap elementor-element-populated\">\n\t\t\t\t\t\t<div class=\"elementor-element elementor-element-2f1394ee elementor-widget elementor-widget-heading\" data-id=\"2f1394ee\" data-element_type=\"widget\" data-e-type=\"widget\" data-widget_type=\"heading.default\">\n\t\t\t\t\t<h2 class=\"elementor-heading-title elementor-size-default\">PASS <br>2 WEEKS<\/h2>\t\t\t\t<\/div>\n\t\t\t\t<div class=\"elementor-element elementor-element-74598689 elementor-widget elementor-widget-text-editor\" data-id=\"74598689\" data-element_type=\"widget\" data-e-type=\"widget\" data-widget_type=\"text-editor.default\">\n\t\t\t\t\t\t\t\t\t<h1 style=\"text-align: center;\"><span style=\"color: #323739;\">19,54\u20ac<\/span><\/h1>\t\t\t\t\t\t\t\t<\/div>\n\t\t\t\t<div class=\"elementor-element elementor-element-2a4a88c4 elementor-widget elementor-widget-text-editor\" data-id=\"2a4a88c4\" data-element_type=\"widget\" data-e-type=\"widget\" data-widget_type=\"text-editor.default\">\n\t\t\t\t\t\t\t\t\t<p style=\"text-align: center;\">Instead of \u20ac22.99<\/p>\t\t\t\t\t\t\t\t<\/div>\n\t\t\t\t<div class=\"elementor-element elementor-element-25562680 elementor-widget elementor-widget-text-editor\" data-id=\"25562680\" data-element_type=\"widget\" data-e-type=\"widget\" data-widget_type=\"text-editor.default\">\n\t\t\t\t\t\t\t\t\t<p><span style=\"color: #323739;\">The perfect offer for a day of sightseeing!<\/span><\/p>\t\t\t\t\t\t\t\t<\/div>\n\t\t\t\t<div class=\"elementor-element elementor-element-e39e255 elementor-align-center elementor-widget elementor-widget-button\" data-id=\"e39e255\" data-element_type=\"widget\" data-e-type=\"widget\" data-widget_type=\"button.default\">\n\t\t\t\t\t\t\t\t\t\t<a class=\"elementor-button elementor-button-link elementor-size-sm elementor-animation-grow\" href=\"https:\/\/buy.stripe.com\/bJeaEX2Y2bMW8Jq6KJ3wQ0a\">\n\t\t\t\t\t\t<span class=\"elementor-button-content-wrapper\">\n\t\t\t\t\t\t\t\t\t<span class=\"elementor-button-text\">Buy my pass<\/span>\n\t\t\t\t\t<\/span>\n\t\t\t\t\t<\/a>\n\t\t\t\t\t\t\t\t<\/div>\n\t\t\t\t<div class=\"elementor-element elementor-element-363c2f96 elementor-widget elementor-widget-spacer\" data-id=\"363c2f96\" data-element_type=\"widget\" data-e-type=\"widget\" data-widget_type=\"spacer.default\">\n\t\t\t\t\t\t\t<div class=\"elementor-spacer\">\n\t\t\t<div class=\"elementor-spacer-inner\"><\/div>\n\t\t<\/div>\n\t\t\t\t\t\t<\/div>\n\t\t\t\t\t<\/div>\n\t\t<\/div>\n\t\t\t\t<div class=\"elementor-column elementor-col-33 elementor-top-column elementor-element elementor-element-3a158d4d\" data-id=\"3a158d4d\" data-element_type=\"column\" data-e-type=\"column\" data-settings=\"{&quot;background_background&quot;:&quot;classic&quot;}\">\n\t\t\t<div class=\"elementor-widget-wrap elementor-element-populated\">\n\t\t\t\t\t\t<div class=\"elementor-element elementor-element-6156eda5 elementor-widget elementor-widget-heading\" data-id=\"6156eda5\" data-element_type=\"widget\" data-e-type=\"widget\" data-widget_type=\"heading.default\">\n\t\t\t\t\t<h2 class=\"elementor-heading-title elementor-size-default\">PASS<br>3 WEEKS<\/h2>\t\t\t\t<\/div>\n\t\t\t\t<div class=\"elementor-element elementor-element-437f35e4 elementor-widget elementor-widget-text-editor\" data-id=\"437f35e4\" data-element_type=\"widget\" data-e-type=\"widget\" data-widget_type=\"text-editor.default\">\n\t\t\t\t\t\t\t\t\t<h1 style=\"text-align: center;\"><span style=\"color: #323739;\">28,04\u20ac<\/span><\/h1>\t\t\t\t\t\t\t\t<\/div>\n\t\t\t\t<div class=\"elementor-element elementor-element-57c37d0e elementor-widget elementor-widget-text-editor\" data-id=\"57c37d0e\" data-element_type=\"widget\" data-e-type=\"widget\" data-widget_type=\"text-editor.default\">\n\t\t\t\t\t\t\t\t\t<p style=\"text-align: center;\">Instead of \u20ac32.99<\/p>\t\t\t\t\t\t\t\t<\/div>\n\t\t\t\t<div class=\"elementor-element elementor-element-6d7138db elementor-widget elementor-widget-text-editor\" data-id=\"6d7138db\" data-element_type=\"widget\" data-e-type=\"widget\" data-widget_type=\"text-editor.default\">\n\t\t\t\t\t\t\t\t\t<p><span style=\"color: #323739;\">The ideal format for a long weekend!<\/span><\/p>\t\t\t\t\t\t\t\t<\/div>\n\t\t\t\t<div class=\"elementor-element elementor-element-22b0d225 elementor-align-center elementor-widget elementor-widget-button\" data-id=\"22b0d225\" data-element_type=\"widget\" data-e-type=\"widget\" data-widget_type=\"button.default\">\n\t\t\t\t\t\t\t\t\t\t<a class=\"elementor-button elementor-button-link elementor-size-sm elementor-animation-grow\" href=\"https:\/\/buy.stripe.com\/eVqcN5cyCg3c4ta9WV3wQ0b\">\n\t\t\t\t\t\t<span class=\"elementor-button-content-wrapper\">\n\t\t\t\t\t\t\t\t\t<span class=\"elementor-button-text\">Buy my pass<\/span>\n\t\t\t\t\t<\/span>\n\t\t\t\t\t<\/a>\n\t\t\t\t\t\t\t\t<\/div>\n\t\t\t\t\t<\/div>\n\t\t<\/div>\n\t\t\t\t\t<\/div>\n\t\t<\/section>\n\t\t<div class=\"elementor-element elementor-element-69b94854 e-flex e-con-boxed e-con e-parent\" data-id=\"69b94854\" data-element_type=\"container\" data-e-type=\"container\">\n\t\t\t\t\t<div class=\"e-con-inner\">\n\t\t\t\t<div class=\"elementor-element elementor-element-124adeb8 elementor-widget elementor-widget-text-editor\" data-id=\"124adeb8\" data-element_type=\"widget\" data-e-type=\"widget\" data-widget_type=\"text-editor.default\">\n\t\t\t\t\t\t\t\t\t<p data-start=\"66\" data-end=\"91\"><strong data-start=\"66\" data-end=\"89\">How does it work?<\/strong><\/p><ol data-start=\"93\" data-end=\"540\"><li data-start=\"93\" data-end=\"202\"><p data-start=\"96\" data-end=\"202\">\u00a0As soon as your order is validated, you will automatically receive an email with <strong data-start=\"173\" data-end=\"199\">access code <\/strong>to send to your traveler or to include in their travel journal.\u00a0<br \/><strong>\u26a0\ufe0f L&#8217;email o\u00f9 le code sera envoy\u00e9 est celui utilis\u00e9 sur l&rsquo;outil de paiment stripe.<\/strong><\/p><\/li><li data-start=\"203\" data-end=\"271\"><p data-start=\"206\" data-end=\"271\">L&rsquo;utisateur doit t\u00e9l\u00e9charger l&rsquo;application et s&rsquo;inscrire.\u00a0<\/p><\/li><li data-start=\"203\" data-end=\"271\"><p data-start=\"206\" data-end=\"271\">Une fois sur l&rsquo;\u00e9cran d&rsquo;accueil, cliquer sur le bouton \u00ab\u00a0D\u00e9couvre plus de spots\u00a0\u00bb<\/p><\/li><li data-start=\"272\" data-end=\"338\"><p data-start=\"275\" data-end=\"338\">Cliquer sur le bouton \u00ab\u00a0J&rsquo;ai un code d&rsquo;acc\u00e8s\u00a0\u00bb<\/p><\/li><li data-start=\"339\" data-end=\"468\"><p data-start=\"342\" data-end=\"468\">\u00a0In the field <em data-start=\"356\" data-end=\"368\">Code<\/em>, Enter your code and then click on <strong data-start=\"408\" data-end=\"421\">Continue<\/strong> : the amount automatically increases to <strong data-start=\"459\" data-end=\"465\">0\u20ac<\/strong>.<\/p><\/li><li data-start=\"469\" data-end=\"540\"><p data-start=\"472\" data-end=\"540\">\u00a0That&#039;s great! \ud83c\udf89<\/p><\/li><\/ol>\t\t\t\t\t\t\t\t<\/div>\n\t\t\t\t\t<\/div>\n\t\t\t\t<\/div>\n\t\t\t\t<\/div>","protected":false},"excerpt":{"rendered":"<p>Grace \u00e0 ce lien ATIBA Voyage b\u00e9n\u00e9ficie de 15% sur tous les pass GUIDLY ! PASS 1 SEMAINE 11,04\u20ac Au lieu de 12,99\u20ac Le format id\u00e9al pour un long week-end ! Acheter mon pass PASS 2 SEMAINES 19,54\u20ac Au lieu de 22,99\u20ac L\u2019offre parfaite pour une journ\u00e9e de visite ! Acheter mon pass PASS 3 [&hellip;]<\/p>\n","protected":false},"author":1,"featured_media":0,"parent":0,"menu_order":0,"comment_status":"closed","ping_status":"closed","template":"","meta":{"footnotes":""},"class_list":["post-6784","page","type-page","status-publish","hentry","entry"],"yoast_head":"<!-- This site is optimized with the Yoast SEO plugin v27.2 - https:\/\/yoast.com\/product\/yoast-seo-wordpress\/ -->\n<title>GUIDLY X ATIBA VOYAGES - Guidly<\/title>\n<meta name=\"robots\" content=\"noindex, follow\" \/>\n<meta property=\"og:locale\" content=\"en_GB\" \/>\n<meta property=\"og:type\" content=\"article\" \/>\n<meta property=\"og:title\" content=\"GUIDLY X ATIBA VOYAGES - Guidly\" \/>\n<meta property=\"og:description\" content=\"Grace \u00e0 ce lien ATIBA Voyage b\u00e9n\u00e9ficie de 15% sur tous les pass GUIDLY ! PASS 1 SEMAINE 11,04\u20ac Au lieu de 12,99\u20ac Le format id\u00e9al pour un long week-end ! Acheter mon pass PASS 2 SEMAINES 19,54\u20ac Au lieu de 22,99\u20ac L\u2019offre parfaite pour une journ\u00e9e de visite ! Acheter mon pass PASS 3 [&hellip;]\" \/>\n<meta property=\"og:url\" content=\"https:\/\/guidly.fr\/en\/atiba-voyages\/\" \/>\n<meta property=\"og:site_name\" content=\"Guidly\" \/>\n<meta property=\"article:modified_time\" content=\"2025-10-07T13:30:41+00:00\" \/>\n<meta property=\"og:image\" content=\"https:\/\/guidly.fr\/wp-content\/uploads\/2025\/10\/X-3-300x112.png\" \/>\n<meta name=\"twitter:card\" content=\"summary_large_image\" \/>\n<meta name=\"twitter:site\" content=\"@guidly_app\" \/>\n<meta name=\"twitter:label1\" content=\"Estimated reading time\" \/>\n\t<meta name=\"twitter:data1\" content=\"2 minutes\" \/>\n<script type=\"application\/ld+json\" class=\"yoast-schema-graph\">{\"@context\":\"https:\/\/schema.org\",\"@graph\":[{\"@type\":\"WebPage\",\"@id\":\"https:\/\/guidly.fr\/atiba-voyages\/\",\"url\":\"https:\/\/guidly.fr\/atiba-voyages\/\",\"name\":\"GUIDLY X ATIBA VOYAGES - Guidly\",\"isPartOf\":{\"@id\":\"https:\/\/guidly.fr\/#website\"},\"primaryImageOfPage\":{\"@id\":\"https:\/\/guidly.fr\/atiba-voyages\/#primaryimage\"},\"image\":{\"@id\":\"https:\/\/guidly.fr\/atiba-voyages\/#primaryimage\"},\"thumbnailUrl\":\"https:\/\/guidly.fr\/wp-content\/uploads\/2025\/10\/X-3-300x112.png\",\"datePublished\":\"2025-10-07T13:18:31+00:00\",\"dateModified\":\"2025-10-07T13:30:41+00:00\",\"breadcrumb\":{\"@id\":\"https:\/\/guidly.fr\/atiba-voyages\/#breadcrumb\"},\"inLanguage\":\"en-GB\",\"potentialAction\":[{\"@type\":\"ReadAction\",\"target\":[\"https:\/\/guidly.fr\/atiba-voyages\/\"]}]},{\"@type\":\"ImageObject\",\"inLanguage\":\"en-GB\",\"@id\":\"https:\/\/guidly.fr\/atiba-voyages\/#primaryimage\",\"url\":\"https:\/\/guidly.fr\/wp-content\/uploads\/2025\/10\/X-3-300x112.png\",\"contentUrl\":\"https:\/\/guidly.fr\/wp-content\/uploads\/2025\/10\/X-3-300x112.png\"},{\"@type\":\"BreadcrumbList\",\"@id\":\"https:\/\/guidly.fr\/atiba-voyages\/#breadcrumb\",\"itemListElement\":[{\"@type\":\"ListItem\",\"position\":1,\"name\":\"Accueil\",\"item\":\"https:\/\/guidly.fr\/\"},{\"@type\":\"ListItem\",\"position\":2,\"name\":\"GUIDLY X ATIBA VOYAGES\"}]},{\"@type\":\"WebSite\",\"@id\":\"https:\/\/guidly.fr\/#website\",\"url\":\"https:\/\/guidly.fr\/\",\"name\":\"GUIDLY\",\"description\":\"D\u00e9couvre le monde, une anecdote \u00e0 la fois\",\"publisher\":{\"@id\":\"https:\/\/guidly.fr\/#organization\"},\"alternateName\":\"guidly\",\"potentialAction\":[{\"@type\":\"SearchAction\",\"target\":{\"@type\":\"EntryPoint\",\"urlTemplate\":\"https:\/\/guidly.fr\/?s={search_term_string}\"},\"query-input\":{\"@type\":\"PropertyValueSpecification\",\"valueRequired\":true,\"valueName\":\"search_term_string\"}}],\"inLanguage\":\"en-GB\"},{\"@type\":\"Organization\",\"@id\":\"https:\/\/guidly.fr\/#organization\",\"name\":\"GUIDLY\",\"url\":\"https:\/\/guidly.fr\/\",\"logo\":{\"@type\":\"ImageObject\",\"inLanguage\":\"en-GB\",\"@id\":\"https:\/\/guidly.fr\/#\/schema\/logo\/image\/\",\"url\":\"https:\/\/guidly.fr\/wp-content\/uploads\/2025\/04\/Logo-512-x-512-px-2.png\",\"contentUrl\":\"https:\/\/guidly.fr\/wp-content\/uploads\/2025\/04\/Logo-512-x-512-px-2.png\",\"width\":512,\"height\":512,\"caption\":\"GUIDLY\"},\"image\":{\"@id\":\"https:\/\/guidly.fr\/#\/schema\/logo\/image\/\"},\"sameAs\":[\"https:\/\/x.com\/guidly_app\",\"https:\/\/www.instagram.com\/guidly_app\/\",\"https:\/\/www.tiktok.com\/@guidly_app\"]}]}<\/script>\n<!-- \/ Yoast SEO plugin. -->","yoast_head_json":{"title":"GUIDLY X ATIBA VOYAGES - Guidly","robots":{"index":"noindex","follow":"follow"},"og_locale":"en_GB","og_type":"article","og_title":"GUIDLY X ATIBA VOYAGES - Guidly","og_description":"Grace \u00e0 ce lien ATIBA Voyage b\u00e9n\u00e9ficie de 15% sur tous les pass GUIDLY ! PASS 1 SEMAINE 11,04\u20ac Au lieu de 12,99\u20ac Le format id\u00e9al pour un long week-end ! Acheter mon pass PASS 2 SEMAINES 19,54\u20ac Au lieu de 22,99\u20ac L\u2019offre parfaite pour une journ\u00e9e de visite ! Acheter mon pass PASS 3 [&hellip;]","og_url":"https:\/\/guidly.fr\/en\/atiba-voyages\/","og_site_name":"Guidly","article_modified_time":"2025-10-07T13:30:41+00:00","og_image":[{"url":"https:\/\/guidly.fr\/wp-content\/uploads\/2025\/10\/X-3-300x112.png","type":"","width":"","height":""}],"twitter_card":"summary_large_image","twitter_site":"@guidly_app","twitter_misc":{"Estimated reading time":"2 minutes"},"schema":{"@context":"https:\/\/schema.org","@graph":[{"@type":"WebPage","@id":"https:\/\/guidly.fr\/atiba-voyages\/","url":"https:\/\/guidly.fr\/atiba-voyages\/","name":"GUIDLY X ATIBA VOYAGES - Guidly","isPartOf":{"@id":"https:\/\/guidly.fr\/#website"},"primaryImageOfPage":{"@id":"https:\/\/guidly.fr\/atiba-voyages\/#primaryimage"},"image":{"@id":"https:\/\/guidly.fr\/atiba-voyages\/#primaryimage"},"thumbnailUrl":"https:\/\/guidly.fr\/wp-content\/uploads\/2025\/10\/X-3-300x112.png","datePublished":"2025-10-07T13:18:31+00:00","dateModified":"2025-10-07T13:30:41+00:00","breadcrumb":{"@id":"https:\/\/guidly.fr\/atiba-voyages\/#breadcrumb"},"inLanguage":"en-GB","potentialAction":[{"@type":"ReadAction","target":["https:\/\/guidly.fr\/atiba-voyages\/"]}]},{"@type":"ImageObject","inLanguage":"en-GB","@id":"https:\/\/guidly.fr\/atiba-voyages\/#primaryimage","url":"https:\/\/guidly.fr\/wp-content\/uploads\/2025\/10\/X-3-300x112.png","contentUrl":"https:\/\/guidly.fr\/wp-content\/uploads\/2025\/10\/X-3-300x112.png"},{"@type":"BreadcrumbList","@id":"https:\/\/guidly.fr\/atiba-voyages\/#breadcrumb","itemListElement":[{"@type":"ListItem","position":1,"name":"Accueil","item":"https:\/\/guidly.fr\/"},{"@type":"ListItem","position":2,"name":"GUIDLY X ATIBA VOYAGES"}]},{"@type":"WebSite","@id":"https:\/\/guidly.fr\/#website","url":"https:\/\/guidly.fr\/","name":"GUIDLY","description":"Discover the world, one anecdote at a time","publisher":{"@id":"https:\/\/guidly.fr\/#organization"},"alternateName":"guidly","potentialAction":[{"@type":"SearchAction","target":{"@type":"EntryPoint","urlTemplate":"https:\/\/guidly.fr\/?s={search_term_string}"},"query-input":{"@type":"PropertyValueSpecification","valueRequired":true,"valueName":"search_term_string"}}],"inLanguage":"en-GB"},{"@type":"Organization","@id":"https:\/\/guidly.fr\/#organization","name":"GUIDLY","url":"https:\/\/guidly.fr\/","logo":{"@type":"ImageObject","inLanguage":"en-GB","@id":"https:\/\/guidly.fr\/#\/schema\/logo\/image\/","url":"https:\/\/guidly.fr\/wp-content\/uploads\/2025\/04\/Logo-512-x-512-px-2.png","contentUrl":"https:\/\/guidly.fr\/wp-content\/uploads\/2025\/04\/Logo-512-x-512-px-2.png","width":512,"height":512,"caption":"GUIDLY"},"image":{"@id":"https:\/\/guidly.fr\/#\/schema\/logo\/image\/"},"sameAs":["https:\/\/x.com\/guidly_app","https:\/\/www.instagram.com\/guidly_app\/","https:\/\/www.tiktok.com\/@guidly_app"]}]}},"_links":{"self":[{"href":"https:\/\/guidly.fr\/en\/wp-json\/wp\/v2\/pages\/6784","targetHints":{"allow":["GET"]}}],"collection":[{"href":"https:\/\/guidly.fr\/en\/wp-json\/wp\/v2\/pages"}],"about":[{"href":"https:\/\/guidly.fr\/en\/wp-json\/wp\/v2\/types\/page"}],"author":[{"embeddable":true,"href":"https:\/\/guidly.fr\/en\/wp-json\/wp\/v2\/users\/1"}],"replies":[{"embeddable":true,"href":"https:\/\/guidly.fr\/en\/wp-json\/wp\/v2\/comments?post=6784"}],"version-history":[{"count":8,"href":"https:\/\/guidly.fr\/en\/wp-json\/wp\/v2\/pages\/6784\/revisions"}],"predecessor-version":[{"id":6797,"href":"https:\/\/guidly.fr\/en\/wp-json\/wp\/v2\/pages\/6784\/revisions\/6797"}],"wp:attachment":[{"href":"https:\/\/guidly.fr\/en\/wp-json\/wp\/v2\/media?parent=6784"}],"curies":[{"name":"wp","href":"https:\/\/api.w.org\/{rel}","templated":true}]}}