{"id":6821,"date":"2025-10-28T13:00:45","date_gmt":"2025-10-28T13:00:45","guid":{"rendered":"https:\/\/guidly.fr\/?page_id=6821"},"modified":"2026-02-10T14:10:12","modified_gmt":"2026-02-10T14:10:12","slug":"kit-media","status":"publish","type":"page","link":"https:\/\/guidly.fr\/en\/kit-media\/","title":{"rendered":"Media kit"},"content":{"rendered":"<div data-elementor-type=\"wp-page\" data-elementor-id=\"6821\" class=\"elementor elementor-6821\">\n\t\t\t\t<div class=\"elementor-element elementor-element-6f75c05 e-flex e-con-boxed e-con e-parent\" data-id=\"6f75c05\" data-element_type=\"container\" data-e-type=\"container\">\n\t\t\t\t\t<div class=\"e-con-inner\">\n\t\t\t\t<div class=\"elementor-element elementor-element-1c0876b elementor-widget elementor-widget-text-editor\" data-id=\"1c0876b\" data-element_type=\"widget\" data-e-type=\"widget\" data-widget_type=\"text-editor.default\">\n\t\t\t\t\t\t\t\t\t<h1 data-start=\"772\" data-end=\"795\">\ud83d\uddde\ufe0f Guidly Media Kit<\/h1><p data-start=\"797\" data-end=\"1076\"><strong data-start=\"797\" data-end=\"890\">Discover Guidly, the smart travel companion that&#039;s reinventing sightseeing.<\/strong><br data-start=\"890\" data-end=\"893\" \/>Available worldwide, Guidely allows you to discover the monuments around you thanks to <strong data-start=\"993\" data-end=\"1022\">personalized audio guides<\/strong>, generated by AI according to the <strong data-start=\"1051\" data-end=\"1075\">traveler&#039;s interests<\/strong>.<\/p>\t\t\t\t\t\t\t\t<\/div>\n\t\t\t\t\t<\/div>\n\t\t\t\t<\/div>\n\t\t<div class=\"elementor-element elementor-element-1b76ac0 e-flex e-con-boxed e-con e-parent\" data-id=\"1b76ac0\" data-element_type=\"container\" data-e-type=\"container\">\n\t\t\t\t\t<div class=\"e-con-inner\">\n\t\t\t\t<div class=\"elementor-element elementor-element-cbcd458 elementor-widget elementor-widget-text-editor\" data-id=\"cbcd458\" data-element_type=\"widget\" data-e-type=\"widget\" data-widget_type=\"text-editor.default\">\n\t\t\t\t\t\t\t\t\t<h3 data-start=\"1083\" data-end=\"1129\">\ud83c\udf06 What you&#039;ll find in the media kit<\/h3><ul data-start=\"1131\" data-end=\"1413\"><li data-start=\"1131\" data-end=\"1190\"><p data-start=\"1133\" data-end=\"1190\">The official logo (PNG, SVG and transparent background formats)<\/p><\/li><li data-start=\"1191\" data-end=\"1232\"><p data-start=\"1193\" data-end=\"1232\">Screenshots of the application<\/p><\/li><li data-start=\"1233\" data-end=\"1284\"><p data-start=\"1235\" data-end=\"1284\">Ready-to-use press visuals and stories<\/p><\/li><li data-start=\"1285\" data-end=\"1321\"><p data-start=\"1287\" data-end=\"1321\">A presentation of Guidly (PDF)<\/p><\/li><\/ul>\t\t\t\t\t\t\t\t<\/div>\n\t\t\t\t\t<\/div>\n\t\t\t\t<\/div>\n\t\t<div class=\"elementor-element elementor-element-f6507eb e-flex e-con-boxed e-con e-parent\" data-id=\"f6507eb\" data-element_type=\"container\" data-e-type=\"container\">\n\t\t\t\t\t<div class=\"e-con-inner\">\n\t\t\t\t<div class=\"elementor-element elementor-element-4db35a2 elementor-widget elementor-widget-apper_button\" data-id=\"4db35a2\" data-element_type=\"widget\" data-e-type=\"widget\" data-widget_type=\"apper_button.default\">\n\t\t\t\t<div class=\"elementor-widget-container\">\n\t\t\t\t\t\n \t\t<div class=\"acm-button-wrap btn-center\">\n \t\t\t<a class=\"acm-button acm_py-3 acm_inline-block acm_px-10 acm_no-underline acm_mt-0 acm_text-sm acm_text-white acm-btn-solid acm-btn-round acm-btn-default-hover\" href=\"https:\/\/drive.google.com\/drive\/folders\/1UjyjNY9Cizx-Ch4DTaUJZU_ltwcjO0B-?usp=drive_link\">\n \t\t\t\t <span class=\"acm_btn-text\">\n\t\t\t\t\t Download the media kit\t\t\t\t <\/span>\n  \t\t<\/a>\n  \t<\/div>\n\n\t\t\t\t\t<\/div>\n\t\t\t\t<\/div>\n\t\t\t\t\t<\/div>\n\t\t\t\t<\/div>\n\t\t<div class=\"elementor-element elementor-element-2816135 e-flex e-con-boxed e-con e-parent\" data-id=\"2816135\" data-element_type=\"container\" data-e-type=\"container\">\n\t\t\t\t\t<div class=\"e-con-inner\">\n\t\t\t\t<div class=\"elementor-element elementor-element-0421759 elementor-widget elementor-widget-text-editor\" data-id=\"0421759\" data-element_type=\"widget\" data-e-type=\"widget\" data-widget_type=\"text-editor.default\">\n\t\t\t\t\t\t\t\t\t<h2 data-start=\"1221\" data-end=\"1246\">\ud83c\udfa4 Introducing Guidly<\/h2><p data-start=\"1248\" data-end=\"1514\"><strong data-start=\"1248\" data-end=\"1313\">Guidly is a smart audio guidance mobile application<\/strong> which allows visitors to discover monuments and places of interest around them through real-time generated content, tailored to their interests and available in several languages.<\/p><p data-start=\"1516\" data-end=\"1624\">The application automatically detects nearby points of interest and offers a visit experience that is autonomous, personalized, multilingual, accessible at any time, without dedicated equipment.<\/p><p data-start=\"1721\" data-end=\"1913\">Guidly constitutes a <strong data-start=\"1742\" data-end=\"1827\">a modern alternative to traditional audio guides and standard guided tours<\/strong>, particularly suited to contexts where human mediation is not available.<\/p>\t\t\t\t\t\t\t\t<\/div>\n\t\t\t\t\t<\/div>\n\t\t\t\t<\/div>\n\t\t<div class=\"elementor-element elementor-element-53f99da e-flex e-con-boxed e-con e-parent\" data-id=\"53f99da\" data-element_type=\"container\" data-e-type=\"container\">\n\t\t\t\t\t<div class=\"e-con-inner\">\n\t\t\t\t<div class=\"elementor-element elementor-element-0feb8ee elementor-widget elementor-widget-text-editor\" data-id=\"0feb8ee\" data-element_type=\"widget\" data-e-type=\"widget\" data-widget_type=\"text-editor.default\">\n\t\t\t\t\t\t\t\t\t<h2>\ud83d\ude0c Making culture more accessible, everywhere, for all visitors<\/h2><p data-start=\"337\" data-end=\"449\">Today, access to quality cultural mediation remains complex for a large proportion of travelers:<\/p><p data-start=\"337\" data-end=\"449\"><span style=\"font-size: 20px;\">Guided tours are often <\/span><strong style=\"font-size: 20px;\" data-start=\"485\" data-end=\"504\">few available<\/strong><span style=\"font-size: 20px;\">, especially off-season or outside of typical business hours<br \/><\/span>\u2013 The offer is rarely <strong data-start=\"586\" data-end=\"601\">multilingual<\/strong> systematically<br \/>\u2013 The formats are <strong data-start=\"645\" data-end=\"666\">little personalization<\/strong> according to visitors&#039; interests<br \/>\u2013 The costs can be <strong data-start=\"734\" data-end=\"744\">students<\/strong> for individual or family audiences<br \/>\u2013 The experience remains <strong data-start=\"808\" data-end=\"870\">dependent on schedules, groups and human logistics<\/strong><\/p><p data-start=\"872\" data-end=\"926\">For tourism professionals, this translates to:<br \/>- A <strong data-start=\"933\" data-end=\"999\">difficulty in offering accessible cultural mediation 24\/7<br \/><\/strong>- Of the <strong data-start=\"1006\" data-end=\"1036\">high operating costs<\/strong> related to personnel or equipment<br \/>-An offer often <strong data-start=\"1090\" data-end=\"1112\">difficult to scale<\/strong> on a large scale or across multiple languages<br \/>-A <strong data-start=\"1161\" data-end=\"1183\">uneven experience<\/strong> according to visitor profiles<\/p>\t\t\t\t\t\t\t\t<\/div>\n\t\t\t\t\t<\/div>\n\t\t\t\t<\/div>\n\t\t<div class=\"elementor-element elementor-element-09b63dd e-flex e-con-boxed e-con e-parent\" data-id=\"09b63dd\" data-element_type=\"container\" data-e-type=\"container\">\n\t\t\t\t\t<div class=\"e-con-inner\">\n\t\t\t\t<div class=\"elementor-element elementor-element-87c69ec elementor-widget elementor-widget-text-editor\" data-id=\"87c69ec\" data-element_type=\"widget\" data-e-type=\"widget\" data-widget_type=\"text-editor.default\">\n\t\t\t\t\t\t\t\t\t<h2 data-start=\"1920\" data-end=\"1948\">Value for visitors<\/h2><ul data-start=\"1950\" data-end=\"2279\"><li data-start=\"1950\" data-end=\"2020\"><p data-start=\"1952\" data-end=\"2020\">Immediate access to cultural content without prior reservation<\/p><\/li><li data-start=\"2021\" data-end=\"2061\"><p data-start=\"2023\" data-end=\"2061\">Available in multiple languages<\/p><\/li><li data-start=\"2062\" data-end=\"2154\"><p data-start=\"2064\" data-end=\"2154\">Content tailored to individual preferences (history, architecture, anecdotes, etc.)<\/p><\/li><li data-start=\"2155\" data-end=\"2217\"><p data-start=\"2157\" data-end=\"2217\">Freedom to visit at your own pace, without constraints on rhythm or schedule.<\/p><\/li><li data-start=\"2218\" data-end=\"2279\"><p data-start=\"2220\" data-end=\"2279\">Affordable cost compared to traditional guided formats<\/p><\/li><\/ul><hr data-start=\"2281\" data-end=\"2284\" \/><h2 data-start=\"2286\" data-end=\"2331\">Value for tourism professionals<\/h2><ul><li data-start=\"2333\" data-end=\"2415\"><p data-start=\"2335\" data-end=\"2415\">Cultural mediation offer available <strong data-start=\"2376\" data-end=\"2415\">24\/7 without staff mobilization<\/strong><\/p><\/li><li data-start=\"2416\" data-end=\"2481\"><p data-start=\"2418\" data-end=\"2481\">Solution <strong data-start=\"2427\" data-end=\"2444\">without equipment<\/strong> (no devices, no maintenance)<\/p><\/li><li data-start=\"2482\" data-end=\"2561\"><p data-start=\"2484\" data-end=\"2561\">Opportunity to enhance the visitor experience without complicating the organization<\/p><\/li><li data-start=\"2482\" data-end=\"2561\"><p data-start=\"2484\" data-end=\"2561\">A tool easily integrated into: travel journals, confirmation emails, visitor welcome materials, digital tourism materials<\/p><\/li><li data-start=\"2482\" data-end=\"2561\"><p data-start=\"2484\" data-end=\"2561\">Improving the satisfaction and autonomy of international visitors<\/p><\/li><\/ul>\t\t\t\t\t\t\t\t<\/div>\n\t\t\t\t\t<\/div>\n\t\t\t\t<\/div>\n\t\t<div class=\"elementor-element elementor-element-7a21b5d e-flex e-con-boxed e-con e-parent\" data-id=\"7a21b5d\" data-element_type=\"container\" data-e-type=\"container\">\n\t\t\t\t\t<div class=\"e-con-inner\">\n\t\t\t\t<div class=\"elementor-element elementor-element-402f29f elementor-widget elementor-widget-text-editor\" data-id=\"402f29f\" data-element_type=\"widget\" data-e-type=\"widget\" data-widget_type=\"text-editor.default\">\n\t\t\t\t\t\t\t\t\t<h2 data-start=\"2796\" data-end=\"2826\">\ud83d\udea8 Limits &amp; scope of use<\/h2><ul data-start=\"2828\" data-end=\"3058\"><li data-start=\"2828\" data-end=\"2907\"><p data-start=\"2830\" data-end=\"2907\">Guidly does not replace the <strong data-start=\"2857\" data-end=\"2893\">premium human-guided tours<\/strong> or immersive<\/p><\/li><li data-start=\"2908\" data-end=\"2957\"><p data-start=\"2910\" data-end=\"2957\">The app does not work in museums.<\/p><\/li><li data-start=\"2958\" data-end=\"3058\"><p data-start=\"2960\" data-end=\"3058\">It does not offer trip planning or hotel or restaurant recommendations.<\/p><\/li><\/ul><p data-start=\"3060\" data-end=\"3172\">Guidly primarily intervenes as <strong data-start=\"3099\" data-end=\"3133\">autonomous mediation solution<\/strong>, complementary to existing offers.<\/p>\t\t\t\t\t\t\t\t<\/div>\n\t\t\t\t\t<\/div>\n\t\t\t\t<\/div>\n\t\t<div class=\"elementor-element elementor-element-256ecc6 e-flex e-con-boxed e-con e-parent\" data-id=\"256ecc6\" data-element_type=\"container\" data-e-type=\"container\">\n\t\t\t\t\t<div class=\"e-con-inner\">\n\t\t\t\t<div class=\"elementor-element elementor-element-42cbd05 elementor-widget elementor-widget-text-editor\" data-id=\"42cbd05\" data-element_type=\"widget\" data-e-type=\"widget\" data-widget_type=\"text-editor.default\">\n\t\t\t\t\t\t\t\t\t<h2 data-start=\"3700\" data-end=\"3732\">\u260e\ufe0f Press Contact &amp; Partnerships<\/h2><p data-start=\"3734\" data-end=\"3803\">Kenza Yahiaoui<br data-start=\"3748\" data-end=\"3751\" \/>\ud83d\udce7 <a class=\"decorated-link cursor-pointer\" rel=\"noopener\" data-start=\"3754\" data-end=\"3778\">kenza.yahiaoui@guidly.fr<\/a><br data-start=\"3778\" data-end=\"3781\" \/>\ud83d\udcde +33 7 50 86 34 50<\/p>\t\t\t\t\t\t\t\t<\/div>\n\t\t\t\t\t<\/div>\n\t\t\t\t<\/div>\n\t\t<div class=\"elementor-element elementor-element-a89765f e-flex e-con-boxed e-con e-parent\" data-id=\"a89765f\" data-element_type=\"container\" data-e-type=\"container\">\n\t\t\t\t\t<div class=\"e-con-inner\">\n\t\t\t\t<div class=\"elementor-element elementor-element-b0ef8e2 elementor-widget elementor-widget-apper_button\" data-id=\"b0ef8e2\" data-element_type=\"widget\" data-e-type=\"widget\" data-widget_type=\"apper_button.default\">\n\t\t\t\t<div class=\"elementor-widget-container\">\n\t\t\t\t\t\n \t\t<div class=\"acm-button-wrap btn-center\">\n \t\t\t<a class=\"acm-button acm_py-3 acm_inline-block acm_px-10 acm_no-underline acm_mt-0 acm_text-sm acm_text-white acm-btn-solid acm-btn-round acm-btn-default-hover\" href=\"https:\/\/drive.google.com\/drive\/folders\/1UjyjNY9Cizx-Ch4DTaUJZU_ltwcjO0B-?usp=drive_link\">\n \t\t\t\t <span class=\"acm_btn-text\">\n\t\t\t\t\t Download the media kit\t\t\t\t <\/span>\n  \t\t<\/a>\n  \t<\/div>\n\n\t\t\t\t\t<\/div>\n\t\t\t\t<\/div>\n\t\t\t\t\t<\/div>\n\t\t\t\t<\/div>\n\t\t\t\t<\/div>","protected":false},"excerpt":{"rendered":"<p>\ud83d\uddde\ufe0f Kit M\u00e9dia Guidly D\u00e9couvrez Guidly, le compagnon de voyage intelligent qui r\u00e9invente la visite touristique.Disponible dans le monde entier, Guidly permet de d\u00e9couvrir les monuments autour de soi gr\u00e2ce \u00e0 des audioguides personnalis\u00e9s, g\u00e9n\u00e9r\u00e9s par l\u2019IA selon les int\u00e9r\u00eats du voyageur. \ud83c\udf06 Ce que vous trouverez dans le kit m\u00e9dia Le logo officiel (formats [&hellip;]<\/p>\n","protected":false},"author":1,"featured_media":0,"parent":0,"menu_order":0,"comment_status":"closed","ping_status":"closed","template":"","meta":{"footnotes":""},"class_list":["post-6821","page","type-page","status-publish","hentry","entry"],"yoast_head":"<!-- This site is optimized with the Yoast SEO plugin v27.2 - https:\/\/yoast.com\/product\/yoast-seo-wordpress\/ -->\n<title>Kit Media Guidly : tout savoir sur l&#039;application - Guidly<\/title>\n<meta name=\"description\" content=\"T\u00e9l\u00e9chargez le Kit M\u00e9dia de Guidly : logos, visuels, captures d\u2019\u00e9cran et dossier presse\" \/>\n<meta name=\"robots\" content=\"index, follow, max-snippet:-1, max-image-preview:large, max-video-preview:-1\" \/>\n<link rel=\"canonical\" href=\"https:\/\/guidly.fr\/en\/kit-media\/\" \/>\n<meta property=\"og:locale\" content=\"en_GB\" \/>\n<meta property=\"og:type\" content=\"article\" \/>\n<meta property=\"og:title\" content=\"Kit Media Guidly : tout savoir sur l&#039;application - Guidly\" \/>\n<meta property=\"og:description\" content=\"T\u00e9l\u00e9chargez le Kit M\u00e9dia de Guidly : logos, visuels, captures d\u2019\u00e9cran et dossier presse\" \/>\n<meta property=\"og:url\" content=\"https:\/\/guidly.fr\/en\/kit-media\/\" \/>\n<meta property=\"og:site_name\" content=\"Guidly\" \/>\n<meta property=\"article:modified_time\" content=\"2026-02-10T14:10:12+00:00\" \/>\n<meta property=\"og:image\" content=\"https:\/\/guidly.fr\/wp-content\/uploads\/2025\/04\/cropped-cropped-cropped-Logo-512-x-512-px-2-1.png\" \/>\n\t<meta property=\"og:image:width\" content=\"512\" \/>\n\t<meta property=\"og:image:height\" content=\"512\" \/>\n\t<meta property=\"og:image:type\" content=\"image\/png\" \/>\n<meta name=\"twitter:card\" content=\"summary_large_image\" \/>\n<meta name=\"twitter:site\" content=\"@guidly_app\" \/>\n<meta name=\"twitter:label1\" content=\"Estimated reading time\" \/>\n\t<meta name=\"twitter:data1\" content=\"1 minute\" \/>\n<script type=\"application\/ld+json\" class=\"yoast-schema-graph\">{\"@context\":\"https:\/\/schema.org\",\"@graph\":[{\"@type\":\"WebPage\",\"@id\":\"https:\/\/guidly.fr\/kit-media\/\",\"url\":\"https:\/\/guidly.fr\/kit-media\/\",\"name\":\"Kit Media Guidly : tout savoir sur l'application - Guidly\",\"isPartOf\":{\"@id\":\"https:\/\/guidly.fr\/#website\"},\"datePublished\":\"2025-10-28T13:00:45+00:00\",\"dateModified\":\"2026-02-10T14:10:12+00:00\",\"description\":\"T\u00e9l\u00e9chargez le Kit M\u00e9dia de Guidly : logos, visuels, captures d\u2019\u00e9cran et dossier presse\",\"breadcrumb\":{\"@id\":\"https:\/\/guidly.fr\/kit-media\/#breadcrumb\"},\"inLanguage\":\"en-GB\",\"potentialAction\":[{\"@type\":\"ReadAction\",\"target\":[\"https:\/\/guidly.fr\/kit-media\/\"]}]},{\"@type\":\"BreadcrumbList\",\"@id\":\"https:\/\/guidly.fr\/kit-media\/#breadcrumb\",\"itemListElement\":[{\"@type\":\"ListItem\",\"position\":1,\"name\":\"Accueil\",\"item\":\"https:\/\/guidly.fr\/\"},{\"@type\":\"ListItem\",\"position\":2,\"name\":\"Kit m\u00e9dia\"}]},{\"@type\":\"WebSite\",\"@id\":\"https:\/\/guidly.fr\/#website\",\"url\":\"https:\/\/guidly.fr\/\",\"name\":\"GUIDLY\",\"description\":\"D\u00e9couvre le monde, une anecdote \u00e0 la fois\",\"publisher\":{\"@id\":\"https:\/\/guidly.fr\/#organization\"},\"alternateName\":\"guidly\",\"potentialAction\":[{\"@type\":\"SearchAction\",\"target\":{\"@type\":\"EntryPoint\",\"urlTemplate\":\"https:\/\/guidly.fr\/?s={search_term_string}\"},\"query-input\":{\"@type\":\"PropertyValueSpecification\",\"valueRequired\":true,\"valueName\":\"search_term_string\"}}],\"inLanguage\":\"en-GB\"},{\"@type\":\"Organization\",\"@id\":\"https:\/\/guidly.fr\/#organization\",\"name\":\"GUIDLY\",\"url\":\"https:\/\/guidly.fr\/\",\"logo\":{\"@type\":\"ImageObject\",\"inLanguage\":\"en-GB\",\"@id\":\"https:\/\/guidly.fr\/#\/schema\/logo\/image\/\",\"url\":\"https:\/\/guidly.fr\/wp-content\/uploads\/2025\/04\/Logo-512-x-512-px-2.png\",\"contentUrl\":\"https:\/\/guidly.fr\/wp-content\/uploads\/2025\/04\/Logo-512-x-512-px-2.png\",\"width\":512,\"height\":512,\"caption\":\"GUIDLY\"},\"image\":{\"@id\":\"https:\/\/guidly.fr\/#\/schema\/logo\/image\/\"},\"sameAs\":[\"https:\/\/x.com\/guidly_app\",\"https:\/\/www.instagram.com\/guidly_app\/\",\"https:\/\/www.tiktok.com\/@guidly_app\"]}]}<\/script>\n<!-- \/ Yoast SEO plugin. -->","yoast_head_json":{"title":"Guidly Media Kit: Everything you need to know about the app - Guidly","description":"Download the Guidly Media Kit: logos, visuals, screenshots and press kit","robots":{"index":"index","follow":"follow","max-snippet":"max-snippet:-1","max-image-preview":"max-image-preview:large","max-video-preview":"max-video-preview:-1"},"canonical":"https:\/\/guidly.fr\/en\/kit-media\/","og_locale":"en_GB","og_type":"article","og_title":"Kit Media Guidly : tout savoir sur l'application - Guidly","og_description":"T\u00e9l\u00e9chargez le Kit M\u00e9dia de Guidly : logos, visuels, captures d\u2019\u00e9cran et dossier presse","og_url":"https:\/\/guidly.fr\/en\/kit-media\/","og_site_name":"Guidly","article_modified_time":"2026-02-10T14:10:12+00:00","og_image":[{"width":512,"height":512,"url":"https:\/\/guidly.fr\/wp-content\/uploads\/2025\/04\/cropped-cropped-cropped-Logo-512-x-512-px-2-1.png","type":"image\/png"}],"twitter_card":"summary_large_image","twitter_site":"@guidly_app","twitter_misc":{"Estimated reading time":"1 minute"},"schema":{"@context":"https:\/\/schema.org","@graph":[{"@type":"WebPage","@id":"https:\/\/guidly.fr\/kit-media\/","url":"https:\/\/guidly.fr\/kit-media\/","name":"Guidly Media Kit: Everything you need to know about the app - Guidly","isPartOf":{"@id":"https:\/\/guidly.fr\/#website"},"datePublished":"2025-10-28T13:00:45+00:00","dateModified":"2026-02-10T14:10:12+00:00","description":"Download the Guidly Media Kit: logos, visuals, screenshots and press kit","breadcrumb":{"@id":"https:\/\/guidly.fr\/kit-media\/#breadcrumb"},"inLanguage":"en-GB","potentialAction":[{"@type":"ReadAction","target":["https:\/\/guidly.fr\/kit-media\/"]}]},{"@type":"BreadcrumbList","@id":"https:\/\/guidly.fr\/kit-media\/#breadcrumb","itemListElement":[{"@type":"ListItem","position":1,"name":"Accueil","item":"https:\/\/guidly.fr\/"},{"@type":"ListItem","position":2,"name":"Kit m\u00e9dia"}]},{"@type":"WebSite","@id":"https:\/\/guidly.fr\/#website","url":"https:\/\/guidly.fr\/","name":"GUIDLY","description":"Discover the world, one anecdote at a time","publisher":{"@id":"https:\/\/guidly.fr\/#organization"},"alternateName":"guidly","potentialAction":[{"@type":"SearchAction","target":{"@type":"EntryPoint","urlTemplate":"https:\/\/guidly.fr\/?s={search_term_string}"},"query-input":{"@type":"PropertyValueSpecification","valueRequired":true,"valueName":"search_term_string"}}],"inLanguage":"en-GB"},{"@type":"Organization","@id":"https:\/\/guidly.fr\/#organization","name":"GUIDLY","url":"https:\/\/guidly.fr\/","logo":{"@type":"ImageObject","inLanguage":"en-GB","@id":"https:\/\/guidly.fr\/#\/schema\/logo\/image\/","url":"https:\/\/guidly.fr\/wp-content\/uploads\/2025\/04\/Logo-512-x-512-px-2.png","contentUrl":"https:\/\/guidly.fr\/wp-content\/uploads\/2025\/04\/Logo-512-x-512-px-2.png","width":512,"height":512,"caption":"GUIDLY"},"image":{"@id":"https:\/\/guidly.fr\/#\/schema\/logo\/image\/"},"sameAs":["https:\/\/x.com\/guidly_app","https:\/\/www.instagram.com\/guidly_app\/","https:\/\/www.tiktok.com\/@guidly_app"]}]}},"_links":{"self":[{"href":"https:\/\/guidly.fr\/en\/wp-json\/wp\/v2\/pages\/6821","targetHints":{"allow":["GET"]}}],"collection":[{"href":"https:\/\/guidly.fr\/en\/wp-json\/wp\/v2\/pages"}],"about":[{"href":"https:\/\/guidly.fr\/en\/wp-json\/wp\/v2\/types\/page"}],"author":[{"embeddable":true,"href":"https:\/\/guidly.fr\/en\/wp-json\/wp\/v2\/users\/1"}],"replies":[{"embeddable":true,"href":"https:\/\/guidly.fr\/en\/wp-json\/wp\/v2\/comments?post=6821"}],"version-history":[{"count":11,"href":"https:\/\/guidly.fr\/en\/wp-json\/wp\/v2\/pages\/6821\/revisions"}],"predecessor-version":[{"id":7779,"href":"https:\/\/guidly.fr\/en\/wp-json\/wp\/v2\/pages\/6821\/revisions\/7779"}],"wp:attachment":[{"href":"https:\/\/guidly.fr\/en\/wp-json\/wp\/v2\/media?parent=6821"}],"curies":[{"name":"wp","href":"https:\/\/api.w.org\/{rel}","templated":true}]}}