{"id":7604,"date":"2026-01-15T14:13:35","date_gmt":"2026-01-15T14:13:35","guid":{"rendered":"https:\/\/guidly.fr\/?page_id=7604"},"modified":"2026-01-15T14:16:32","modified_gmt":"2026-01-15T14:16:32","slug":"guidly-x-gerald","status":"publish","type":"page","link":"https:\/\/guidly.fr\/en\/guidly-x-gerald\/","title":{"rendered":"Guidly X Gerald"},"content":{"rendered":"<div data-elementor-type=\"wp-page\" data-elementor-id=\"7604\" class=\"elementor elementor-7604\">\n\t\t\t\t<div class=\"elementor-element elementor-element-385b112b e-flex e-con-boxed e-con e-parent\" data-id=\"385b112b\" data-element_type=\"container\" data-e-type=\"container\">\n\t\t\t\t\t<div class=\"e-con-inner\">\n\t\t\t\t<div class=\"elementor-element elementor-element-25bc6ec0 elementor-widget elementor-widget-text-editor\" data-id=\"25bc6ec0\" data-element_type=\"widget\" data-e-type=\"widget\" data-widget_type=\"text-editor.default\">\n\t\t\t\t\t\t\t\t\t<p style=\"text-align: center;\"><b>C&rsquo;est une page uniquement destin\u00e9 aux reservations de G\u00e9rald, g\u00e9rald en Am\u00e9rique !<\/b><\/p>\t\t\t\t\t\t\t\t<\/div>\n\t\t\t\t\t<\/div>\n\t\t\t\t<\/div>\n\t\t\t\t<section class=\"elementor-section elementor-top-section elementor-element elementor-element-18ff6c47 acm_gradient-bg-middle elementor-section-boxed elementor-section-height-default elementor-section-height-default acm_section_full\" data-id=\"18ff6c47\" data-element_type=\"section\" data-e-type=\"section\" data-settings=\"{&quot;animation&quot;:&quot;none&quot;}\">\n\t\t\t\t\t\t<div class=\"elementor-container elementor-column-gap-default\">\n\t\t\t\t\t<div class=\"elementor-column elementor-col-20 elementor-top-column elementor-element elementor-element-4366bc0f\" data-id=\"4366bc0f\" data-element_type=\"column\" data-e-type=\"column\" data-settings=\"{&quot;background_background&quot;:&quot;classic&quot;}\">\n\t\t\t<div class=\"elementor-widget-wrap elementor-element-populated\">\n\t\t\t\t\t\t<div class=\"elementor-element elementor-element-3abeb377 elementor-widget__width-initial elementor-widget elementor-widget-heading\" data-id=\"3abeb377\" data-element_type=\"widget\" data-e-type=\"widget\" data-widget_type=\"heading.default\">\n\t\t\t\t\t<h2 class=\"elementor-heading-title elementor-size-default\">PASS <br>24 hours<\/h2>\t\t\t\t<\/div>\n\t\t\t\t<div class=\"elementor-element elementor-element-306084f elementor-widget elementor-widget-text-editor\" data-id=\"306084f\" data-element_type=\"widget\" data-e-type=\"widget\" data-widget_type=\"text-editor.default\">\n\t\t\t\t\t\t\t\t\t<h1 style=\"text-align: center;\"><span style=\"color: #323739;\">2,54\u20ac<\/span><\/h1>\t\t\t\t\t\t\t\t<\/div>\n\t\t\t\t<div class=\"elementor-element elementor-element-3b6f039f elementor-widget elementor-widget-text-editor\" data-id=\"3b6f039f\" data-element_type=\"widget\" data-e-type=\"widget\" data-widget_type=\"text-editor.default\">\n\t\t\t\t\t\t\t\t\t<p style=\"text-align: center;\">Instead of \u20ac2.99<\/p>\t\t\t\t\t\t\t\t<\/div>\n\t\t\t\t<div class=\"elementor-element elementor-element-19b74d3d elementor-align-center elementor-widget__width-inherit elementor-widget elementor-widget-button\" data-id=\"19b74d3d\" data-element_type=\"widget\" data-e-type=\"widget\" data-widget_type=\"button.default\">\n\t\t\t\t\t\t\t\t\t\t<a class=\"elementor-button elementor-button-link elementor-size-sm elementor-animation-grow\" href=\"https:\/\/buy.stripe.com\/9B69AT56adV46Bid973wQ07\">\n\t\t\t\t\t\t<span class=\"elementor-button-content-wrapper\">\n\t\t\t\t\t\t\t\t\t<span class=\"elementor-button-text\">Buy my pass<\/span>\n\t\t\t\t\t<\/span>\n\t\t\t\t\t<\/a>\n\t\t\t\t\t\t\t\t<\/div>\n\t\t\t\t<div class=\"elementor-element elementor-element-66ee4281 elementor-widget elementor-widget-spacer\" data-id=\"66ee4281\" data-element_type=\"widget\" data-e-type=\"widget\" data-widget_type=\"spacer.default\">\n\t\t\t\t\t\t\t<div class=\"elementor-spacer\">\n\t\t\t<div class=\"elementor-spacer-inner\"><\/div>\n\t\t<\/div>\n\t\t\t\t\t\t<\/div>\n\t\t\t\t\t<\/div>\n\t\t<\/div>\n\t\t\t\t<div class=\"elementor-column elementor-col-20 elementor-top-column elementor-element elementor-element-531cb65f\" data-id=\"531cb65f\" data-element_type=\"column\" data-e-type=\"column\" data-settings=\"{&quot;background_background&quot;:&quot;classic&quot;}\">\n\t\t\t<div class=\"elementor-widget-wrap elementor-element-populated\">\n\t\t\t\t\t\t<div class=\"elementor-element elementor-element-564e25e3 elementor-widget__width-initial elementor-widget elementor-widget-heading\" data-id=\"564e25e3\" data-element_type=\"widget\" data-e-type=\"widget\" data-widget_type=\"heading.default\">\n\t\t\t\t\t<h2 class=\"elementor-heading-title elementor-size-default\">PASS<br>72 H<\/h2>\t\t\t\t<\/div>\n\t\t\t\t<div class=\"elementor-element elementor-element-6f23b9f9 elementor-widget elementor-widget-text-editor\" data-id=\"6f23b9f9\" data-element_type=\"widget\" data-e-type=\"widget\" data-widget_type=\"text-editor.default\">\n\t\t\t\t\t\t\t\t\t<h1 style=\"text-align: center;\"><span style=\"color: #323739;\">5,94\u20ac<\/span><\/h1>\t\t\t\t\t\t\t\t<\/div>\n\t\t\t\t<div class=\"elementor-element elementor-element-11860d05 elementor-widget elementor-widget-text-editor\" data-id=\"11860d05\" data-element_type=\"widget\" data-e-type=\"widget\" data-widget_type=\"text-editor.default\">\n\t\t\t\t\t\t\t\t\t<p style=\"text-align: center;\">Instead of \u20ac8.97<\/p>\t\t\t\t\t\t\t\t<\/div>\n\t\t\t\t<div class=\"elementor-element elementor-element-682d36de elementor-align-center elementor-widget elementor-widget-button\" data-id=\"682d36de\" data-element_type=\"widget\" data-e-type=\"widget\" data-widget_type=\"button.default\">\n\t\t\t\t\t\t\t\t\t\t<a class=\"elementor-button elementor-button-link elementor-size-sm elementor-animation-grow\" href=\"https:\/\/buy.stripe.com\/4gMdR99mq3gqcZG2ut3wQ08\">\n\t\t\t\t\t\t<span class=\"elementor-button-content-wrapper\">\n\t\t\t\t\t\t\t\t\t<span class=\"elementor-button-text\">Buy my pass<\/span>\n\t\t\t\t\t<\/span>\n\t\t\t\t\t<\/a>\n\t\t\t\t\t\t\t\t<\/div>\n\t\t\t\t\t<\/div>\n\t\t<\/div>\n\t\t\t\t<div class=\"elementor-column elementor-col-20 elementor-top-column elementor-element elementor-element-5b0b682a\" data-id=\"5b0b682a\" data-element_type=\"column\" data-e-type=\"column\" data-settings=\"{&quot;background_background&quot;:&quot;classic&quot;}\">\n\t\t\t<div class=\"elementor-widget-wrap elementor-element-populated\">\n\t\t\t\t\t\t<div class=\"elementor-element elementor-element-1b12fbf9 elementor-widget__width-initial elementor-widget elementor-widget-heading\" data-id=\"1b12fbf9\" data-element_type=\"widget\" data-e-type=\"widget\" data-widget_type=\"heading.default\">\n\t\t\t\t\t<h2 class=\"elementor-heading-title elementor-size-default\">PASS <br>1 WEEK<\/h2>\t\t\t\t<\/div>\n\t\t\t\t<div class=\"elementor-element elementor-element-4d4d6865 elementor-widget elementor-widget-text-editor\" data-id=\"4d4d6865\" data-element_type=\"widget\" data-e-type=\"widget\" data-widget_type=\"text-editor.default\">\n\t\t\t\t\t\t\t\t\t<h1 style=\"text-align: center;\"><span style=\"color: #323739;\">11,04\u20ac<\/span><\/h1>\t\t\t\t\t\t\t\t<\/div>\n\t\t\t\t<div class=\"elementor-element elementor-element-18d633d9 elementor-widget elementor-widget-text-editor\" data-id=\"18d633d9\" data-element_type=\"widget\" data-e-type=\"widget\" data-widget_type=\"text-editor.default\">\n\t\t\t\t\t\t\t\t\t<p style=\"text-align: center;\">Instead of \u20ac20.93<\/p>\t\t\t\t\t\t\t\t<\/div>\n\t\t\t\t<div class=\"elementor-element elementor-element-7879fa53 elementor-align-center elementor-widget elementor-widget-button\" data-id=\"7879fa53\" data-element_type=\"widget\" data-e-type=\"widget\" data-widget_type=\"button.default\">\n\t\t\t\t\t\t\t\t\t\t<a class=\"elementor-button elementor-button-link elementor-size-sm elementor-animation-grow\" href=\"https:\/\/buy.stripe.com\/cNi7sLfKOdV4e3K3yx3wQ06\">\n\t\t\t\t\t\t<span class=\"elementor-button-content-wrapper\">\n\t\t\t\t\t\t\t\t\t<span class=\"elementor-button-text\">Buy my pass<\/span>\n\t\t\t\t\t<\/span>\n\t\t\t\t\t<\/a>\n\t\t\t\t\t\t\t\t<\/div>\n\t\t\t\t\t<\/div>\n\t\t<\/div>\n\t\t\t\t<div class=\"elementor-column elementor-col-20 elementor-top-column elementor-element elementor-element-51452bc\" data-id=\"51452bc\" data-element_type=\"column\" data-e-type=\"column\" data-settings=\"{&quot;background_background&quot;:&quot;classic&quot;}\">\n\t\t\t<div class=\"elementor-widget-wrap elementor-element-populated\">\n\t\t\t\t\t\t<div class=\"elementor-element elementor-element-3f45dfc elementor-widget__width-initial elementor-widget elementor-widget-heading\" data-id=\"3f45dfc\" data-element_type=\"widget\" data-e-type=\"widget\" data-widget_type=\"heading.default\">\n\t\t\t\t\t<h2 class=\"elementor-heading-title elementor-size-default\">PASS <br>2 WEEKS<\/h2>\t\t\t\t<\/div>\n\t\t\t\t<div class=\"elementor-element elementor-element-9d3db7e elementor-widget elementor-widget-text-editor\" data-id=\"9d3db7e\" data-element_type=\"widget\" data-e-type=\"widget\" data-widget_type=\"text-editor.default\">\n\t\t\t\t\t\t\t\t\t<h1 style=\"text-align: center;\"><span style=\"color: #323739;\">20,40<\/span><span style=\"color: #323739;\">\u20ac<\/span><\/h1>\t\t\t\t\t\t\t\t<\/div>\n\t\t\t\t<div class=\"elementor-element elementor-element-ceb8c6d elementor-widget elementor-widget-text-editor\" data-id=\"ceb8c6d\" data-element_type=\"widget\" data-e-type=\"widget\" data-widget_type=\"text-editor.default\">\n\t\t\t\t\t\t\t\t\t<p style=\"text-align: center;\">Instead of \u20ac41.86<\/p>\t\t\t\t\t\t\t\t<\/div>\n\t\t\t\t<div class=\"elementor-element elementor-element-0451699 elementor-align-center elementor-widget elementor-widget-button\" data-id=\"0451699\" data-element_type=\"widget\" data-e-type=\"widget\" data-widget_type=\"button.default\">\n\t\t\t\t\t\t\t\t\t\t<a class=\"elementor-button elementor-button-link elementor-size-sm elementor-animation-grow\" href=\"https:\/\/buy.stripe.com\/bJeaEX2Y2bMW8Jq6KJ3wQ0a\">\n\t\t\t\t\t\t<span class=\"elementor-button-content-wrapper\">\n\t\t\t\t\t\t\t\t\t<span class=\"elementor-button-text\">Buy my pass<\/span>\n\t\t\t\t\t<\/span>\n\t\t\t\t\t<\/a>\n\t\t\t\t\t\t\t\t<\/div>\n\t\t\t\t\t<\/div>\n\t\t<\/div>\n\t\t\t\t<div class=\"elementor-column elementor-col-20 elementor-top-column elementor-element elementor-element-559965c\" data-id=\"559965c\" data-element_type=\"column\" data-e-type=\"column\" data-settings=\"{&quot;background_background&quot;:&quot;classic&quot;}\">\n\t\t\t<div class=\"elementor-widget-wrap elementor-element-populated\">\n\t\t\t\t\t\t<div class=\"elementor-element elementor-element-b4b7fd4 elementor-widget__width-initial elementor-widget elementor-widget-heading\" data-id=\"b4b7fd4\" data-element_type=\"widget\" data-e-type=\"widget\" data-widget_type=\"heading.default\">\n\t\t\t\t\t<h2 class=\"elementor-heading-title elementor-size-default\">PASS <br>3 WEEKS<\/h2>\t\t\t\t<\/div>\n\t\t\t\t<div class=\"elementor-element elementor-element-65e48f0 elementor-widget elementor-widget-text-editor\" data-id=\"65e48f0\" data-element_type=\"widget\" data-e-type=\"widget\" data-widget_type=\"text-editor.default\">\n\t\t\t\t\t\t\t\t\t<h1 style=\"text-align: center;\"><span style=\"color: #323739;\">31,34\u20ac<\/span><\/h1>\t\t\t\t\t\t\t\t<\/div>\n\t\t\t\t<div class=\"elementor-element elementor-element-d4e25a0 elementor-widget elementor-widget-text-editor\" data-id=\"d4e25a0\" data-element_type=\"widget\" data-e-type=\"widget\" data-widget_type=\"text-editor.default\">\n\t\t\t\t\t\t\t\t\t<p style=\"text-align: center;\">Instead of \u20ac62.79<\/p>\t\t\t\t\t\t\t\t<\/div>\n\t\t\t\t<div class=\"elementor-element elementor-element-e3106d1 elementor-align-center elementor-widget elementor-widget-button\" data-id=\"e3106d1\" data-element_type=\"widget\" data-e-type=\"widget\" data-widget_type=\"button.default\">\n\t\t\t\t\t\t\t\t\t\t<a class=\"elementor-button elementor-button-link elementor-size-sm elementor-animation-grow\" href=\"https:\/\/buy.stripe.com\/8x2fZh56a6sC0cU2ut3wQ0d\">\n\t\t\t\t\t\t<span class=\"elementor-button-content-wrapper\">\n\t\t\t\t\t\t\t\t\t<span class=\"elementor-button-text\">Buy my pass<\/span>\n\t\t\t\t\t<\/span>\n\t\t\t\t\t<\/a>\n\t\t\t\t\t\t\t\t<\/div>\n\t\t\t\t\t<\/div>\n\t\t<\/div>\n\t\t\t\t\t<\/div>\n\t\t<\/section>\n\t\t<div class=\"elementor-element elementor-element-4c2fdcab e-flex e-con-boxed e-con e-parent\" data-id=\"4c2fdcab\" data-element_type=\"container\" data-e-type=\"container\">\n\t\t\t\t\t<div class=\"e-con-inner\">\n\t\t\t\t<div class=\"elementor-element elementor-element-ef2d914 elementor-widget elementor-widget-text-editor\" data-id=\"ef2d914\" data-element_type=\"widget\" data-e-type=\"widget\" data-widget_type=\"text-editor.default\">\n\t\t\t\t\t\t\t\t\t<p data-start=\"66\" data-end=\"91\"><strong data-start=\"66\" data-end=\"89\">How does it work?<\/strong><\/p><ol data-start=\"93\" data-end=\"540\"><li data-start=\"93\" data-end=\"202\"><p data-start=\"96\" data-end=\"202\">\u00a0As soon as your order is validated, you will automatically receive an email with <strong data-start=\"173\" data-end=\"199\">personal access code<\/strong>.<\/p><\/li><li data-start=\"203\" data-end=\"271\"><p data-start=\"206\" data-end=\"271\">\u00a0Open the app and go to the section <em data-start=\"258\" data-end=\"268\">Products<\/em>.<\/p><\/li><li data-start=\"272\" data-end=\"338\"><p data-start=\"275\" data-end=\"338\">\u00a0Select the <strong data-start=\"291\" data-end=\"304\">same pass<\/strong> than the one you bought.<\/p><\/li><li data-start=\"339\" data-end=\"468\"><p data-start=\"342\" data-end=\"468\">\u00a0In the field <em data-start=\"356\" data-end=\"368\">Promo code<\/em>, enter your code then click on <strong data-start=\"408\" data-end=\"421\">Continue<\/strong> : the amount automatically increases to <strong data-start=\"459\" data-end=\"465\">0\u20ac<\/strong>.<\/p><\/li><li data-start=\"469\" data-end=\"540\"><p data-start=\"472\" data-end=\"540\">\u00a0That&#039;s it! \ud83c\udf89 You can now enjoy your pass.<\/p><\/li><\/ol>\t\t\t\t\t\t\t\t<\/div>\n\t\t\t\t\t<\/div>\n\t\t\t\t<\/div>\n\t\t\t\t<\/div>","protected":false},"excerpt":{"rendered":"<p>C&rsquo;est une page uniquement destin\u00e9 aux reservations de G\u00e9rald, g\u00e9rald en Am\u00e9rique ! PASS 24 H 2,54\u20ac Au lieu de 2,99\u20ac Acheter mon pass PASS 72 H 5,94\u20ac Au lieu de 8,97\u20ac Acheter mon pass PASS 1 SEMAINE 11,04\u20ac Au lieu de 20,93\u20ac Acheter mon pass PASS 2 SEMAINES 20,40\u20ac Au lieu de 41,86\u20ac Acheter [&hellip;]<\/p>\n","protected":false},"author":1,"featured_media":0,"parent":0,"menu_order":0,"comment_status":"closed","ping_status":"closed","template":"","meta":{"footnotes":""},"class_list":["post-7604","page","type-page","status-publish","hentry","entry"],"yoast_head":"<!-- This site is optimized with the Yoast SEO plugin v27.2 - https:\/\/yoast.com\/product\/yoast-seo-wordpress\/ -->\n<title>Guidly X Gerald - Guidly<\/title>\n<meta name=\"robots\" content=\"noindex, nofollow\" \/>\n<meta property=\"og:locale\" content=\"en_GB\" \/>\n<meta property=\"og:type\" content=\"article\" \/>\n<meta property=\"og:title\" content=\"Guidly X Gerald - Guidly\" \/>\n<meta property=\"og:description\" content=\"C&rsquo;est une page uniquement destin\u00e9 aux reservations de G\u00e9rald, g\u00e9rald en Am\u00e9rique ! PASS 24 H 2,54\u20ac Au lieu de 2,99\u20ac Acheter mon pass PASS 72 H 5,94\u20ac Au lieu de 8,97\u20ac Acheter mon pass PASS 1 SEMAINE 11,04\u20ac Au lieu de 20,93\u20ac Acheter mon pass PASS 2 SEMAINES 20,40\u20ac Au lieu de 41,86\u20ac Acheter [&hellip;]\" \/>\n<meta property=\"og:url\" content=\"https:\/\/guidly.fr\/en\/guidly-x-gerald\/\" \/>\n<meta property=\"og:site_name\" content=\"Guidly\" \/>\n<meta property=\"article:modified_time\" content=\"2026-01-15T14:16:32+00:00\" \/>\n<meta property=\"og:image\" content=\"https:\/\/guidly.fr\/wp-content\/uploads\/2025\/04\/cropped-cropped-cropped-Logo-512-x-512-px-2-1.png\" \/>\n\t<meta property=\"og:image:width\" content=\"512\" \/>\n\t<meta property=\"og:image:height\" content=\"512\" \/>\n\t<meta property=\"og:image:type\" content=\"image\/png\" \/>\n<meta name=\"twitter:card\" content=\"summary_large_image\" \/>\n<meta name=\"twitter:site\" content=\"@guidly_app\" \/>\n<meta name=\"twitter:label1\" content=\"Estimated reading time\" \/>\n\t<meta name=\"twitter:data1\" content=\"1 minute\" \/>\n<script type=\"application\/ld+json\" class=\"yoast-schema-graph\">{\"@context\":\"https:\/\/schema.org\",\"@graph\":[{\"@type\":\"WebPage\",\"@id\":\"https:\/\/guidly.fr\/guidly-x-gerald\/\",\"url\":\"https:\/\/guidly.fr\/guidly-x-gerald\/\",\"name\":\"Guidly X Gerald - Guidly\",\"isPartOf\":{\"@id\":\"https:\/\/guidly.fr\/#website\"},\"datePublished\":\"2026-01-15T14:13:35+00:00\",\"dateModified\":\"2026-01-15T14:16:32+00:00\",\"breadcrumb\":{\"@id\":\"https:\/\/guidly.fr\/guidly-x-gerald\/#breadcrumb\"},\"inLanguage\":\"en-GB\",\"potentialAction\":[{\"@type\":\"ReadAction\",\"target\":[\"https:\/\/guidly.fr\/guidly-x-gerald\/\"]}]},{\"@type\":\"BreadcrumbList\",\"@id\":\"https:\/\/guidly.fr\/guidly-x-gerald\/#breadcrumb\",\"itemListElement\":[{\"@type\":\"ListItem\",\"position\":1,\"name\":\"Accueil\",\"item\":\"https:\/\/guidly.fr\/\"},{\"@type\":\"ListItem\",\"position\":2,\"name\":\"Guidly X Gerald\"}]},{\"@type\":\"WebSite\",\"@id\":\"https:\/\/guidly.fr\/#website\",\"url\":\"https:\/\/guidly.fr\/\",\"name\":\"GUIDLY\",\"description\":\"D\u00e9couvre le monde, une anecdote \u00e0 la fois\",\"publisher\":{\"@id\":\"https:\/\/guidly.fr\/#organization\"},\"alternateName\":\"guidly\",\"potentialAction\":[{\"@type\":\"SearchAction\",\"target\":{\"@type\":\"EntryPoint\",\"urlTemplate\":\"https:\/\/guidly.fr\/?s={search_term_string}\"},\"query-input\":{\"@type\":\"PropertyValueSpecification\",\"valueRequired\":true,\"valueName\":\"search_term_string\"}}],\"inLanguage\":\"en-GB\"},{\"@type\":\"Organization\",\"@id\":\"https:\/\/guidly.fr\/#organization\",\"name\":\"GUIDLY\",\"url\":\"https:\/\/guidly.fr\/\",\"logo\":{\"@type\":\"ImageObject\",\"inLanguage\":\"en-GB\",\"@id\":\"https:\/\/guidly.fr\/#\/schema\/logo\/image\/\",\"url\":\"https:\/\/guidly.fr\/wp-content\/uploads\/2025\/04\/Logo-512-x-512-px-2.png\",\"contentUrl\":\"https:\/\/guidly.fr\/wp-content\/uploads\/2025\/04\/Logo-512-x-512-px-2.png\",\"width\":512,\"height\":512,\"caption\":\"GUIDLY\"},\"image\":{\"@id\":\"https:\/\/guidly.fr\/#\/schema\/logo\/image\/\"},\"sameAs\":[\"https:\/\/x.com\/guidly_app\",\"https:\/\/www.instagram.com\/guidly_app\/\",\"https:\/\/www.tiktok.com\/@guidly_app\"]}]}<\/script>\n<!-- \/ Yoast SEO plugin. -->","yoast_head_json":{"title":"Guidly X Gerald - Guidly","robots":{"index":"noindex","follow":"nofollow"},"og_locale":"en_GB","og_type":"article","og_title":"Guidly X Gerald - Guidly","og_description":"C&rsquo;est une page uniquement destin\u00e9 aux reservations de G\u00e9rald, g\u00e9rald en Am\u00e9rique ! PASS 24 H 2,54\u20ac Au lieu de 2,99\u20ac Acheter mon pass PASS 72 H 5,94\u20ac Au lieu de 8,97\u20ac Acheter mon pass PASS 1 SEMAINE 11,04\u20ac Au lieu de 20,93\u20ac Acheter mon pass PASS 2 SEMAINES 20,40\u20ac Au lieu de 41,86\u20ac Acheter [&hellip;]","og_url":"https:\/\/guidly.fr\/en\/guidly-x-gerald\/","og_site_name":"Guidly","article_modified_time":"2026-01-15T14:16:32+00:00","og_image":[{"width":512,"height":512,"url":"https:\/\/guidly.fr\/wp-content\/uploads\/2025\/04\/cropped-cropped-cropped-Logo-512-x-512-px-2-1.png","type":"image\/png"}],"twitter_card":"summary_large_image","twitter_site":"@guidly_app","twitter_misc":{"Estimated reading time":"1 minute"},"schema":{"@context":"https:\/\/schema.org","@graph":[{"@type":"WebPage","@id":"https:\/\/guidly.fr\/guidly-x-gerald\/","url":"https:\/\/guidly.fr\/guidly-x-gerald\/","name":"Guidly X Gerald - Guidly","isPartOf":{"@id":"https:\/\/guidly.fr\/#website"},"datePublished":"2026-01-15T14:13:35+00:00","dateModified":"2026-01-15T14:16:32+00:00","breadcrumb":{"@id":"https:\/\/guidly.fr\/guidly-x-gerald\/#breadcrumb"},"inLanguage":"en-GB","potentialAction":[{"@type":"ReadAction","target":["https:\/\/guidly.fr\/guidly-x-gerald\/"]}]},{"@type":"BreadcrumbList","@id":"https:\/\/guidly.fr\/guidly-x-gerald\/#breadcrumb","itemListElement":[{"@type":"ListItem","position":1,"name":"Accueil","item":"https:\/\/guidly.fr\/"},{"@type":"ListItem","position":2,"name":"Guidly X Gerald"}]},{"@type":"WebSite","@id":"https:\/\/guidly.fr\/#website","url":"https:\/\/guidly.fr\/","name":"GUIDLY","description":"Discover the world, one anecdote at a time","publisher":{"@id":"https:\/\/guidly.fr\/#organization"},"alternateName":"guidly","potentialAction":[{"@type":"SearchAction","target":{"@type":"EntryPoint","urlTemplate":"https:\/\/guidly.fr\/?s={search_term_string}"},"query-input":{"@type":"PropertyValueSpecification","valueRequired":true,"valueName":"search_term_string"}}],"inLanguage":"en-GB"},{"@type":"Organization","@id":"https:\/\/guidly.fr\/#organization","name":"GUIDLY","url":"https:\/\/guidly.fr\/","logo":{"@type":"ImageObject","inLanguage":"en-GB","@id":"https:\/\/guidly.fr\/#\/schema\/logo\/image\/","url":"https:\/\/guidly.fr\/wp-content\/uploads\/2025\/04\/Logo-512-x-512-px-2.png","contentUrl":"https:\/\/guidly.fr\/wp-content\/uploads\/2025\/04\/Logo-512-x-512-px-2.png","width":512,"height":512,"caption":"GUIDLY"},"image":{"@id":"https:\/\/guidly.fr\/#\/schema\/logo\/image\/"},"sameAs":["https:\/\/x.com\/guidly_app","https:\/\/www.instagram.com\/guidly_app\/","https:\/\/www.tiktok.com\/@guidly_app"]}]}},"_links":{"self":[{"href":"https:\/\/guidly.fr\/en\/wp-json\/wp\/v2\/pages\/7604","targetHints":{"allow":["GET"]}}],"collection":[{"href":"https:\/\/guidly.fr\/en\/wp-json\/wp\/v2\/pages"}],"about":[{"href":"https:\/\/guidly.fr\/en\/wp-json\/wp\/v2\/types\/page"}],"author":[{"embeddable":true,"href":"https:\/\/guidly.fr\/en\/wp-json\/wp\/v2\/users\/1"}],"replies":[{"embeddable":true,"href":"https:\/\/guidly.fr\/en\/wp-json\/wp\/v2\/comments?post=7604"}],"version-history":[{"count":7,"href":"https:\/\/guidly.fr\/en\/wp-json\/wp\/v2\/pages\/7604\/revisions"}],"predecessor-version":[{"id":7611,"href":"https:\/\/guidly.fr\/en\/wp-json\/wp\/v2\/pages\/7604\/revisions\/7611"}],"wp:attachment":[{"href":"https:\/\/guidly.fr\/en\/wp-json\/wp\/v2\/media?parent=7604"}],"curies":[{"name":"wp","href":"https:\/\/api.w.org\/{rel}","templated":true}]}}