{"id":7662,"date":"2026-01-21T14:42:24","date_gmt":"2026-01-21T14:42:24","guid":{"rendered":"https:\/\/guidly.fr\/?page_id=7662"},"modified":"2026-01-21T14:46:16","modified_gmt":"2026-01-21T14:46:16","slug":"conditions-generales-de-vente-b2b","status":"publish","type":"page","link":"https:\/\/guidly.fr\/en\/conditions-generales-de-vente-b2b\/","title":{"rendered":"General terms and conditions of B2B sale"},"content":{"rendered":"<div data-elementor-type=\"wp-page\" data-elementor-id=\"7662\" class=\"elementor elementor-7662\">\n\t\t\t\t<div class=\"elementor-element elementor-element-2d06bd6 e-flex e-con-boxed e-con e-parent\" data-id=\"2d06bd6\" data-element_type=\"container\" data-e-type=\"container\">\n\t\t\t\t\t<div class=\"e-con-inner\">\n\t\t\t\t<div class=\"elementor-element elementor-element-3492ea5 elementor-widget elementor-widget-text-editor\" data-id=\"3492ea5\" data-element_type=\"widget\" data-e-type=\"widget\" data-widget_type=\"text-editor.default\">\n\t\t\t\t\t\t\t\t\t<h2><b>General Terms and Conditions of Sale B2B \u2013 GUIDLY<\/b><\/h2><h2><b>1. Company identification<\/b><\/h2><p><span style=\"font-weight: 400;\">This sales contract is concluded between:<\/span><\/p><p><b>Guidly<\/b><\/p><p><span style=\"font-weight: 400;\">Company: Guidly SAS<\/span><span style=\"font-weight: 400;\"><br \/><\/span><span style=\"font-weight: 400;\">Legal form: SAS<\/span><span style=\"font-weight: 400;\"><br \/><\/span><span style=\"font-weight: 400;\">Registered office address: 60 rue Fran\u00e7ois 1er, 75008 Paris<\/span><span style=\"font-weight: 400;\"><br \/><\/span><span style=\"font-weight: 400;\">SIRET number: <\/span><span style=\"font-weight: 400;\">937 786 903 00016<\/span><span style=\"font-weight: 400;\"><br \/><\/span><span style=\"font-weight: 400;\">Email: kenza.yahiaoui@guidly.fr<\/span><\/p><p><b>Business customer<\/b><\/p><p><span style=\"font-weight: 400;\">Any natural or legal person having the status of professional and wishing to acquire access codes to the Guidly application for commercial use, including redistribution to their own end customers (B2B2C).<\/span><\/p><p><b>B2B2C Precision<\/b><b><br \/><\/b><span style=\"font-weight: 400;\">The business client remains responsible for the use of the codes by their end customers. Guidly is not responsible for the uses made by end customers.<\/span><\/p><h2><b>2. Purpose<\/b><\/h2><p><span style=\"font-weight: 400;\">These General Terms and Conditions of Sale define the terms under which Guidly provides access codes to its mobile application. <\/span><b>Guidly<\/b><span style=\"font-weight: 400;\"> with professional clients.<\/span><\/p><p><span style=\"font-weight: 400;\">These codes allow the business client to:<\/span><\/p><ul><li style=\"font-weight: 400;\" aria-level=\"1\"><span style=\"font-weight: 400;\">To distribute these codes to its own end customers so that they can use the Guidly application and benefit from all of its features, as described in the application&#039;s Terms and Conditions.<\/span><\/li><li style=\"font-weight: 400;\" aria-level=\"1\"><span style=\"font-weight: 400;\">To manage the distribution and activation of codes for professional and commercial use (B2B2C).<\/span><\/li><li style=\"font-weight: 400;\" aria-level=\"1\"><span style=\"font-weight: 400;\">To use the codes in accordance with the restrictions and obligations defined in these Terms and Conditions.<\/span><\/li><\/ul><p><span style=\"font-weight: 400;\">The purpose of these General Terms and Conditions is therefore to govern the provision of the codes, the use of the application by end users, and the contractual relationship between Guidly and any professional client acquiring these codes.<\/span><\/p><h2><b>3. Access and licensing<\/b><\/h2><p><b>Subject of the license<\/b><b><br \/><\/b><span style=\"font-weight: 400;\">The business customer receives access codes to the Guidly application for their end users, for professional and commercial use. All codes provide access to all application features, as defined in Guidly&#039;s Terms of Service.<\/span><\/p><p><b>Offline use<\/b><span style=\"font-weight: 400;\"> The Guidly app requires an active internet connection to function properly. It cannot be used offline.<\/span><\/p><p><b>Geographic availability<\/b><span style=\"font-weight: 400;\"> : <br \/>The application relies on Google Maps services. <br \/>Therefore, it may not work or may be inaccessible in some countries where Google Maps is not available, including:<\/span><\/p><p><span style=\"font-weight: 400;\">China, <\/span><span style=\"font-weight: 400;\">North Korea, <\/span><span style=\"font-weight: 400;\">Iran, <\/span><span style=\"font-weight: 400;\">Syria,<\/span><span style=\"font-weight: 400;\">Vietnam and <\/span><span style=\"font-weight: 400;\">Cuba<\/span><\/p><p><span style=\"font-weight: 400;\">In these countries, the application may not function correctly or some features may be limited.<\/span><\/p><p><b>Professional client responsibility<\/b><span style=\"font-weight: 400;\"> : <br \/>It is the responsibility of the business customer to ensure that their end users have an internet connection and are located in a country where Google Maps works in order to use the Guidly application correctly.<\/span><\/p><p><b>Duration and validity of codes<br \/><\/b>Access codes do not have an automatic expiry date, except in the event of a violation of the Terms and Conditions or Terms of Service.<\/p><p><span style=\"font-weight: 400;\">Access activated by a code remains valid for the period defined when the code was issued.<\/span><\/p><p><span style=\"font-weight: 400;\">No automatic renewal is planned.<\/span><\/p><p><b>Sublicense<\/b><\/p><p><span style=\"font-weight: 400;\">The professional client is authorized to transmit these codes to its own end customers (B2B2C) only within the framework defined by this contract.<\/span><span style=\"font-weight: 400;\"><br \/><\/span><span style=\"font-weight: 400;\">Any unauthorized redistribution or resale outside of this framework is prohibited and constitutes a violation of the license.<\/span><\/p><p><b>Usage restrictions<\/b><\/p><p><span style=\"font-weight: 400;\">It is forbidden to copy, modify, distribute or create a competing service from the Guidly application.<\/span><span style=\"font-weight: 400;\"><br \/><\/span><span style=\"font-weight: 400;\">Access codes are personal and non-transferable outside the professional client \u2192 end client relationship.<\/span><\/p><p><b>Support and activation<\/b><\/p><p><span style=\"font-weight: 400;\">Guidly provides access codes to the professional client by email or via a dedicated space.<\/span><\/p><p><span style=\"font-weight: 400;\">Technical support is provided only to the business customer, who remains responsible for managing the codes with their end users.<\/span><\/p><h2><b>4. Prices and payment<\/b><\/h2><p><b>Prices<\/b><\/p><p><span style=\"font-weight: 400;\">The applicable rates are those in effect at the time of the order and indicated on the quote or order page.<\/span><span style=\"font-weight: 400;\"><br \/><\/span><span style=\"font-weight: 400;\">Prices can be expressed per code, per pack of codes or per day of access, depending on the offer subscribed to.<\/span><span style=\"font-weight: 400;\"><br \/><\/span><span style=\"font-weight: 400;\">All prices are quoted excluding tax. The applicable VAT will be added according to the legislation in force at the time of invoicing.<\/span><\/p><p><b>Payment methods and issuance of codes<\/b><\/p><p data-path-to-node=\"4,0\">Payment for your purchases is made upon order confirmation using the following payment methods: <b data-path-to-node=\"4,0\" data-index-in-node=\"146\">bank card<\/b> (Visa, MasterCard, American Express) or <b data-path-to-node=\"4,0\" data-index-in-node=\"201\">bank transfer<\/b>.<\/p><p data-path-to-node=\"4,1\">To ensure the security of your transactions, payments are processed via the secure platform. <b data-path-to-node=\"4,1\" data-index-in-node=\"105\">Stripe<\/b>. Your bank details never pass through our servers.<\/p><p><b>Late payment<\/b><\/p><p><span style=\"font-weight: 400;\">Access codes are issued <\/span><b>only after receipt of full payment<\/b><span style=\"font-weight: 400;\">.<\/span><span style=\"font-weight: 400;\"><br \/><\/span><span style=\"font-weight: 400;\">Until payment has been received, no late payment or penalty can be applied.<\/span><\/p><p><b>No automatic refund<\/b><\/p><p><span style=\"font-weight: 400;\">In accordance with the provisions relating to digital content services, the access codes sold by Guidly do not give rise to <b data-path-to-node=\"4\" data-index-in-node=\"180\">no monetary refund<\/b> as soon as the service is made available. A single exception is allowed in the event of <b data-path-to-node=\"4\" data-index-in-node=\"299\">proven technical failure<\/b> of the application, completely preventing its use and which cannot be resolved by our technical support within a reasonable timeframe.<br \/><br \/><\/span><\/p><p data-path-to-node=\"5\"><b data-path-to-node=\"5\" data-index-in-node=\"0\">Special case of trip cancellation (Commercial credit note)<\/b><\/p><p data-path-to-node=\"5\">Although we do not offer refunds, Guidly provides a flexible solution in case your clients&#039; trips are cancelled:<\/p><ul data-path-to-node=\"6\"><li><p data-path-to-node=\"6,0,0\"><b data-path-to-node=\"6,0,0\" data-index-in-node=\"0\">Terms :<\/b> Cancellation must be notified to Guidly before any activation or actual use of the access code. Any code that has been partially accessed is considered used and no credit will be issued.<\/p><\/li><li><p data-path-to-node=\"6,1,0\"><b data-path-to-node=\"6,1,0\" data-index-in-node=\"0\">Procedure :<\/b> Upon notification, the initial code is deactivated. <b data-path-to-node=\"6,1,0\" data-index-in-node=\"64\">have a validity of one (1) year<\/b> is then issued for the benefit of the professional client.<\/p><\/li><li><p data-path-to-node=\"6,2,0\"><b data-path-to-node=\"6,2,0\" data-index-in-node=\"0\">Use :<\/b> This credit allows you to generate one or more new access codes of equivalent value, usable on other services or future trips.<\/p><\/li><\/ul><h2><b>5. Responsibilities<\/b><\/h2><p><b>Guidly&#039;s responsibility<\/b><\/p><p><span style=\"font-weight: 400;\">Guidly is committed to ensuring that the application remains functional and accessible at all times.<\/span><span style=\"font-weight: 400;\"><br \/><\/span><span style=\"font-weight: 400;\">Guidly cannot be held responsible for any damage resulting from temporary unavailability due to these external causes.<\/span><\/p><p><b>Professional client responsibility<\/b><\/p><p><span style=\"font-weight: 400;\">The business customer is solely responsible for the distribution and use of the codes by their end customers.<br \/><\/span><span style=\"font-weight: 400;\">End users accept the Terms of Service directly when downloading the application from the Play Store or the App Store.<br \/><\/span>The professional client undertakes to inform its end users of these Terms and Conditions and to handle any complaints from its end users.<\/p><p><span style=\"font-weight: 400;\"><br \/><b data-path-to-node=\"6,2,0\" data-index-in-node=\"0\">Commercial risk and cancellation:<\/b> <br \/>The business client alone assumes the risks associated with the cancellation or modification of their end clients&#039; stays. It is their responsibility to obtain coverage through their own cancellation insurance or to pass on these costs in their terms and conditions of sale. Guidly cannot be held liable for the non-use of a code by an end client for reasons beyond Guidly&#039;s technical control.<br \/><\/span><\/p><p><b>Limitation of liability<\/b><\/p><p><span style=\"font-weight: 400;\">Guidly&#039;s liability is limited to the amount paid by the professional client for the codes in question.<\/span><span style=\"font-weight: 400;\"><br \/><\/span><span style=\"font-weight: 400;\">Guidly shall in no event be liable for indirect damages, loss of revenue or loss of data suffered by the professional client or its end users.<\/span><\/p><h2><b>6. Intellectual Property<\/b><\/h2><p><b>Ownership<\/b><\/p><p><span style=\"font-weight: 400;\">The entire Guidly application, including the source code, design, databases and all functionalities, remains the exclusive property of Guidly.<\/span><\/p><p><span style=\"font-weight: 400;\">No ownership rights are transferred to the business customer or their end customers simply by acquiring access codes.<\/span><\/p><p><b>License to use<\/b><b><\/b><\/p><p><span style=\"font-weight: 400;\">The business client receives a <\/span><b>limited, non-exclusive and non-transferable license<\/b><span style=\"font-weight: 400;\"> to allow its end customers to use the Guidly application via access codes.<\/span><\/p><p><span style=\"font-weight: 400;\">This license <\/span><b>does not grant any right to modify, copy, distribute or create a competing service<\/b><span style=\"font-weight: 400;\">, unless expressly stated otherwise in these Terms and Conditions.<\/span><\/p><p><b>Content generated by Guidly<\/b><b><\/b><\/p><p><span style=\"font-weight: 400;\">The content automatically generated by Guidly can be reused by the business client and its end users. <\/span><b>only if a clear mention of Guidly is made<\/b><span style=\"font-weight: 400;\">.<\/span><\/p><p><span style=\"font-weight: 400;\">It is forbidden to resell, redistribute or exploit this content outside of the defined scope of use.<\/span><\/p><p><b>Protection of rights<\/b><b><\/b><\/p><p><span style=\"font-weight: 400;\">The professional client agrees not to circumvent, copy, decompile or reproduce all or part of the application.<\/span><\/p><p><span style=\"font-weight: 400;\">Any violation of these rights may result in the immediate suspension of access codes and legal action by Guidly.<\/span><\/p><p><b>Sub-licensing to end users<\/b><b><\/b><\/p><p><span style=\"font-weight: 400;\">The license only allows sub-licensing to end customers within the strict framework of the use defined in these Terms and Conditions.<\/span><\/p><p><span style=\"font-weight: 400;\">Any unauthorized redistribution or misuse is prohibited.<\/span><\/p><h2><b>7. Data and confidentiality<\/b><\/h2><p><b>Guidly&#039;s responsibility<\/b><b><\/b><\/p><p><span style=\"font-weight: 400;\">Guidly ensures the security and availability of application-related data, notably through its cloud infrastructure.<\/span><\/p><p><span style=\"font-weight: 400;\">Any collection or use of end-user personal data is governed by the Terms of Service and the application&#039;s privacy policy.<\/span><\/p><p><b>Professional client responsibility<\/b><b><\/b><\/p><p><span style=\"font-weight: 400;\">The business client is responsible for distributing the codes and communicating with its end users.<\/span><\/p><p><span style=\"font-weight: 400;\">Guidly cannot be held responsible for misuse of the codes or non-compliance with the Terms of Service by end users.<\/span><\/p><p><b>Sharing of anonymized data<\/b><b><\/b><\/p><p><span style=\"font-weight: 400;\">Guidly may use or share anonymized or aggregated data for statistical purposes or to improve the application.<\/span><span style=\"font-weight: 400;\"><br \/><\/span><span style=\"font-weight: 400;\">No personally identifiable information about end users is shared with third parties.<\/span><\/p><h2><b>8. Termination<\/b><\/h2><p><b>Cancellation by Guidly<\/b><b><\/b><\/p><p><span style=\"font-weight: 400;\">Guidly reserves the right to terminate the contract and suspend access to access codes in the event of:<\/span><\/p><ul><li style=\"font-weight: 400;\" aria-level=\"1\"><span style=\"font-weight: 400;\">non-payment by the business customer,<\/span><\/li><li style=\"font-weight: 400;\" aria-level=\"1\"><span style=\"font-weight: 400;\">violation of these Terms and Conditions,<\/span><\/li><li style=\"font-weight: 400;\" aria-level=\"1\"><span style=\"font-weight: 400;\">fraudulent or misuse of access codes.<\/span><\/li><\/ul><p><b>Termination by the business customer<\/b><b><\/b><\/p><p><span style=\"font-weight: 400;\">The business customer can terminate the contract at any time, without this resulting in a refund for codes already issued and activated.<\/span><\/p><p><b>Effects of termination<\/b><b><\/b><\/p><p><span style=\"font-weight: 400;\">Codes already activated by end users remain valid until their expiry or the end of the defined period, except in the event of a violation of the Terms and Conditions.<\/span><\/p><p><b>Unactivated codes become immediately invalid.<\/b><span style=\"font-weight: 400;\"> and will no longer be usable.<\/span><\/p><p><span style=\"font-weight: 400;\">The business customer remains responsible for the end users who have already received activated codes and their use of them.<\/span><\/p><h2><b>9. Force majeure<\/b><\/h2><p><b>Definition<\/b><b><\/b><\/p><p><span style=\"font-weight: 400;\">Events beyond Guidly&#039;s control that are unforeseeable, irresistible and independent of its will are considered force majeure, such as: natural disasters, fire, flood, strike, failure of cloud infrastructure (e.g. AWS), major Internet outage, act of terrorism or other similar event.<\/span><\/p><p><b>Effects<\/b><b><\/b><\/p><p><span style=\"font-weight: 400;\">In the event of force majeure, Guidly cannot be held responsible for any delay or temporary inability to provide access to codes or the service.<\/span><\/p><p><span style=\"font-weight: 400;\">Guidly will do everything possible to restore service as soon as possible.<\/span><\/p><p><b>Extended duration<\/b><b><\/b><\/p><p><span style=\"font-weight: 400;\">If the force majeure continues beyond 30 days, each party may terminate the contract without entitling itself to compensation, subject to obligations already due.<\/span><\/p><h2><b>10. Applicable Law and Jurisdiction<\/b><\/h2><p><b>Applicable law<\/b><b><\/b><\/p><p><span style=\"font-weight: 400;\">These Terms and Conditions are governed by French law.<\/span><\/p><p><b>Disputes<\/b><b><\/b><\/p><p><span style=\"font-weight: 400;\">The parties agree to attempt to resolve any dispute amicably before taking any legal action.<\/span><\/p><p><span style=\"font-weight: 400;\">In the absence of an amicable agreement, disputes may be submitted to the competent courts within the jurisdiction of Guidly&#039;s head office.<\/span><\/p>\t\t\t\t\t\t\t\t<\/div>\n\t\t\t\t\t<\/div>\n\t\t\t\t<\/div>\n\t\t\t\t<\/div>","protected":false},"excerpt":{"rendered":"<p>Conditions G\u00e9n\u00e9rales de Ventes B2B &#8211; GUIDLY 1. Identification de la soci\u00e9t\u00e9 Le pr\u00e9sent contrat de vente est conclu entre : Guidly Soci\u00e9t\u00e9 : Guidly SAS Forme juridique : SAS Adresse du si\u00e8ge social 60 rue fran\u00e7ois 1er, 75008 Paris Num\u00e9ro SIRET : 937 786 903 00016 Email : kenza.yahiaoui@guidly.fr Client professionnel Toute personne physique [&hellip;]<\/p>\n","protected":false},"author":1,"featured_media":0,"parent":0,"menu_order":0,"comment_status":"closed","ping_status":"closed","template":"","meta":{"footnotes":""},"class_list":["post-7662","page","type-page","status-publish","hentry","entry"],"yoast_head":"<!-- This site is optimized with the Yoast SEO plugin v27.2 - https:\/\/yoast.com\/product\/yoast-seo-wordpress\/ -->\n<title>Conditions g\u00e9n\u00e9rales de vente B2B - Guidly<\/title>\n<meta name=\"robots\" content=\"index, follow, max-snippet:-1, max-image-preview:large, max-video-preview:-1\" \/>\n<link rel=\"canonical\" href=\"https:\/\/guidly.fr\/en\/conditions-generales-de-vente-b2b\/\" \/>\n<meta property=\"og:locale\" content=\"en_GB\" \/>\n<meta property=\"og:type\" content=\"article\" \/>\n<meta property=\"og:title\" content=\"Conditions g\u00e9n\u00e9rales de vente B2B - Guidly\" \/>\n<meta property=\"og:description\" content=\"Conditions G\u00e9n\u00e9rales de Ventes B2B &#8211; GUIDLY 1. Identification de la soci\u00e9t\u00e9 Le pr\u00e9sent contrat de vente est conclu entre : Guidly Soci\u00e9t\u00e9 : Guidly SAS Forme juridique : SAS Adresse du si\u00e8ge social 60 rue fran\u00e7ois 1er, 75008 Paris Num\u00e9ro SIRET : 937 786 903 00016 Email : kenza.yahiaoui@guidly.fr Client professionnel Toute personne physique [&hellip;]\" \/>\n<meta property=\"og:url\" content=\"https:\/\/guidly.fr\/en\/conditions-generales-de-vente-b2b\/\" \/>\n<meta property=\"og:site_name\" content=\"Guidly\" \/>\n<meta property=\"article:modified_time\" content=\"2026-01-21T14:46:16+00:00\" \/>\n<meta property=\"og:image\" content=\"https:\/\/guidly.fr\/wp-content\/uploads\/2025\/04\/cropped-cropped-cropped-Logo-512-x-512-px-2-1.png\" \/>\n\t<meta property=\"og:image:width\" content=\"512\" \/>\n\t<meta property=\"og:image:height\" content=\"512\" \/>\n\t<meta property=\"og:image:type\" content=\"image\/png\" \/>\n<meta name=\"twitter:card\" content=\"summary_large_image\" \/>\n<meta name=\"twitter:site\" content=\"@guidly_app\" \/>\n<meta name=\"twitter:label1\" content=\"Estimated reading time\" \/>\n\t<meta name=\"twitter:data1\" content=\"10 minutes\" \/>\n<script type=\"application\/ld+json\" class=\"yoast-schema-graph\">{\"@context\":\"https:\/\/schema.org\",\"@graph\":[{\"@type\":\"WebPage\",\"@id\":\"https:\/\/guidly.fr\/conditions-generales-de-vente-b2b\/\",\"url\":\"https:\/\/guidly.fr\/conditions-generales-de-vente-b2b\/\",\"name\":\"Conditions g\u00e9n\u00e9rales de vente B2B - Guidly\",\"isPartOf\":{\"@id\":\"https:\/\/guidly.fr\/#website\"},\"datePublished\":\"2026-01-21T14:42:24+00:00\",\"dateModified\":\"2026-01-21T14:46:16+00:00\",\"breadcrumb\":{\"@id\":\"https:\/\/guidly.fr\/conditions-generales-de-vente-b2b\/#breadcrumb\"},\"inLanguage\":\"en-GB\",\"potentialAction\":[{\"@type\":\"ReadAction\",\"target\":[\"https:\/\/guidly.fr\/conditions-generales-de-vente-b2b\/\"]}]},{\"@type\":\"BreadcrumbList\",\"@id\":\"https:\/\/guidly.fr\/conditions-generales-de-vente-b2b\/#breadcrumb\",\"itemListElement\":[{\"@type\":\"ListItem\",\"position\":1,\"name\":\"Accueil\",\"item\":\"https:\/\/guidly.fr\/\"},{\"@type\":\"ListItem\",\"position\":2,\"name\":\"Conditions g\u00e9n\u00e9rales de vente B2B\"}]},{\"@type\":\"WebSite\",\"@id\":\"https:\/\/guidly.fr\/#website\",\"url\":\"https:\/\/guidly.fr\/\",\"name\":\"GUIDLY\",\"description\":\"D\u00e9couvre le monde, une anecdote \u00e0 la fois\",\"publisher\":{\"@id\":\"https:\/\/guidly.fr\/#organization\"},\"alternateName\":\"guidly\",\"potentialAction\":[{\"@type\":\"SearchAction\",\"target\":{\"@type\":\"EntryPoint\",\"urlTemplate\":\"https:\/\/guidly.fr\/?s={search_term_string}\"},\"query-input\":{\"@type\":\"PropertyValueSpecification\",\"valueRequired\":true,\"valueName\":\"search_term_string\"}}],\"inLanguage\":\"en-GB\"},{\"@type\":\"Organization\",\"@id\":\"https:\/\/guidly.fr\/#organization\",\"name\":\"GUIDLY\",\"url\":\"https:\/\/guidly.fr\/\",\"logo\":{\"@type\":\"ImageObject\",\"inLanguage\":\"en-GB\",\"@id\":\"https:\/\/guidly.fr\/#\/schema\/logo\/image\/\",\"url\":\"https:\/\/guidly.fr\/wp-content\/uploads\/2025\/04\/Logo-512-x-512-px-2.png\",\"contentUrl\":\"https:\/\/guidly.fr\/wp-content\/uploads\/2025\/04\/Logo-512-x-512-px-2.png\",\"width\":512,\"height\":512,\"caption\":\"GUIDLY\"},\"image\":{\"@id\":\"https:\/\/guidly.fr\/#\/schema\/logo\/image\/\"},\"sameAs\":[\"https:\/\/x.com\/guidly_app\",\"https:\/\/www.instagram.com\/guidly_app\/\",\"https:\/\/www.tiktok.com\/@guidly_app\"]}]}<\/script>\n<!-- \/ Yoast SEO plugin. -->","yoast_head_json":{"title":"General terms and conditions of sale B2B - Guidly","robots":{"index":"index","follow":"follow","max-snippet":"max-snippet:-1","max-image-preview":"max-image-preview:large","max-video-preview":"max-video-preview:-1"},"canonical":"https:\/\/guidly.fr\/en\/conditions-generales-de-vente-b2b\/","og_locale":"en_GB","og_type":"article","og_title":"Conditions g\u00e9n\u00e9rales de vente B2B - Guidly","og_description":"Conditions G\u00e9n\u00e9rales de Ventes B2B &#8211; GUIDLY 1. Identification de la soci\u00e9t\u00e9 Le pr\u00e9sent contrat de vente est conclu entre : Guidly Soci\u00e9t\u00e9 : Guidly SAS Forme juridique : SAS Adresse du si\u00e8ge social 60 rue fran\u00e7ois 1er, 75008 Paris Num\u00e9ro SIRET : 937 786 903 00016 Email : kenza.yahiaoui@guidly.fr Client professionnel Toute personne physique [&hellip;]","og_url":"https:\/\/guidly.fr\/en\/conditions-generales-de-vente-b2b\/","og_site_name":"Guidly","article_modified_time":"2026-01-21T14:46:16+00:00","og_image":[{"width":512,"height":512,"url":"https:\/\/guidly.fr\/wp-content\/uploads\/2025\/04\/cropped-cropped-cropped-Logo-512-x-512-px-2-1.png","type":"image\/png"}],"twitter_card":"summary_large_image","twitter_site":"@guidly_app","twitter_misc":{"Estimated reading time":"10 minutes"},"schema":{"@context":"https:\/\/schema.org","@graph":[{"@type":"WebPage","@id":"https:\/\/guidly.fr\/conditions-generales-de-vente-b2b\/","url":"https:\/\/guidly.fr\/conditions-generales-de-vente-b2b\/","name":"General terms and conditions of sale B2B - Guidly","isPartOf":{"@id":"https:\/\/guidly.fr\/#website"},"datePublished":"2026-01-21T14:42:24+00:00","dateModified":"2026-01-21T14:46:16+00:00","breadcrumb":{"@id":"https:\/\/guidly.fr\/conditions-generales-de-vente-b2b\/#breadcrumb"},"inLanguage":"en-GB","potentialAction":[{"@type":"ReadAction","target":["https:\/\/guidly.fr\/conditions-generales-de-vente-b2b\/"]}]},{"@type":"BreadcrumbList","@id":"https:\/\/guidly.fr\/conditions-generales-de-vente-b2b\/#breadcrumb","itemListElement":[{"@type":"ListItem","position":1,"name":"Accueil","item":"https:\/\/guidly.fr\/"},{"@type":"ListItem","position":2,"name":"Conditions g\u00e9n\u00e9rales de vente B2B"}]},{"@type":"WebSite","@id":"https:\/\/guidly.fr\/#website","url":"https:\/\/guidly.fr\/","name":"GUIDLY","description":"Discover the world, one anecdote at a time","publisher":{"@id":"https:\/\/guidly.fr\/#organization"},"alternateName":"guidly","potentialAction":[{"@type":"SearchAction","target":{"@type":"EntryPoint","urlTemplate":"https:\/\/guidly.fr\/?s={search_term_string}"},"query-input":{"@type":"PropertyValueSpecification","valueRequired":true,"valueName":"search_term_string"}}],"inLanguage":"en-GB"},{"@type":"Organization","@id":"https:\/\/guidly.fr\/#organization","name":"GUIDLY","url":"https:\/\/guidly.fr\/","logo":{"@type":"ImageObject","inLanguage":"en-GB","@id":"https:\/\/guidly.fr\/#\/schema\/logo\/image\/","url":"https:\/\/guidly.fr\/wp-content\/uploads\/2025\/04\/Logo-512-x-512-px-2.png","contentUrl":"https:\/\/guidly.fr\/wp-content\/uploads\/2025\/04\/Logo-512-x-512-px-2.png","width":512,"height":512,"caption":"GUIDLY"},"image":{"@id":"https:\/\/guidly.fr\/#\/schema\/logo\/image\/"},"sameAs":["https:\/\/x.com\/guidly_app","https:\/\/www.instagram.com\/guidly_app\/","https:\/\/www.tiktok.com\/@guidly_app"]}]}},"_links":{"self":[{"href":"https:\/\/guidly.fr\/en\/wp-json\/wp\/v2\/pages\/7662","targetHints":{"allow":["GET"]}}],"collection":[{"href":"https:\/\/guidly.fr\/en\/wp-json\/wp\/v2\/pages"}],"about":[{"href":"https:\/\/guidly.fr\/en\/wp-json\/wp\/v2\/types\/page"}],"author":[{"embeddable":true,"href":"https:\/\/guidly.fr\/en\/wp-json\/wp\/v2\/users\/1"}],"replies":[{"embeddable":true,"href":"https:\/\/guidly.fr\/en\/wp-json\/wp\/v2\/comments?post=7662"}],"version-history":[{"count":4,"href":"https:\/\/guidly.fr\/en\/wp-json\/wp\/v2\/pages\/7662\/revisions"}],"predecessor-version":[{"id":7670,"href":"https:\/\/guidly.fr\/en\/wp-json\/wp\/v2\/pages\/7662\/revisions\/7670"}],"wp:attachment":[{"href":"https:\/\/guidly.fr\/en\/wp-json\/wp\/v2\/media?parent=7662"}],"curies":[{"name":"wp","href":"https:\/\/api.w.org\/{rel}","templated":true}]}}